{"id":4379,"date":"2021-11-16T23:32:40","date_gmt":"2021-11-16T23:32:40","guid":{"rendered":"https:\/\/atmosferasmuebles.com\/tienda\/?post_type=product&#038;p=4379"},"modified":"2025-08-20T21:17:32","modified_gmt":"2025-08-20T21:17:32","slug":"otoman-breeze","status":"publish","type":"product","link":"https:\/\/atmosferasmuebles.com\/tienda\/producto\/otoman-breeze\/","title":{"rendered":"Otoman Breeze"},"content":{"rendered":"<p>Otoman Breeze solo levanta las piernas, rel\u00e1jate y disfruta del verano y del sol.<br \/>\nFabricado con materiales reciclables de una alta calidad garantizando larga vida \u00fatil con un m\u00ednimo mantenimiento y limpieza.<\/p>\n<p>Es el complemento ideal de la silla de respaldo alto Breeze o tambi\u00e9n puedes utilizarlo con los sillones de esta colecci\u00f3n.<\/p>\n","protected":false},"excerpt":{"rendered":"<p>Otoman Breeze con un dise\u00f1o moderno y atemporal con m\u00faltiples posibilidades de uso, se puede utilizar como reposapi\u00e9s o como asiento adicional para tus invitados.<\/p>\n<p>Est\u00e1 fabricado con materiales resistentes a la intemperie dise\u00f1ados para permanecer afuera durante todo el a\u00f1o. Solo requiere un mantenimiento y limpieza m\u00ednimos.<\/p>\n<p>Otoman Breeze es el complemento perfecto de la silla de respaldo alto Breeze.<\/p>\n","protected":false},"featured_media":4383,"comment_status":"open","ping_status":"closed","template":"","meta":{"_joinchat":[]},"product_brand":[],"product_cat":[278,19,290,23,17,98],"product_tag":[],"accesorios":[],"coleccion":[292],"espacios":[],"marca":[219],"material":[231,230,233],"class_list":{"0":"post-4379","1":"product","2":"type-product","3":"status-publish","4":"has-post-thumbnail","6":"product_cat-cane-line","7":"product_cat-cinta-o-tela-para-exterior","8":"product_cat-coleccion-breeze","9":"product_cat-metal","10":"product_cat-muebles-de-exterior","11":"product_cat-salas","12":"coleccion-breeze","13":"marca-cane-line","14":"material-acero","15":"material-mimbre","16":"material-textil","17":"sales-flash-overlay","18":"woocommerce-text-align-center","19":"woocommerce-image-align-center","20":"wc-has-gallery","22":"first","23":"instock","24":"shipping-taxable","25":"purchasable","26":"product-type-variable"},"_links":{"self":[{"href":"https:\/\/atmosferasmuebles.com\/tienda\/wp-json\/wp\/v2\/product\/4379","targetHints":{"allow":["GET"]}}],"collection":[{"href":"https:\/\/atmosferasmuebles.com\/tienda\/wp-json\/wp\/v2\/product"}],"about":[{"href":"https:\/\/atmosferasmuebles.com\/tienda\/wp-json\/wp\/v2\/types\/product"}],"replies":[{"embeddable":true,"href":"https:\/\/atmosferasmuebles.com\/tienda\/wp-json\/wp\/v2\/comments?post=4379"}],"version-history":[{"count":1,"href":"https:\/\/atmosferasmuebles.com\/tienda\/wp-json\/wp\/v2\/product\/4379\/revisions"}],"predecessor-version":[{"id":4389,"href":"https:\/\/atmosferasmuebles.com\/tienda\/wp-json\/wp\/v2\/product\/4379\/revisions\/4389"}],"wp:featuredmedia":[{"embeddable":true,"href":"https:\/\/atmosferasmuebles.com\/tienda\/wp-json\/wp\/v2\/media\/4383"}],"wp:attachment":[{"href":"https:\/\/atmosferasmuebles.com\/tienda\/wp-json\/wp\/v2\/media?parent=4379"}],"wp:term":[{"taxonomy":"product_brand","embeddable":true,"href":"https:\/\/atmosferasmuebles.com\/tienda\/wp-json\/wp\/v2\/product_brand?post=4379"},{"taxonomy":"product_cat","embeddable":true,"href":"https:\/\/atmosferasmuebles.com\/tienda\/wp-json\/wp\/v2\/product_cat?post=4379"},{"taxonomy":"product_tag","embeddable":true,"href":"https:\/\/atmosferasmuebles.com\/tienda\/wp-json\/wp\/v2\/product_tag?post=4379"},{"taxonomy":"accesorios","embeddable":true,"href":"https:\/\/atmosferasmuebles.com\/tienda\/wp-json\/wp\/v2\/accesorios?post=4379"},{"taxonomy":"coleccion","embeddable":true,"href":"https:\/\/atmosferasmuebles.com\/tienda\/wp-json\/wp\/v2\/coleccion?post=4379"},{"taxonomy":"espacios","embeddable":true,"href":"https:\/\/atmosferasmuebles.com\/tienda\/wp-json\/wp\/v2\/espacios?post=4379"},{"taxonomy":"marca","embeddable":true,"href":"https:\/\/atmosferasmuebles.com\/tienda\/wp-json\/wp\/v2\/marca?post=4379"},{"taxonomy":"material","embeddable":true,"href":"https:\/\/atmosferasmuebles.com\/tienda\/wp-json\/wp\/v2\/material?post=4379"}],"curies":[{"name":"wp","href":"https:\/\/api.w.org\/{rel}","templated":true}]}}