{"id":4234,"date":"2021-11-16T20:54:27","date_gmt":"2021-11-16T20:54:27","guid":{"rendered":"https:\/\/atmosferasmuebles.com\/tienda\/?post_type=product&#038;p=4234"},"modified":"2025-08-20T21:17:28","modified_gmt":"2025-08-20T21:17:28","slug":"l","status":"publish","type":"product","link":"https:\/\/atmosferasmuebles.com\/tienda\/producto\/l\/","title":{"rendered":"Loveseat Breeze"},"content":{"rendered":"<p>Loveseat Breeze pueden estar al aire libre todo el a\u00f1o, fabricado con materiales reciclables de una alta calidad garantizando larga vida \u00fatil con un m\u00ednimo mantenimiento y limpieza.<\/p>\n<p>Complementa tu sill\u00f3n con los cojines confeccionado en tejido Natt\u00e9 ultrasuave y c\u00f3modo, adem\u00e1s de las otras opciones que encontraras en la colecci\u00f3n Breeze.<\/p>\n","protected":false},"excerpt":{"rendered":"<p>Loveseat Breeze con un dise\u00f1o atemporal y moderno. El sof\u00e1 para dos personas es extremadamente c\u00f3modo y te invita a relajarte en el jard\u00edn.<\/p>\n<p>Fabricado con Cane-line Weave\u00ae, lo que significa que no se decolora y se puede dejar al aire libre todo el a\u00f1o con un mantenimiento y limpieza m\u00ednima.<\/p>\n<p>Al sill\u00f3n se le puede a\u00f1adir cojines resistentes al exterior, disponibles en 6 colores distintos.<\/p>\n<p>Complementa tu espacio con los dem\u00e1s elementos de la colecci\u00f3n Breeze.<\/p>\n","protected":false},"featured_media":4262,"comment_status":"open","ping_status":"closed","template":"","meta":{"_joinchat":[]},"product_brand":[],"product_cat":[278,290,23,63,17,98],"product_tag":[],"accesorios":[],"coleccion":[292],"espacios":[209],"marca":[219],"material":[231,230,233],"class_list":{"0":"post-4234","1":"product","2":"type-product","3":"status-publish","4":"has-post-thumbnail","6":"product_cat-cane-line","7":"product_cat-coleccion-breeze","8":"product_cat-metal","9":"product_cat-mimbre-intemperie","10":"product_cat-muebles-de-exterior","11":"product_cat-salas","12":"coleccion-breeze","13":"espacios-salas","14":"marca-cane-line","15":"material-acero","16":"material-mimbre","17":"material-textil","18":"sales-flash-overlay","19":"woocommerce-text-align-center","20":"woocommerce-image-align-center","21":"wc-has-gallery","23":"first","24":"instock","25":"shipping-taxable","26":"purchasable","27":"product-type-variable"},"_links":{"self":[{"href":"https:\/\/atmosferasmuebles.com\/tienda\/wp-json\/wp\/v2\/product\/4234","targetHints":{"allow":["GET"]}}],"collection":[{"href":"https:\/\/atmosferasmuebles.com\/tienda\/wp-json\/wp\/v2\/product"}],"about":[{"href":"https:\/\/atmosferasmuebles.com\/tienda\/wp-json\/wp\/v2\/types\/product"}],"replies":[{"embeddable":true,"href":"https:\/\/atmosferasmuebles.com\/tienda\/wp-json\/wp\/v2\/comments?post=4234"}],"version-history":[{"count":1,"href":"https:\/\/atmosferasmuebles.com\/tienda\/wp-json\/wp\/v2\/product\/4234\/revisions"}],"predecessor-version":[{"id":4280,"href":"https:\/\/atmosferasmuebles.com\/tienda\/wp-json\/wp\/v2\/product\/4234\/revisions\/4280"}],"wp:featuredmedia":[{"embeddable":true,"href":"https:\/\/atmosferasmuebles.com\/tienda\/wp-json\/wp\/v2\/media\/4262"}],"wp:attachment":[{"href":"https:\/\/atmosferasmuebles.com\/tienda\/wp-json\/wp\/v2\/media?parent=4234"}],"wp:term":[{"taxonomy":"product_brand","embeddable":true,"href":"https:\/\/atmosferasmuebles.com\/tienda\/wp-json\/wp\/v2\/product_brand?post=4234"},{"taxonomy":"product_cat","embeddable":true,"href":"https:\/\/atmosferasmuebles.com\/tienda\/wp-json\/wp\/v2\/product_cat?post=4234"},{"taxonomy":"product_tag","embeddable":true,"href":"https:\/\/atmosferasmuebles.com\/tienda\/wp-json\/wp\/v2\/product_tag?post=4234"},{"taxonomy":"accesorios","embeddable":true,"href":"https:\/\/atmosferasmuebles.com\/tienda\/wp-json\/wp\/v2\/accesorios?post=4234"},{"taxonomy":"coleccion","embeddable":true,"href":"https:\/\/atmosferasmuebles.com\/tienda\/wp-json\/wp\/v2\/coleccion?post=4234"},{"taxonomy":"espacios","embeddable":true,"href":"https:\/\/atmosferasmuebles.com\/tienda\/wp-json\/wp\/v2\/espacios?post=4234"},{"taxonomy":"marca","embeddable":true,"href":"https:\/\/atmosferasmuebles.com\/tienda\/wp-json\/wp\/v2\/marca?post=4234"},{"taxonomy":"material","embeddable":true,"href":"https:\/\/atmosferasmuebles.com\/tienda\/wp-json\/wp\/v2\/material?post=4234"}],"curies":[{"name":"wp","href":"https:\/\/api.w.org\/{rel}","templated":true}]}}