{"id":4205,"date":"2021-11-16T20:02:03","date_gmt":"2021-11-16T20:02:03","guid":{"rendered":"https:\/\/atmosferasmuebles.com\/tienda\/?post_type=product&#038;p=4205"},"modified":"2026-01-25T03:35:04","modified_gmt":"2026-01-25T03:35:04","slug":"mesa-rectangular-endless","status":"publish","type":"product","link":"https:\/\/atmosferasmuebles.com\/tienda\/producto\/mesa-rectangular-endless\/","title":{"rendered":"Mesa Rectangular Endless"},"content":{"rendered":"<p>Mesa Rectangular dise\u00f1adas por Foersom &amp; Hiort-Lorenzen MDD.<br \/>\nLa mesa est\u00e1 hecha de hileras de madera maciza teca que brindan un aspecto s\u00f3lido y refinado.<\/p>\n<p>La teca es una madera rica en aceite, ideal para uso en exteriores. La madera adquiere una p\u00e1tina gris plateada natural con el tiempo. Sin embargo, tambi\u00e9n puede conservar su brillo natural mediante la aplicaci\u00f3n de aceite de teca.<\/p>\n<p>Para preservar el color de la teca \u00fanico original y mantener la fina madera de teca, recomendamos utilizar productos recomendados para preservar el agradable y c\u00e1lido color marr\u00f3n dorado de sus muebles de teca.<\/p>\n","protected":false},"excerpt":{"rendered":"<p>Mesa Rectangular Endless su dise\u00f1o es atemporal con la calidez de la madera de teca, lo que garantiza una mesa duradera y cl\u00e1sica que permite adaptarse a diferentes necesidades.<\/p>\n<p>Est\u00e1 fabricada en teca certificada, proporcionando un aspecto natural y una mesa duradera con bajo mantenimiento y larga vida.<\/p>\n","protected":false},"featured_media":4208,"comment_status":"open","ping_status":"closed","template":"","meta":{"_joinchat":[]},"product_brand":[],"product_cat":[278,61,40,26,17],"product_tag":[],"accesorios":[],"coleccion":[],"espacios":[210],"marca":[219],"material":[228],"class_list":{"0":"post-4205","1":"product","2":"type-product","3":"status-publish","4":"has-post-thumbnail","6":"product_cat-cane-line","7":"product_cat-comedor","8":"product_cat-madera","9":"product_cat-mesas","10":"product_cat-muebles-de-exterior","11":"espacios-comedores","12":"marca-cane-line","13":"material-madera","14":"sales-flash-overlay","15":"woocommerce-text-align-center","16":"woocommerce-image-align-center","17":"wc-has-gallery","19":"first","20":"instock","21":"shipping-taxable","22":"purchasable","23":"product-type-simple"},"_links":{"self":[{"href":"https:\/\/atmosferasmuebles.com\/tienda\/wp-json\/wp\/v2\/product\/4205","targetHints":{"allow":["GET"]}}],"collection":[{"href":"https:\/\/atmosferasmuebles.com\/tienda\/wp-json\/wp\/v2\/product"}],"about":[{"href":"https:\/\/atmosferasmuebles.com\/tienda\/wp-json\/wp\/v2\/types\/product"}],"replies":[{"embeddable":true,"href":"https:\/\/atmosferasmuebles.com\/tienda\/wp-json\/wp\/v2\/comments?post=4205"}],"version-history":[{"count":1,"href":"https:\/\/atmosferasmuebles.com\/tienda\/wp-json\/wp\/v2\/product\/4205\/revisions"}],"predecessor-version":[{"id":4209,"href":"https:\/\/atmosferasmuebles.com\/tienda\/wp-json\/wp\/v2\/product\/4205\/revisions\/4209"}],"wp:featuredmedia":[{"embeddable":true,"href":"https:\/\/atmosferasmuebles.com\/tienda\/wp-json\/wp\/v2\/media\/4208"}],"wp:attachment":[{"href":"https:\/\/atmosferasmuebles.com\/tienda\/wp-json\/wp\/v2\/media?parent=4205"}],"wp:term":[{"taxonomy":"product_brand","embeddable":true,"href":"https:\/\/atmosferasmuebles.com\/tienda\/wp-json\/wp\/v2\/product_brand?post=4205"},{"taxonomy":"product_cat","embeddable":true,"href":"https:\/\/atmosferasmuebles.com\/tienda\/wp-json\/wp\/v2\/product_cat?post=4205"},{"taxonomy":"product_tag","embeddable":true,"href":"https:\/\/atmosferasmuebles.com\/tienda\/wp-json\/wp\/v2\/product_tag?post=4205"},{"taxonomy":"accesorios","embeddable":true,"href":"https:\/\/atmosferasmuebles.com\/tienda\/wp-json\/wp\/v2\/accesorios?post=4205"},{"taxonomy":"coleccion","embeddable":true,"href":"https:\/\/atmosferasmuebles.com\/tienda\/wp-json\/wp\/v2\/coleccion?post=4205"},{"taxonomy":"espacios","embeddable":true,"href":"https:\/\/atmosferasmuebles.com\/tienda\/wp-json\/wp\/v2\/espacios?post=4205"},{"taxonomy":"marca","embeddable":true,"href":"https:\/\/atmosferasmuebles.com\/tienda\/wp-json\/wp\/v2\/marca?post=4205"},{"taxonomy":"material","embeddable":true,"href":"https:\/\/atmosferasmuebles.com\/tienda\/wp-json\/wp\/v2\/material?post=4205"}],"curies":[{"name":"wp","href":"https:\/\/api.w.org\/{rel}","templated":true}]}}