{"id":4181,"date":"2021-11-16T19:57:14","date_gmt":"2021-11-16T19:57:14","guid":{"rendered":"https:\/\/atmosferasmuebles.com\/tienda\/?post_type=product&#038;p=4181"},"modified":"2025-08-20T21:17:25","modified_gmt":"2025-08-20T21:17:25","slug":"silla-peacock","status":"publish","type":"product","link":"https:\/\/atmosferasmuebles.com\/tienda\/producto\/silla-peacock\/","title":{"rendered":"Silla Peacock"},"content":{"rendered":"<p>Silla Peacock dise\u00f1ada por Foersom &amp; Hiort-Lorenzen MDD.<\/p>\n<p>Peacock est\u00e1 disponible en dos materiales duraderos. Ya sea Cane-line Weave\u00ae o Cane-line Soft Rope, lo que hace que Peacock sea ideal para uso en exteriores.<\/p>\n","protected":false},"excerpt":{"rendered":"<p>Silla Peacock hermosa y de gran comodidad, con dise\u00f1o moderno e ideal para tus espacios al exterior.<\/p>\n<p>Fabricada en materiales de alta resistencia que le da larga vida \u00fatil adem\u00e1s de requerir de m\u00ednimo mantenimiento y limpieza.<\/p>\n<p>Tejido resistente a la humedad y al agua, ideal para uso en exteriores en cualquier clima, ya que es resistente a la temperatura y a los rayos UV.<\/p>\n","protected":false},"featured_media":4198,"comment_status":"open","ping_status":"closed","template":"","meta":{"_joinchat":[]},"product_brand":[],"product_cat":[278,19,279,61,23,63,17,98,60,69],"product_tag":[],"accesorios":[],"coleccion":[282],"espacios":[210,209],"marca":[219],"material":[230,233],"class_list":{"0":"post-4181","1":"product","2":"type-product","3":"status-publish","4":"has-post-thumbnail","6":"product_cat-cane-line","7":"product_cat-cinta-o-tela-para-exterior","8":"product_cat-coleccion-peacock","9":"product_cat-comedor","10":"product_cat-metal","11":"product_cat-mimbre-intemperie","12":"product_cat-muebles-de-exterior","13":"product_cat-salas","14":"product_cat-sillas","15":"product_cat-tela-para-exterior","16":"coleccion-peacock","17":"espacios-comedores","18":"espacios-salas","19":"marca-cane-line","20":"material-mimbre","21":"material-textil","22":"sales-flash-overlay","23":"woocommerce-text-align-center","24":"woocommerce-image-align-center","25":"wc-has-gallery","27":"first","28":"instock","29":"shipping-taxable","30":"purchasable","31":"product-type-variable"},"_links":{"self":[{"href":"https:\/\/atmosferasmuebles.com\/tienda\/wp-json\/wp\/v2\/product\/4181","targetHints":{"allow":["GET"]}}],"collection":[{"href":"https:\/\/atmosferasmuebles.com\/tienda\/wp-json\/wp\/v2\/product"}],"about":[{"href":"https:\/\/atmosferasmuebles.com\/tienda\/wp-json\/wp\/v2\/types\/product"}],"replies":[{"embeddable":true,"href":"https:\/\/atmosferasmuebles.com\/tienda\/wp-json\/wp\/v2\/comments?post=4181"}],"version-history":[{"count":1,"href":"https:\/\/atmosferasmuebles.com\/tienda\/wp-json\/wp\/v2\/product\/4181\/revisions"}],"predecessor-version":[{"id":4204,"href":"https:\/\/atmosferasmuebles.com\/tienda\/wp-json\/wp\/v2\/product\/4181\/revisions\/4204"}],"wp:featuredmedia":[{"embeddable":true,"href":"https:\/\/atmosferasmuebles.com\/tienda\/wp-json\/wp\/v2\/media\/4198"}],"wp:attachment":[{"href":"https:\/\/atmosferasmuebles.com\/tienda\/wp-json\/wp\/v2\/media?parent=4181"}],"wp:term":[{"taxonomy":"product_brand","embeddable":true,"href":"https:\/\/atmosferasmuebles.com\/tienda\/wp-json\/wp\/v2\/product_brand?post=4181"},{"taxonomy":"product_cat","embeddable":true,"href":"https:\/\/atmosferasmuebles.com\/tienda\/wp-json\/wp\/v2\/product_cat?post=4181"},{"taxonomy":"product_tag","embeddable":true,"href":"https:\/\/atmosferasmuebles.com\/tienda\/wp-json\/wp\/v2\/product_tag?post=4181"},{"taxonomy":"accesorios","embeddable":true,"href":"https:\/\/atmosferasmuebles.com\/tienda\/wp-json\/wp\/v2\/accesorios?post=4181"},{"taxonomy":"coleccion","embeddable":true,"href":"https:\/\/atmosferasmuebles.com\/tienda\/wp-json\/wp\/v2\/coleccion?post=4181"},{"taxonomy":"espacios","embeddable":true,"href":"https:\/\/atmosferasmuebles.com\/tienda\/wp-json\/wp\/v2\/espacios?post=4181"},{"taxonomy":"marca","embeddable":true,"href":"https:\/\/atmosferasmuebles.com\/tienda\/wp-json\/wp\/v2\/marca?post=4181"},{"taxonomy":"material","embeddable":true,"href":"https:\/\/atmosferasmuebles.com\/tienda\/wp-json\/wp\/v2\/material?post=4181"}],"curies":[{"name":"wp","href":"https:\/\/api.w.org\/{rel}","templated":true}]}}