{"id":4172,"date":"2021-11-16T19:36:02","date_gmt":"2021-11-16T19:36:02","guid":{"rendered":"https:\/\/atmosferasmuebles.com\/tienda\/?post_type=product&#038;p=4172"},"modified":"2026-01-25T03:35:05","modified_gmt":"2026-01-25T03:35:05","slug":"reposapies-peacock","status":"publish","type":"product","link":"https:\/\/atmosferasmuebles.com\/tienda\/producto\/reposapies-peacock\/","title":{"rendered":"Reposapi\u00e9s Peacock"},"content":{"rendered":"<p>Reposapi\u00e9s Peacock dise\u00f1ado por Foersom &amp; Hiort-Lorenzen MDD.<\/p>\n<p>Peacock est\u00e1 disponible en dos materiales duraderos. Ya sea Cane-line Weave\u00ae o Cane-line Soft Rope, lo que hace que Peacock sea ideal para uso en exteriores.<\/p>\n","protected":false},"excerpt":{"rendered":"<p>Peacock footstool, puede ser un reposapi\u00e9s o mesa de centro.<br \/>\nDe dise\u00f1o elegante con un aspecto c\u00e1lido, fabricado en materiales resistentes que la dan una larga vida \u00fatil con m\u00ednimo mantenimiento y limpieza.<\/p>\n<p>Ideal para uso en exteriores en cualquier clima, ya que es resistente a la temperatura y a los rayos UV.<\/p>\n","protected":false},"featured_media":4178,"comment_status":"open","ping_status":"closed","template":"","meta":{"_joinchat":[]},"product_brand":[],"product_cat":[278,19,279,40,63,17,1642,98],"product_tag":[],"accesorios":[],"coleccion":[282],"espacios":[209],"marca":[219],"material":[228,230,233],"class_list":{"0":"post-4172","1":"product","2":"type-product","3":"status-publish","4":"has-post-thumbnail","6":"product_cat-cane-line","7":"product_cat-cinta-o-tela-para-exterior","8":"product_cat-coleccion-peacock","9":"product_cat-madera","10":"product_cat-mimbre-intemperie","11":"product_cat-muebles-de-exterior","12":"product_cat-reposapies","13":"product_cat-salas","14":"coleccion-peacock","15":"espacios-salas","16":"marca-cane-line","17":"material-madera","18":"material-mimbre","19":"material-textil","20":"sales-flash-overlay","21":"woocommerce-text-align-center","22":"woocommerce-image-align-center","23":"wc-has-gallery","25":"first","26":"instock","27":"shipping-taxable","28":"purchasable","29":"product-type-variable"},"_links":{"self":[{"href":"https:\/\/atmosferasmuebles.com\/tienda\/wp-json\/wp\/v2\/product\/4172","targetHints":{"allow":["GET"]}}],"collection":[{"href":"https:\/\/atmosferasmuebles.com\/tienda\/wp-json\/wp\/v2\/product"}],"about":[{"href":"https:\/\/atmosferasmuebles.com\/tienda\/wp-json\/wp\/v2\/types\/product"}],"replies":[{"embeddable":true,"href":"https:\/\/atmosferasmuebles.com\/tienda\/wp-json\/wp\/v2\/comments?post=4172"}],"version-history":[{"count":1,"href":"https:\/\/atmosferasmuebles.com\/tienda\/wp-json\/wp\/v2\/product\/4172\/revisions"}],"predecessor-version":[{"id":4179,"href":"https:\/\/atmosferasmuebles.com\/tienda\/wp-json\/wp\/v2\/product\/4172\/revisions\/4179"}],"wp:featuredmedia":[{"embeddable":true,"href":"https:\/\/atmosferasmuebles.com\/tienda\/wp-json\/wp\/v2\/media\/4178"}],"wp:attachment":[{"href":"https:\/\/atmosferasmuebles.com\/tienda\/wp-json\/wp\/v2\/media?parent=4172"}],"wp:term":[{"taxonomy":"product_brand","embeddable":true,"href":"https:\/\/atmosferasmuebles.com\/tienda\/wp-json\/wp\/v2\/product_brand?post=4172"},{"taxonomy":"product_cat","embeddable":true,"href":"https:\/\/atmosferasmuebles.com\/tienda\/wp-json\/wp\/v2\/product_cat?post=4172"},{"taxonomy":"product_tag","embeddable":true,"href":"https:\/\/atmosferasmuebles.com\/tienda\/wp-json\/wp\/v2\/product_tag?post=4172"},{"taxonomy":"accesorios","embeddable":true,"href":"https:\/\/atmosferasmuebles.com\/tienda\/wp-json\/wp\/v2\/accesorios?post=4172"},{"taxonomy":"coleccion","embeddable":true,"href":"https:\/\/atmosferasmuebles.com\/tienda\/wp-json\/wp\/v2\/coleccion?post=4172"},{"taxonomy":"espacios","embeddable":true,"href":"https:\/\/atmosferasmuebles.com\/tienda\/wp-json\/wp\/v2\/espacios?post=4172"},{"taxonomy":"marca","embeddable":true,"href":"https:\/\/atmosferasmuebles.com\/tienda\/wp-json\/wp\/v2\/marca?post=4172"},{"taxonomy":"material","embeddable":true,"href":"https:\/\/atmosferasmuebles.com\/tienda\/wp-json\/wp\/v2\/material?post=4172"}],"curies":[{"name":"wp","href":"https:\/\/api.w.org\/{rel}","templated":true}]}}