{"id":4107,"date":"2021-11-04T00:09:02","date_gmt":"2021-11-04T00:09:02","guid":{"rendered":"https:\/\/atmosferasmuebles.com\/tienda\/?post_type=product&#038;p=4107"},"modified":"2026-01-18T22:25:57","modified_gmt":"2026-01-18T22:25:57","slug":"mesa-lateral-nautla","status":"publish","type":"product","link":"https:\/\/atmosferasmuebles.com\/tienda\/producto\/mesa-lateral-nautla\/","title":{"rendered":"Mesa lateral Nautla"},"content":{"rendered":"<p>Mesa lateral Nautla de aluminio color beige o gris fabricada en aluminio con pintura electroest\u00e1tica horneada. Ideal para combinar con la sala Nautla.<\/p>\n","protected":false},"excerpt":{"rendered":"<p>Mesa lateral Nautla de dise\u00f1o ligero y contempor\u00e1neo que ser\u00e1 adecuado a cualquier ambiente al exterior como jard\u00edn o terraza; es el complemento ideal de la sala Nautla.<\/p>\n<p>Cuenta con una garant\u00eda de 2 a\u00f1os para uso comercial.<\/p>\n","protected":false},"featured_media":4046,"comment_status":"open","ping_status":"closed","template":"","meta":{"_joinchat":[]},"product_brand":[],"product_cat":[275,274,26,23,17,273,878,98],"product_tag":[],"accesorios":[],"coleccion":[276],"espacios":[213,212,209],"marca":[277],"material":[232],"class_list":{"0":"post-4107","1":"product","2":"type-product","3":"status-publish","4":"has-post-thumbnail","6":"product_cat-atmosferas","7":"product_cat-coleccion-nautla","8":"product_cat-mesas","9":"product_cat-metal","10":"product_cat-muebles-de-exterior","11":"product_cat-nautla","12":"product_cat-ofertas","13":"product_cat-salas","14":"coleccion-nautla","15":"espacios-alberca","16":"espacios-jardin","17":"espacios-salas","18":"marca-atmosferas","19":"material-aluminio","20":"sales-flash-overlay","21":"woocommerce-text-align-center","22":"woocommerce-image-align-center","23":"wc-has-gallery","25":"first","26":"instock","27":"sale","28":"shipping-taxable","29":"purchasable","30":"product-type-variable"},"_links":{"self":[{"href":"https:\/\/atmosferasmuebles.com\/tienda\/wp-json\/wp\/v2\/product\/4107","targetHints":{"allow":["GET"]}}],"collection":[{"href":"https:\/\/atmosferasmuebles.com\/tienda\/wp-json\/wp\/v2\/product"}],"about":[{"href":"https:\/\/atmosferasmuebles.com\/tienda\/wp-json\/wp\/v2\/types\/product"}],"replies":[{"embeddable":true,"href":"https:\/\/atmosferasmuebles.com\/tienda\/wp-json\/wp\/v2\/comments?post=4107"}],"version-history":[{"count":1,"href":"https:\/\/atmosferasmuebles.com\/tienda\/wp-json\/wp\/v2\/product\/4107\/revisions"}],"predecessor-version":[{"id":4110,"href":"https:\/\/atmosferasmuebles.com\/tienda\/wp-json\/wp\/v2\/product\/4107\/revisions\/4110"}],"wp:featuredmedia":[{"embeddable":true,"href":"https:\/\/atmosferasmuebles.com\/tienda\/wp-json\/wp\/v2\/media\/4046"}],"wp:attachment":[{"href":"https:\/\/atmosferasmuebles.com\/tienda\/wp-json\/wp\/v2\/media?parent=4107"}],"wp:term":[{"taxonomy":"product_brand","embeddable":true,"href":"https:\/\/atmosferasmuebles.com\/tienda\/wp-json\/wp\/v2\/product_brand?post=4107"},{"taxonomy":"product_cat","embeddable":true,"href":"https:\/\/atmosferasmuebles.com\/tienda\/wp-json\/wp\/v2\/product_cat?post=4107"},{"taxonomy":"product_tag","embeddable":true,"href":"https:\/\/atmosferasmuebles.com\/tienda\/wp-json\/wp\/v2\/product_tag?post=4107"},{"taxonomy":"accesorios","embeddable":true,"href":"https:\/\/atmosferasmuebles.com\/tienda\/wp-json\/wp\/v2\/accesorios?post=4107"},{"taxonomy":"coleccion","embeddable":true,"href":"https:\/\/atmosferasmuebles.com\/tienda\/wp-json\/wp\/v2\/coleccion?post=4107"},{"taxonomy":"espacios","embeddable":true,"href":"https:\/\/atmosferasmuebles.com\/tienda\/wp-json\/wp\/v2\/espacios?post=4107"},{"taxonomy":"marca","embeddable":true,"href":"https:\/\/atmosferasmuebles.com\/tienda\/wp-json\/wp\/v2\/marca?post=4107"},{"taxonomy":"material","embeddable":true,"href":"https:\/\/atmosferasmuebles.com\/tienda\/wp-json\/wp\/v2\/material?post=4107"}],"curies":[{"name":"wp","href":"https:\/\/api.w.org\/{rel}","templated":true}]}}