{"id":4099,"date":"2021-11-03T20:48:57","date_gmt":"2021-11-03T20:48:57","guid":{"rendered":"https:\/\/atmosferasmuebles.com\/tienda\/?post_type=product&#038;p=4099"},"modified":"2026-01-18T22:25:57","modified_gmt":"2026-01-18T22:25:57","slug":"camastro-doble-nautla","status":"publish","type":"product","link":"https:\/\/atmosferasmuebles.com\/tienda\/producto\/camastro-doble-nautla\/","title":{"rendered":"Camastro Doble Nautla"},"content":{"rendered":"<p>Camastro doble Nautla color beige o gris fabricado en aluminio con pintura electroest\u00e1tica horneada y tejido de cinta para exterior.<br \/>\nCojines fabricados en tela sunbrella.<br \/>\nLa estructura cuenta con una garant\u00eda de 2 a\u00f1os para uso comercial.<\/p>\n","protected":false},"excerpt":{"rendered":"<p>Camastro doble Nautla un gran elemento para tu piscina.<\/p>\n<p>Fabricado con estructura de aluminio y recubierto de cinta disponible en 2 colores.<br \/>\nCuenta con la opci\u00f3n de personalizado donde podr\u00e1s seleccionar el color de la tela de los cojines a partir de un amplio cat\u00e1logo de opci\u00f3nes, cont\u00e1ctanos para m\u00e1s detalle.<\/p>\n<p>Cuenta con una garant\u00eda de 2 a\u00f1os para uso comercial.<\/p>\n","protected":false},"featured_media":4037,"comment_status":"open","ping_status":"closed","template":"","meta":{"_joinchat":[]},"product_brand":[],"product_cat":[275,19,274,23,17,273,69,18],"product_tag":[],"accesorios":[],"coleccion":[276],"espacios":[213,212],"marca":[277],"material":[232,233],"class_list":{"0":"post-4099","1":"product","2":"type-product","3":"status-publish","4":"has-post-thumbnail","6":"product_cat-atmosferas","7":"product_cat-cinta-o-tela-para-exterior","8":"product_cat-coleccion-nautla","9":"product_cat-metal","10":"product_cat-muebles-de-exterior","11":"product_cat-nautla","12":"product_cat-tela-para-exterior","13":"product_cat-tumbonas-y-camastros","14":"coleccion-nautla","15":"espacios-alberca","16":"espacios-jardin","17":"marca-atmosferas","18":"material-aluminio","19":"material-textil","20":"sales-flash-overlay","21":"woocommerce-text-align-center","22":"woocommerce-image-align-center","23":"wc-has-gallery","25":"first","26":"instock","27":"shipping-taxable","28":"purchasable","29":"product-type-variable"},"_links":{"self":[{"href":"https:\/\/atmosferasmuebles.com\/tienda\/wp-json\/wp\/v2\/product\/4099","targetHints":{"allow":["GET"]}}],"collection":[{"href":"https:\/\/atmosferasmuebles.com\/tienda\/wp-json\/wp\/v2\/product"}],"about":[{"href":"https:\/\/atmosferasmuebles.com\/tienda\/wp-json\/wp\/v2\/types\/product"}],"replies":[{"embeddable":true,"href":"https:\/\/atmosferasmuebles.com\/tienda\/wp-json\/wp\/v2\/comments?post=4099"}],"version-history":[{"count":1,"href":"https:\/\/atmosferasmuebles.com\/tienda\/wp-json\/wp\/v2\/product\/4099\/revisions"}],"predecessor-version":[{"id":4102,"href":"https:\/\/atmosferasmuebles.com\/tienda\/wp-json\/wp\/v2\/product\/4099\/revisions\/4102"}],"wp:featuredmedia":[{"embeddable":true,"href":"https:\/\/atmosferasmuebles.com\/tienda\/wp-json\/wp\/v2\/media\/4037"}],"wp:attachment":[{"href":"https:\/\/atmosferasmuebles.com\/tienda\/wp-json\/wp\/v2\/media?parent=4099"}],"wp:term":[{"taxonomy":"product_brand","embeddable":true,"href":"https:\/\/atmosferasmuebles.com\/tienda\/wp-json\/wp\/v2\/product_brand?post=4099"},{"taxonomy":"product_cat","embeddable":true,"href":"https:\/\/atmosferasmuebles.com\/tienda\/wp-json\/wp\/v2\/product_cat?post=4099"},{"taxonomy":"product_tag","embeddable":true,"href":"https:\/\/atmosferasmuebles.com\/tienda\/wp-json\/wp\/v2\/product_tag?post=4099"},{"taxonomy":"accesorios","embeddable":true,"href":"https:\/\/atmosferasmuebles.com\/tienda\/wp-json\/wp\/v2\/accesorios?post=4099"},{"taxonomy":"coleccion","embeddable":true,"href":"https:\/\/atmosferasmuebles.com\/tienda\/wp-json\/wp\/v2\/coleccion?post=4099"},{"taxonomy":"espacios","embeddable":true,"href":"https:\/\/atmosferasmuebles.com\/tienda\/wp-json\/wp\/v2\/espacios?post=4099"},{"taxonomy":"marca","embeddable":true,"href":"https:\/\/atmosferasmuebles.com\/tienda\/wp-json\/wp\/v2\/marca?post=4099"},{"taxonomy":"material","embeddable":true,"href":"https:\/\/atmosferasmuebles.com\/tienda\/wp-json\/wp\/v2\/material?post=4099"}],"curies":[{"name":"wp","href":"https:\/\/api.w.org\/{rel}","templated":true}]}}