{"id":406,"date":"2021-04-04T23:46:38","date_gmt":"2021-04-04T23:46:38","guid":{"rendered":"http:\/\/atmosferasmuebles.com\/tienda\/?post_type=product&#038;p=406"},"modified":"2026-01-25T03:35:20","modified_gmt":"2026-01-25T03:35:20","slug":"mesa-de-cafe-cuadrada-24%e2%80%b3-opal","status":"publish","type":"product","link":"https:\/\/atmosferasmuebles.com\/tienda\/producto\/mesa-de-cafe-cuadrada-24%e2%80%b3-opal\/","title":{"rendered":"Mesa de caf\u00e9 cuadrada 24\u2033 Opal"},"content":{"rendered":"<p>Mesa de caf\u00e9 cuadrada 24\u2033 Opal para exteriores fabricada con listones finos de Ipe en la parte superior combinados con un marco robusto de Ipe completo.<\/p>\n<p>Los sorprendentemente hermosos tonos marr\u00f3n chocolate de madera Ipe realzan cualquier decoraci\u00f3n con un estilo atemporal.<\/p>\n<p><strong>Encuentra los dem\u00e1s m\u00f3dulos de la colecci\u00f3n para completar el dise\u00f1o de tu espacio.<\/strong><\/p>\n","protected":false},"excerpt":{"rendered":"<p>Mesa de caf\u00e9 cuadrada 24\u2033 Opal para exteriores el complemento perfecto para tu sala de jard\u00edn.<\/p>\n<p>Hecho de madera Ipe una madera apreciada por su belleza y durabilidad en cualquier entorno.<\/p>\n","protected":false},"featured_media":410,"comment_status":"closed","ping_status":"closed","template":"","meta":{"_joinchat":[]},"product_brand":[],"product_cat":[88,41,40,26,17,98],"product_tag":[],"accesorios":[],"coleccion":[197],"espacios":[209],"marca":[216],"material":[228],"class_list":{"0":"post-406","1":"product","2":"type-product","3":"status-publish","4":"has-post-thumbnail","6":"product_cat-coleccion-opal","7":"product_cat-jensen-leisure","8":"product_cat-madera","9":"product_cat-mesas","10":"product_cat-muebles-de-exterior","11":"product_cat-salas","12":"coleccion-opal","13":"espacios-salas","14":"marca-jensen","15":"material-madera","16":"sales-flash-overlay","17":"woocommerce-text-align-center","18":"woocommerce-image-align-center","19":"wc-has-gallery","21":"first","22":"instock","23":"shipping-taxable","24":"purchasable","25":"product-type-simple"},"_links":{"self":[{"href":"https:\/\/atmosferasmuebles.com\/tienda\/wp-json\/wp\/v2\/product\/406","targetHints":{"allow":["GET"]}}],"collection":[{"href":"https:\/\/atmosferasmuebles.com\/tienda\/wp-json\/wp\/v2\/product"}],"about":[{"href":"https:\/\/atmosferasmuebles.com\/tienda\/wp-json\/wp\/v2\/types\/product"}],"replies":[{"embeddable":true,"href":"https:\/\/atmosferasmuebles.com\/tienda\/wp-json\/wp\/v2\/comments?post=406"}],"version-history":[{"count":1,"href":"https:\/\/atmosferasmuebles.com\/tienda\/wp-json\/wp\/v2\/product\/406\/revisions"}],"predecessor-version":[{"id":25245,"href":"https:\/\/atmosferasmuebles.com\/tienda\/wp-json\/wp\/v2\/product\/406\/revisions\/25245"}],"wp:featuredmedia":[{"embeddable":true,"href":"https:\/\/atmosferasmuebles.com\/tienda\/wp-json\/wp\/v2\/media\/410"}],"wp:attachment":[{"href":"https:\/\/atmosferasmuebles.com\/tienda\/wp-json\/wp\/v2\/media?parent=406"}],"wp:term":[{"taxonomy":"product_brand","embeddable":true,"href":"https:\/\/atmosferasmuebles.com\/tienda\/wp-json\/wp\/v2\/product_brand?post=406"},{"taxonomy":"product_cat","embeddable":true,"href":"https:\/\/atmosferasmuebles.com\/tienda\/wp-json\/wp\/v2\/product_cat?post=406"},{"taxonomy":"product_tag","embeddable":true,"href":"https:\/\/atmosferasmuebles.com\/tienda\/wp-json\/wp\/v2\/product_tag?post=406"},{"taxonomy":"accesorios","embeddable":true,"href":"https:\/\/atmosferasmuebles.com\/tienda\/wp-json\/wp\/v2\/accesorios?post=406"},{"taxonomy":"coleccion","embeddable":true,"href":"https:\/\/atmosferasmuebles.com\/tienda\/wp-json\/wp\/v2\/coleccion?post=406"},{"taxonomy":"espacios","embeddable":true,"href":"https:\/\/atmosferasmuebles.com\/tienda\/wp-json\/wp\/v2\/espacios?post=406"},{"taxonomy":"marca","embeddable":true,"href":"https:\/\/atmosferasmuebles.com\/tienda\/wp-json\/wp\/v2\/marca?post=406"},{"taxonomy":"material","embeddable":true,"href":"https:\/\/atmosferasmuebles.com\/tienda\/wp-json\/wp\/v2\/material?post=406"}],"curies":[{"name":"wp","href":"https:\/\/api.w.org\/{rel}","templated":true}]}}