{"id":383,"date":"2021-04-04T23:19:00","date_gmt":"2021-04-04T23:19:00","guid":{"rendered":"http:\/\/atmosferasmuebles.com\/tienda\/?post_type=product&#038;p=383"},"modified":"2026-01-25T03:35:21","modified_gmt":"2026-01-25T03:35:21","slug":"loveseat-laguna","status":"publish","type":"product","link":"https:\/\/atmosferasmuebles.com\/tienda\/producto\/loveseat-laguna\/","title":{"rendered":"Loveseat Laguna"},"content":{"rendered":"<p>Loveseat Laguna para exteriores re\u00fane artesan\u00eda, materiales y una est\u00e9tica orientada hacia el futuro que otorgar\u00e1 a\u00f1os de disfrute al aire libre.<\/p>\n<p>Fabricado en madera Ipe apreciada por su belleza y durabilidad en cualquier entorno. Incluye cojines personalizados con la tela Sunbrella\u00ae l\u00edder a nivel mundial y pioneros en la creaci\u00f3n de telas resistentes al agua, sol y lluvia.<\/p>\n<p>Su composici\u00f3n es 100% acr\u00edlica resistente al cambio de color y manchas.<\/p>\n<p><strong>Complementa tu espacio con los otros muebles de la colecci\u00f3n Laguna<\/strong><\/p>\n","protected":false},"excerpt":{"rendered":"<p>Loveseat Laguna para exteriores tiene un estilo moderno y sus asientos son profundos haci\u00e9ndolos muy confortables.<\/p>\n<p>Su estructura es de madera Ipe y se entrega con coj\u00edn personalizado porque podr\u00e1s seleccionarlo entre una variedad de telas y colores de la marca Sunbrella\u00ae l\u00edder a nivel mundial y pioneros en la creaci\u00f3n de telas resistentes al exterior.<\/p>\n<p>&nbsp;<\/p>\n<p><strong>Complementa tu espacio con los otros muebles de la colecci\u00f3n Laguna<\/strong><\/p>\n","protected":false},"featured_media":385,"comment_status":"closed","ping_status":"closed","template":"","meta":{"_joinchat":[]},"product_brand":[],"product_cat":[19,87,41,40,17,98,22],"product_tag":[],"accesorios":[],"coleccion":[199],"espacios":[209],"marca":[216],"material":[228,233],"class_list":{"0":"post-383","1":"product","2":"type-product","3":"status-publish","4":"has-post-thumbnail","6":"product_cat-cinta-o-tela-para-exterior","7":"product_cat-coleccion-laguna","8":"product_cat-jensen-leisure","9":"product_cat-madera","10":"product_cat-muebles-de-exterior","11":"product_cat-salas","12":"product_cat-sillones","13":"coleccion-laguna","14":"espacios-salas","15":"marca-jensen","16":"material-madera","17":"material-textil","18":"sales-flash-overlay","19":"woocommerce-text-align-center","20":"woocommerce-image-align-center","21":"wc-has-gallery","23":"first","24":"instock","25":"shipping-taxable","26":"purchasable","27":"product-type-simple"},"_links":{"self":[{"href":"https:\/\/atmosferasmuebles.com\/tienda\/wp-json\/wp\/v2\/product\/383","targetHints":{"allow":["GET"]}}],"collection":[{"href":"https:\/\/atmosferasmuebles.com\/tienda\/wp-json\/wp\/v2\/product"}],"about":[{"href":"https:\/\/atmosferasmuebles.com\/tienda\/wp-json\/wp\/v2\/types\/product"}],"replies":[{"embeddable":true,"href":"https:\/\/atmosferasmuebles.com\/tienda\/wp-json\/wp\/v2\/comments?post=383"}],"version-history":[{"count":1,"href":"https:\/\/atmosferasmuebles.com\/tienda\/wp-json\/wp\/v2\/product\/383\/revisions"}],"predecessor-version":[{"id":25249,"href":"https:\/\/atmosferasmuebles.com\/tienda\/wp-json\/wp\/v2\/product\/383\/revisions\/25249"}],"wp:featuredmedia":[{"embeddable":true,"href":"https:\/\/atmosferasmuebles.com\/tienda\/wp-json\/wp\/v2\/media\/385"}],"wp:attachment":[{"href":"https:\/\/atmosferasmuebles.com\/tienda\/wp-json\/wp\/v2\/media?parent=383"}],"wp:term":[{"taxonomy":"product_brand","embeddable":true,"href":"https:\/\/atmosferasmuebles.com\/tienda\/wp-json\/wp\/v2\/product_brand?post=383"},{"taxonomy":"product_cat","embeddable":true,"href":"https:\/\/atmosferasmuebles.com\/tienda\/wp-json\/wp\/v2\/product_cat?post=383"},{"taxonomy":"product_tag","embeddable":true,"href":"https:\/\/atmosferasmuebles.com\/tienda\/wp-json\/wp\/v2\/product_tag?post=383"},{"taxonomy":"accesorios","embeddable":true,"href":"https:\/\/atmosferasmuebles.com\/tienda\/wp-json\/wp\/v2\/accesorios?post=383"},{"taxonomy":"coleccion","embeddable":true,"href":"https:\/\/atmosferasmuebles.com\/tienda\/wp-json\/wp\/v2\/coleccion?post=383"},{"taxonomy":"espacios","embeddable":true,"href":"https:\/\/atmosferasmuebles.com\/tienda\/wp-json\/wp\/v2\/espacios?post=383"},{"taxonomy":"marca","embeddable":true,"href":"https:\/\/atmosferasmuebles.com\/tienda\/wp-json\/wp\/v2\/marca?post=383"},{"taxonomy":"material","embeddable":true,"href":"https:\/\/atmosferasmuebles.com\/tienda\/wp-json\/wp\/v2\/material?post=383"}],"curies":[{"name":"wp","href":"https:\/\/api.w.org\/{rel}","templated":true}]}}