{"id":38,"date":"2021-04-03T05:33:26","date_gmt":"2021-04-03T05:33:26","guid":{"rendered":"http:\/\/atmosferasmuebles.com\/tienda\/?post_type=product&#038;p=38"},"modified":"2026-01-30T03:27:07","modified_gmt":"2026-01-30T03:27:07","slug":"reposapies-ottoman-marine","status":"publish","type":"product","link":"https:\/\/atmosferasmuebles.com\/tienda\/producto\/reposapies-ottoman-marine\/","title":{"rendered":"Reposapi\u00e9s Ottoman Marine"},"content":{"rendered":"<p>El reposapi\u00e9s Ottoman MARINE est\u00e1 dise\u00f1ado para ofrecer confort y resistencia en ambientes exteriores como terrazas, jardines o zonas de alberca. Su estructura de aluminio lacado en color blanco lo hace ligero, anticorrosivo y f\u00e1cil de limpiar, ideal para uso residencial o comercial. Los cojines est\u00e1n tapizados en tela Olef\u00edn, disponible en blanco y gris claro, fabricada con hilo de polipropileno tintado en masa, lo que asegura una alta solidez del color ante la radiaci\u00f3n solar y excelente durabilidad. Este reposapi\u00e9s puede utilizarse como asiento adicional o extensi\u00f3n de los m\u00f3dulos Marine, permiti\u00e9ndote crear una sala exterior funcional y elegante. Complementa tu espacio con toda la l\u00ednea MARINE y eleva tu ambiente al siguiente nivel.<\/p>\n","protected":false},"excerpt":{"rendered":"<p>Reposapi\u00e9s MARINE de exterior con estructura de aluminio blanco y cojines en tela Olef\u00edn. Disponible en blanco y gris claro. Ideal para terrazas y jardines.<\/p>\n","protected":false},"featured_media":42,"comment_status":"closed","ping_status":"closed","template":"","meta":{"_joinchat":[]},"product_brand":[],"product_cat":[19,89,16,23,17,1625,1642,22],"product_tag":[136,137],"accesorios":[],"coleccion":[198],"espacios":[1466,211,209],"marca":[214],"material":[232,233],"class_list":{"0":"post-38","1":"product","2":"type-product","3":"status-publish","4":"has-post-thumbnail","6":"product_cat-cinta-o-tela-para-exterior","7":"product_cat-coleccion-marine","8":"product_cat-ezpeleta","9":"product_cat-metal","10":"product_cat-muebles-de-exterior","11":"product_cat-ottoman","12":"product_cat-reposapies","13":"product_cat-sillones","14":"product_tag-aluminio","15":"product_tag-textil-o-cinta","16":"coleccion-marine","17":"espacios-estancia","18":"espacios-recamaras","19":"espacios-salas","20":"marca-ezpeleta","21":"material-aluminio","22":"material-textil","23":"sales-flash-overlay","24":"woocommerce-text-align-center","25":"woocommerce-image-align-center","26":"wc-has-gallery","28":"first","29":"instock","30":"shipping-taxable","31":"purchasable","32":"product-type-variable"},"_links":{"self":[{"href":"https:\/\/atmosferasmuebles.com\/tienda\/wp-json\/wp\/v2\/product\/38","targetHints":{"allow":["GET"]}}],"collection":[{"href":"https:\/\/atmosferasmuebles.com\/tienda\/wp-json\/wp\/v2\/product"}],"about":[{"href":"https:\/\/atmosferasmuebles.com\/tienda\/wp-json\/wp\/v2\/types\/product"}],"replies":[{"embeddable":true,"href":"https:\/\/atmosferasmuebles.com\/tienda\/wp-json\/wp\/v2\/comments?post=38"}],"version-history":[{"count":2,"href":"https:\/\/atmosferasmuebles.com\/tienda\/wp-json\/wp\/v2\/product\/38\/revisions"}],"predecessor-version":[{"id":18172,"href":"https:\/\/atmosferasmuebles.com\/tienda\/wp-json\/wp\/v2\/product\/38\/revisions\/18172"}],"wp:featuredmedia":[{"embeddable":true,"href":"https:\/\/atmosferasmuebles.com\/tienda\/wp-json\/wp\/v2\/media\/42"}],"wp:attachment":[{"href":"https:\/\/atmosferasmuebles.com\/tienda\/wp-json\/wp\/v2\/media?parent=38"}],"wp:term":[{"taxonomy":"product_brand","embeddable":true,"href":"https:\/\/atmosferasmuebles.com\/tienda\/wp-json\/wp\/v2\/product_brand?post=38"},{"taxonomy":"product_cat","embeddable":true,"href":"https:\/\/atmosferasmuebles.com\/tienda\/wp-json\/wp\/v2\/product_cat?post=38"},{"taxonomy":"product_tag","embeddable":true,"href":"https:\/\/atmosferasmuebles.com\/tienda\/wp-json\/wp\/v2\/product_tag?post=38"},{"taxonomy":"accesorios","embeddable":true,"href":"https:\/\/atmosferasmuebles.com\/tienda\/wp-json\/wp\/v2\/accesorios?post=38"},{"taxonomy":"coleccion","embeddable":true,"href":"https:\/\/atmosferasmuebles.com\/tienda\/wp-json\/wp\/v2\/coleccion?post=38"},{"taxonomy":"espacios","embeddable":true,"href":"https:\/\/atmosferasmuebles.com\/tienda\/wp-json\/wp\/v2\/espacios?post=38"},{"taxonomy":"marca","embeddable":true,"href":"https:\/\/atmosferasmuebles.com\/tienda\/wp-json\/wp\/v2\/marca?post=38"},{"taxonomy":"material","embeddable":true,"href":"https:\/\/atmosferasmuebles.com\/tienda\/wp-json\/wp\/v2\/material?post=38"}],"curies":[{"name":"wp","href":"https:\/\/api.w.org\/{rel}","templated":true}]}}