{"id":3665,"date":"2021-09-29T14:40:12","date_gmt":"2021-09-29T14:40:12","guid":{"rendered":"https:\/\/atmosferasmuebles.com\/tienda\/?post_type=product&#038;p=3665"},"modified":"2026-01-26T05:52:08","modified_gmt":"2026-01-26T05:52:08","slug":"puff-de-exterior-alom","status":"publish","type":"product","link":"https:\/\/atmosferasmuebles.com\/tienda\/producto\/puff-de-exterior-alom\/","title":{"rendered":"Puff de exterior Alom"},"content":{"rendered":"<p>Puff de exterior Alom con tela para exterior Sunbrella\u00ae resistentes a los rayos ultravioleta y al deslavado, resistentes al moho y pueden ser limpiados con solventes como el cloro sin perder el color, porque este llega al centro de las fibras de Sunbrella.<\/p>\n<p>El relleno de Perla Negra es completamente reutilizable y reciclable, adem\u00e1s de ser elaborado sin producir contaminaci\u00f3n. La Perla Negra tiene, adem\u00e1s, las siguientes caracter\u00edsticas:<\/p>\n<ul>\n<li>Es altamente resistente, es 15 veces m\u00e1s resistente que el acero<\/li>\n<li>Tiene resistencia a la abrasi\u00f3n, la media de tests anti-abrasi\u00f3n ha demostrado que es entre 2,5 y 8 veces m\u00e1s resistente que otras fibras<\/li>\n<li>Su concepto estructural hace que sea un material ligero, con una densidad muy baja, que le permite flotar en el agua (en su estado b\u00e1sico)<\/li>\n<li>Presenta un \u00edndice de practicamente el 0% de absorci\u00f3n de humedad<\/li>\n<li>Es resistente al lavado: las caracter\u00edsticas de UHMWPE hacen que sea totalmente lavable las veces que sean necesarias, sin p\u00e9rdida alguna de calidad<\/li>\n<\/ul>\n","protected":false},"excerpt":{"rendered":"<p>Puff de exterior Alom con tela para intemperie Sunbrella\u00ae y hecho en M\u00e9xico bajo altos est\u00e1ndares de calidad.<\/p>\n<p>CARACTER\u00cdSTICAS<\/p>\n<p>Material Textil: Sunbrella que es altamente resistente a la intemperie<br \/>\nForro: Tela repelente al agua<br \/>\nCubierta: Dacron<br \/>\nRelleno: Perla Negra que es altamente resistente a la deformaci\u00f3n y abrasi\u00f3n, cuenta con un \u00edndice de pr\u00e1cticamente el 0% de absorci\u00f3n a la humedad ademas de otras caracter\u00edsticas.<\/p>\n","protected":false},"featured_media":3663,"comment_status":"open","ping_status":"closed","template":"","meta":{"_joinchat":[]},"product_brand":[],"product_cat":[266,265],"product_tag":[],"accesorios":[],"coleccion":[],"espacios":[213,212],"marca":[227],"material":[233],"class_list":{"0":"post-3665","1":"product","2":"type-product","3":"status-publish","4":"has-post-thumbnail","6":"product_cat-puffino","7":"product_cat-puffs-de-exterior","8":"espacios-alberca","9":"espacios-jardin","10":"marca-puffino","11":"material-textil","12":"sales-flash-overlay","13":"woocommerce-text-align-center","14":"woocommerce-image-align-center","15":"wc-has-gallery","17":"first","18":"instock","19":"shipping-taxable","20":"purchasable","21":"product-type-simple"},"_links":{"self":[{"href":"https:\/\/atmosferasmuebles.com\/tienda\/wp-json\/wp\/v2\/product\/3665","targetHints":{"allow":["GET"]}}],"collection":[{"href":"https:\/\/atmosferasmuebles.com\/tienda\/wp-json\/wp\/v2\/product"}],"about":[{"href":"https:\/\/atmosferasmuebles.com\/tienda\/wp-json\/wp\/v2\/types\/product"}],"replies":[{"embeddable":true,"href":"https:\/\/atmosferasmuebles.com\/tienda\/wp-json\/wp\/v2\/comments?post=3665"}],"version-history":[{"count":2,"href":"https:\/\/atmosferasmuebles.com\/tienda\/wp-json\/wp\/v2\/product\/3665\/revisions"}],"predecessor-version":[{"id":3667,"href":"https:\/\/atmosferasmuebles.com\/tienda\/wp-json\/wp\/v2\/product\/3665\/revisions\/3667"}],"wp:featuredmedia":[{"embeddable":true,"href":"https:\/\/atmosferasmuebles.com\/tienda\/wp-json\/wp\/v2\/media\/3663"}],"wp:attachment":[{"href":"https:\/\/atmosferasmuebles.com\/tienda\/wp-json\/wp\/v2\/media?parent=3665"}],"wp:term":[{"taxonomy":"product_brand","embeddable":true,"href":"https:\/\/atmosferasmuebles.com\/tienda\/wp-json\/wp\/v2\/product_brand?post=3665"},{"taxonomy":"product_cat","embeddable":true,"href":"https:\/\/atmosferasmuebles.com\/tienda\/wp-json\/wp\/v2\/product_cat?post=3665"},{"taxonomy":"product_tag","embeddable":true,"href":"https:\/\/atmosferasmuebles.com\/tienda\/wp-json\/wp\/v2\/product_tag?post=3665"},{"taxonomy":"accesorios","embeddable":true,"href":"https:\/\/atmosferasmuebles.com\/tienda\/wp-json\/wp\/v2\/accesorios?post=3665"},{"taxonomy":"coleccion","embeddable":true,"href":"https:\/\/atmosferasmuebles.com\/tienda\/wp-json\/wp\/v2\/coleccion?post=3665"},{"taxonomy":"espacios","embeddable":true,"href":"https:\/\/atmosferasmuebles.com\/tienda\/wp-json\/wp\/v2\/espacios?post=3665"},{"taxonomy":"marca","embeddable":true,"href":"https:\/\/atmosferasmuebles.com\/tienda\/wp-json\/wp\/v2\/marca?post=3665"},{"taxonomy":"material","embeddable":true,"href":"https:\/\/atmosferasmuebles.com\/tienda\/wp-json\/wp\/v2\/material?post=3665"}],"curies":[{"name":"wp","href":"https:\/\/api.w.org\/{rel}","templated":true}]}}