{"id":3452,"date":"2021-09-15T01:33:21","date_gmt":"2021-09-15T01:33:21","guid":{"rendered":"https:\/\/atmosferasmuebles.com\/tienda\/?post_type=product&#038;p=3452"},"modified":"2026-02-10T19:20:11","modified_gmt":"2026-02-10T19:20:11","slug":"mesa-lateral-uno","status":"publish","type":"product","link":"https:\/\/atmosferasmuebles.com\/tienda\/producto\/mesa-lateral-uno\/","title":{"rendered":"Mesa de Servicio Uno"},"content":{"rendered":"<p data-start=\"557\" data-end=\"855\">La Mesa Lateral Uno es la compa\u00f1era perfecta para tus momentos de descanso. Fabricada en polipropileno de alta densidad mediante un proceso de inyecci\u00f3n en moldes especializados, ofrece resistencia, durabilidad y un dise\u00f1o contempor\u00e1neo adaptable a interiores y exteriores.<\/p>\n<p data-start=\"857\" data-end=\"1189\">Su estructura permite deslizar las patas bajo el sof\u00e1, acercando la superficie a ti, ideal para colocar tu caf\u00e9, snacks, controles o laptop. Disponible en negro, marr\u00f3n, gris y blanco, su mantenimiento es m\u00ednimo: solo necesita agua para limpiarse. Adem\u00e1s, es apilable para facilitar el almacenaje y cuenta con <strong data-start=\"1167\" data-end=\"1188\">1 a\u00f1o de garant\u00eda<\/strong>.<\/p>\n<p data-start=\"1191\" data-end=\"1275\">Una pieza funcional, vers\u00e1til y con estilo, pensada para hacerte la vida m\u00e1s c\u00f3moda.<\/p>\n","protected":false},"excerpt":{"rendered":"<p data-start=\"205\" data-end=\"387\">Una mesa perfecta para tus momentos de descanso. Su dise\u00f1o funcional se desliza bajo el sof\u00e1 y mantiene todo a tu alcance: caf\u00e9, snacks, controles o incluso tu laptop.<\/p>\n<p>Su pr\u00e1ctico dise\u00f1o te permite usarla al lado de su sill\u00f3n o silla para tener al alcance lo que necesites: caf\u00e9, bebidas, botanas, los controles de los aparatos electr\u00f3nicos, trabajar c\u00f3modamente en su laptop, etc. Su dise\u00f1o te permite colocar las patas bajo el sof\u00e1.<\/p>\n<p>&nbsp;<\/p>\n","protected":false},"featured_media":3462,"comment_status":"closed","ping_status":"closed","template":"","meta":{"_joinchat":[]},"product_brand":[],"product_cat":[259,26,17,59,98],"product_tag":[],"accesorios":[],"coleccion":[414],"espacios":[213,212],"marca":[225],"material":[234],"class_list":{"0":"post-3452","1":"product","2":"type-product","3":"status-publish","4":"has-post-thumbnail","6":"product_cat-lagoon","7":"product_cat-mesas","8":"product_cat-muebles-de-exterior","9":"product_cat-resina","10":"product_cat-salas","11":"coleccion-uno","12":"espacios-alberca","13":"espacios-jardin","14":"marca-lagoon","15":"material-resina","16":"sales-flash-overlay","17":"woocommerce-text-align-center","18":"woocommerce-image-align-center","19":"wc-has-gallery","21":"first","22":"instock","23":"shipping-taxable","24":"purchasable","25":"product-type-variable"},"_links":{"self":[{"href":"https:\/\/atmosferasmuebles.com\/tienda\/wp-json\/wp\/v2\/product\/3452","targetHints":{"allow":["GET"]}}],"collection":[{"href":"https:\/\/atmosferasmuebles.com\/tienda\/wp-json\/wp\/v2\/product"}],"about":[{"href":"https:\/\/atmosferasmuebles.com\/tienda\/wp-json\/wp\/v2\/types\/product"}],"replies":[{"embeddable":true,"href":"https:\/\/atmosferasmuebles.com\/tienda\/wp-json\/wp\/v2\/comments?post=3452"}],"version-history":[{"count":4,"href":"https:\/\/atmosferasmuebles.com\/tienda\/wp-json\/wp\/v2\/product\/3452\/revisions"}],"predecessor-version":[{"id":14821,"href":"https:\/\/atmosferasmuebles.com\/tienda\/wp-json\/wp\/v2\/product\/3452\/revisions\/14821"}],"wp:featuredmedia":[{"embeddable":true,"href":"https:\/\/atmosferasmuebles.com\/tienda\/wp-json\/wp\/v2\/media\/3462"}],"wp:attachment":[{"href":"https:\/\/atmosferasmuebles.com\/tienda\/wp-json\/wp\/v2\/media?parent=3452"}],"wp:term":[{"taxonomy":"product_brand","embeddable":true,"href":"https:\/\/atmosferasmuebles.com\/tienda\/wp-json\/wp\/v2\/product_brand?post=3452"},{"taxonomy":"product_cat","embeddable":true,"href":"https:\/\/atmosferasmuebles.com\/tienda\/wp-json\/wp\/v2\/product_cat?post=3452"},{"taxonomy":"product_tag","embeddable":true,"href":"https:\/\/atmosferasmuebles.com\/tienda\/wp-json\/wp\/v2\/product_tag?post=3452"},{"taxonomy":"accesorios","embeddable":true,"href":"https:\/\/atmosferasmuebles.com\/tienda\/wp-json\/wp\/v2\/accesorios?post=3452"},{"taxonomy":"coleccion","embeddable":true,"href":"https:\/\/atmosferasmuebles.com\/tienda\/wp-json\/wp\/v2\/coleccion?post=3452"},{"taxonomy":"espacios","embeddable":true,"href":"https:\/\/atmosferasmuebles.com\/tienda\/wp-json\/wp\/v2\/espacios?post=3452"},{"taxonomy":"marca","embeddable":true,"href":"https:\/\/atmosferasmuebles.com\/tienda\/wp-json\/wp\/v2\/marca?post=3452"},{"taxonomy":"material","embeddable":true,"href":"https:\/\/atmosferasmuebles.com\/tienda\/wp-json\/wp\/v2\/material?post=3452"}],"curies":[{"name":"wp","href":"https:\/\/api.w.org\/{rel}","templated":true}]}}