{"id":345,"date":"2021-04-04T01:04:07","date_gmt":"2021-04-04T01:04:07","guid":{"rendered":"http:\/\/atmosferasmuebles.com\/tienda\/?post_type=product&#038;p=345"},"modified":"2026-01-25T03:35:21","modified_gmt":"2026-01-25T03:35:21","slug":"banca-coral","status":"publish","type":"product","link":"https:\/\/atmosferasmuebles.com\/tienda\/producto\/banca-coral\/","title":{"rendered":"Banca Coral"},"content":{"rendered":"<p>Banca Coral para exteriores una opci\u00f3n muy c\u00f3moda y diferente para comedores con mesa de madera Ipe de Jensen Leisure.<\/p>\n<p>Hecho de fibra Viro\u00ae tejido jacinto retorcido de color gris o crema se combina maravillosamente con el marr\u00f3n oscuro de Ipe en esta fina colecci\u00f3n de muebles respetuoso con el medio ambiente y resistente al tener un marco de aluminio de alta calidad.<\/p>\n<p>Los cojines son personalizados al poder escogerse entre una variedad de colores de las telas Sunbrella\u00ae.<\/p>\n","protected":false},"excerpt":{"rendered":"<p>Banca Coral para exteriores una opci\u00f3n distinta para comedores con mesa de madera Ipe de Jensen Leisure.<\/p>\n<p>Tejido en fibra Viro\u00ae sobre un marco de aluminio y con madera de Ipe en pies.<\/p>\n<p><strong>Podr\u00e1s elegir entre respaldo alto con fibra color gris o respaldo bajo con fibra color natural.<\/strong><\/p>\n<p>El coj\u00edn est\u00e1 incluido y podr\u00e1s personalizarlo escogiendo entre una variedad de telas y colores de la marca Sunbrella\u00ae l\u00edder en telas para exteriores.<\/p>\n","protected":false},"featured_media":350,"comment_status":"closed","ping_status":"closed","template":"","meta":{"_joinchat":[]},"product_brand":[],"product_cat":[91,41,40,63,17,98,22],"product_tag":[],"accesorios":[],"coleccion":[205],"espacios":[209],"marca":[216],"material":[228,230,233],"class_list":{"0":"post-345","1":"product","2":"type-product","3":"status-publish","4":"has-post-thumbnail","6":"product_cat-coleccion-coral","7":"product_cat-jensen-leisure","8":"product_cat-madera","9":"product_cat-mimbre-intemperie","10":"product_cat-muebles-de-exterior","11":"product_cat-salas","12":"product_cat-sillones","13":"coleccion-coral","14":"espacios-salas","15":"marca-jensen","16":"material-madera","17":"material-mimbre","18":"material-textil","19":"sales-flash-overlay","20":"woocommerce-text-align-center","21":"woocommerce-image-align-center","22":"wc-has-gallery","24":"first","25":"instock","26":"shipping-taxable","27":"purchasable","28":"product-type-variable"},"_links":{"self":[{"href":"https:\/\/atmosferasmuebles.com\/tienda\/wp-json\/wp\/v2\/product\/345","targetHints":{"allow":["GET"]}}],"collection":[{"href":"https:\/\/atmosferasmuebles.com\/tienda\/wp-json\/wp\/v2\/product"}],"about":[{"href":"https:\/\/atmosferasmuebles.com\/tienda\/wp-json\/wp\/v2\/types\/product"}],"replies":[{"embeddable":true,"href":"https:\/\/atmosferasmuebles.com\/tienda\/wp-json\/wp\/v2\/comments?post=345"}],"version-history":[{"count":1,"href":"https:\/\/atmosferasmuebles.com\/tienda\/wp-json\/wp\/v2\/product\/345\/revisions"}],"predecessor-version":[{"id":25250,"href":"https:\/\/atmosferasmuebles.com\/tienda\/wp-json\/wp\/v2\/product\/345\/revisions\/25250"}],"wp:featuredmedia":[{"embeddable":true,"href":"https:\/\/atmosferasmuebles.com\/tienda\/wp-json\/wp\/v2\/media\/350"}],"wp:attachment":[{"href":"https:\/\/atmosferasmuebles.com\/tienda\/wp-json\/wp\/v2\/media?parent=345"}],"wp:term":[{"taxonomy":"product_brand","embeddable":true,"href":"https:\/\/atmosferasmuebles.com\/tienda\/wp-json\/wp\/v2\/product_brand?post=345"},{"taxonomy":"product_cat","embeddable":true,"href":"https:\/\/atmosferasmuebles.com\/tienda\/wp-json\/wp\/v2\/product_cat?post=345"},{"taxonomy":"product_tag","embeddable":true,"href":"https:\/\/atmosferasmuebles.com\/tienda\/wp-json\/wp\/v2\/product_tag?post=345"},{"taxonomy":"accesorios","embeddable":true,"href":"https:\/\/atmosferasmuebles.com\/tienda\/wp-json\/wp\/v2\/accesorios?post=345"},{"taxonomy":"coleccion","embeddable":true,"href":"https:\/\/atmosferasmuebles.com\/tienda\/wp-json\/wp\/v2\/coleccion?post=345"},{"taxonomy":"espacios","embeddable":true,"href":"https:\/\/atmosferasmuebles.com\/tienda\/wp-json\/wp\/v2\/espacios?post=345"},{"taxonomy":"marca","embeddable":true,"href":"https:\/\/atmosferasmuebles.com\/tienda\/wp-json\/wp\/v2\/marca?post=345"},{"taxonomy":"material","embeddable":true,"href":"https:\/\/atmosferasmuebles.com\/tienda\/wp-json\/wp\/v2\/material?post=345"}],"curies":[{"name":"wp","href":"https:\/\/api.w.org\/{rel}","templated":true}]}}