{"id":3433,"date":"2021-09-12T05:05:36","date_gmt":"2021-09-12T05:05:36","guid":{"rendered":"https:\/\/atmosferasmuebles.com\/tienda\/?post_type=product&#038;p=3433"},"modified":"2026-03-09T23:15:55","modified_gmt":"2026-03-09T23:15:55","slug":"camastro-leblon","status":"publish","type":"product","link":"https:\/\/atmosferasmuebles.com\/tienda\/producto\/camastro-leblon\/","title":{"rendered":"Camastro Leblon"},"content":{"rendered":"<p>Camastro Lebon har\u00e1 que los espacios exteriores sean m\u00e1s bonitos y acogedores.<br \/>\nFabricada en Polipropileno y su dise\u00f1o permite 4 posiciones en el respaldo, cuenta con ruedas para su f\u00e1cil trasportaci\u00f3n.<br \/>\nApilable hasta: 13 piezas<\/p>\n<p>Recomendaciones de uso:<br \/>\n&#8211; Use solo jab\u00f3n suave y agua para limpiar.<br \/>\n&#8211; No utilice productos qu\u00edmicos y \/ o abrasivos.<br \/>\n&#8211; Retire el producto del ambiente siempre que limpie el piso; algunos materiales de limpieza pueden causar da\u00f1os en contacto con la pieza.<br \/>\n&#8211; Prolongue la vida \u00fatil del producto manteni\u00e9ndolo almacenado cuando no est\u00e9 en uso.<\/p>\n<p>Garant\u00eda: 1 a\u00f1o (90 d\u00edas de garant\u00eda legal m\u00e1s 9 meses de garant\u00eda contractual)<\/p>\n","protected":false},"excerpt":{"rendered":"<p>Camastro Lebon perfecta para ambientes residenciales o comerciales, es la compa\u00f1\u00eda adecuada para disfrutar momentos en la alberca o descansar en el jard\u00edn.<\/p>\n<p>Elegante y con un dise\u00f1o diferenciado, es ligera y compacta y sus ruedas facilitan el transporte. Adem\u00e1s, aporta toda la calidad y resistencia del polipropileno.<\/p>\n","protected":false},"featured_media":3435,"comment_status":"open","ping_status":"closed","template":"","meta":{"_joinchat":[]},"product_brand":[],"product_cat":[17,877,59,241,18],"product_tag":[],"accesorios":[],"coleccion":[],"espacios":[213,212],"marca":[224],"material":[234],"class_list":{"0":"post-3433","1":"product","2":"type-product","3":"status-publish","4":"has-post-thumbnail","6":"product_cat-muebles-de-exterior","7":"product_cat-outlet","8":"product_cat-resina","9":"product_cat-tramontina","10":"product_cat-tumbonas-y-camastros","11":"espacios-alberca","12":"espacios-jardin","13":"marca-tramontina","14":"material-resina","15":"sales-flash-overlay","16":"woocommerce-text-align-center","17":"woocommerce-image-align-center","18":"wc-has-gallery","20":"first","21":"instock","22":"sale","23":"shipping-taxable","24":"purchasable","25":"product-type-simple"},"_links":{"self":[{"href":"https:\/\/atmosferasmuebles.com\/tienda\/wp-json\/wp\/v2\/product\/3433","targetHints":{"allow":["GET"]}}],"collection":[{"href":"https:\/\/atmosferasmuebles.com\/tienda\/wp-json\/wp\/v2\/product"}],"about":[{"href":"https:\/\/atmosferasmuebles.com\/tienda\/wp-json\/wp\/v2\/types\/product"}],"replies":[{"embeddable":true,"href":"https:\/\/atmosferasmuebles.com\/tienda\/wp-json\/wp\/v2\/comments?post=3433"}],"version-history":[{"count":1,"href":"https:\/\/atmosferasmuebles.com\/tienda\/wp-json\/wp\/v2\/product\/3433\/revisions"}],"predecessor-version":[{"id":3436,"href":"https:\/\/atmosferasmuebles.com\/tienda\/wp-json\/wp\/v2\/product\/3433\/revisions\/3436"}],"wp:featuredmedia":[{"embeddable":true,"href":"https:\/\/atmosferasmuebles.com\/tienda\/wp-json\/wp\/v2\/media\/3435"}],"wp:attachment":[{"href":"https:\/\/atmosferasmuebles.com\/tienda\/wp-json\/wp\/v2\/media?parent=3433"}],"wp:term":[{"taxonomy":"product_brand","embeddable":true,"href":"https:\/\/atmosferasmuebles.com\/tienda\/wp-json\/wp\/v2\/product_brand?post=3433"},{"taxonomy":"product_cat","embeddable":true,"href":"https:\/\/atmosferasmuebles.com\/tienda\/wp-json\/wp\/v2\/product_cat?post=3433"},{"taxonomy":"product_tag","embeddable":true,"href":"https:\/\/atmosferasmuebles.com\/tienda\/wp-json\/wp\/v2\/product_tag?post=3433"},{"taxonomy":"accesorios","embeddable":true,"href":"https:\/\/atmosferasmuebles.com\/tienda\/wp-json\/wp\/v2\/accesorios?post=3433"},{"taxonomy":"coleccion","embeddable":true,"href":"https:\/\/atmosferasmuebles.com\/tienda\/wp-json\/wp\/v2\/coleccion?post=3433"},{"taxonomy":"espacios","embeddable":true,"href":"https:\/\/atmosferasmuebles.com\/tienda\/wp-json\/wp\/v2\/espacios?post=3433"},{"taxonomy":"marca","embeddable":true,"href":"https:\/\/atmosferasmuebles.com\/tienda\/wp-json\/wp\/v2\/marca?post=3433"},{"taxonomy":"material","embeddable":true,"href":"https:\/\/atmosferasmuebles.com\/tienda\/wp-json\/wp\/v2\/material?post=3433"}],"curies":[{"name":"wp","href":"https:\/\/api.w.org\/{rel}","templated":true}]}}