{"id":3181,"date":"2021-09-11T19:29:08","date_gmt":"2021-09-11T19:29:08","guid":{"rendered":"https:\/\/atmosferasmuebles.com\/tienda\/?post_type=product&#038;p=3181"},"modified":"2026-02-17T03:22:07","modified_gmt":"2026-02-17T03:22:07","slug":"silla-clarice","status":"publish","type":"product","link":"https:\/\/atmosferasmuebles.com\/tienda\/producto\/silla-clarice\/","title":{"rendered":"Silla Clarice"},"content":{"rendered":"<p>Silla Clarice innov\u00f3 en el ramo de muebles pl\u00e1sticos al utilizar tecnolog\u00eda de inyecci\u00f3n asistida por gas para crearse.<br \/>\nFabricado en polipropileno y fibra de vidrio Marsala, disponible en 2 colores.<br \/>\nPuede ser apilable hasta: 5 piezas<\/p>\n<p>Recomendaciones de uso:<br \/>\n&#8211; Para evitar accidentes y mantener sus caracter\u00edsticas intactas, trate de no subir al asiento, tirarse sobre la silla o apoyarse solamente en las dos patas traseras.<br \/>\n&#8211; Las exposiciones prolongadas al sol pueden provocar manchas o decoloraci\u00f3n del producto.<br \/>\n&#8211; Lavar a mano con agua y jab\u00f3n suave.<br \/>\n&#8211; No utilice productos qu\u00edmicos y \/ o abrasivos.<br \/>\n&#8211; No utilice una m\u00e1quina de tipo &#8220;lavadora de chorro&#8221;.<br \/>\n&#8211; Para evitar manchas, seque con un pa\u00f1o suave y seco despu\u00e9s del lavado.<\/p>\n","protected":false},"excerpt":{"rendered":"<p>Silla Clarice fabricada con tecnolog\u00eda de punta, alta calidad y sometida a rigurosos ensayos de calidad.<\/p>\n<p>Silla con brazos monobloc, apilable, liviana, resistente con dise\u00f1o diferenciado har\u00e1 que tus ambientes sean mucho m\u00e1s elegantes y c\u00f3modos.<\/p>\n<p>est\u00e1 hecha de polipropileno y fibra de vidrio Marsala lo que la hace muy resistente soportando cargas de hasta 182 kilos.<\/p>\n<p>La encontraras disponible en 2 colores.<\/p>\n","protected":false},"featured_media":3185,"comment_status":"open","ping_status":"closed","template":"","meta":{"_joinchat":[]},"product_brand":[],"product_cat":[61,17,59,60,241],"product_tag":[],"accesorios":[],"coleccion":[],"espacios":[210,212],"marca":[224],"material":[234],"class_list":{"0":"post-3181","1":"product","2":"type-product","3":"status-publish","4":"has-post-thumbnail","6":"product_cat-comedor","7":"product_cat-muebles-de-exterior","8":"product_cat-resina","9":"product_cat-sillas","10":"product_cat-tramontina","11":"espacios-comedores","12":"espacios-jardin","13":"marca-tramontina","14":"material-resina","15":"sales-flash-overlay","16":"woocommerce-text-align-center","17":"woocommerce-image-align-center","18":"wc-has-gallery","20":"first","21":"instock","22":"shipping-taxable","23":"purchasable","24":"product-type-variable"},"_links":{"self":[{"href":"https:\/\/atmosferasmuebles.com\/tienda\/wp-json\/wp\/v2\/product\/3181","targetHints":{"allow":["GET"]}}],"collection":[{"href":"https:\/\/atmosferasmuebles.com\/tienda\/wp-json\/wp\/v2\/product"}],"about":[{"href":"https:\/\/atmosferasmuebles.com\/tienda\/wp-json\/wp\/v2\/types\/product"}],"replies":[{"embeddable":true,"href":"https:\/\/atmosferasmuebles.com\/tienda\/wp-json\/wp\/v2\/comments?post=3181"}],"version-history":[{"count":1,"href":"https:\/\/atmosferasmuebles.com\/tienda\/wp-json\/wp\/v2\/product\/3181\/revisions"}],"predecessor-version":[{"id":3196,"href":"https:\/\/atmosferasmuebles.com\/tienda\/wp-json\/wp\/v2\/product\/3181\/revisions\/3196"}],"wp:featuredmedia":[{"embeddable":true,"href":"https:\/\/atmosferasmuebles.com\/tienda\/wp-json\/wp\/v2\/media\/3185"}],"wp:attachment":[{"href":"https:\/\/atmosferasmuebles.com\/tienda\/wp-json\/wp\/v2\/media?parent=3181"}],"wp:term":[{"taxonomy":"product_brand","embeddable":true,"href":"https:\/\/atmosferasmuebles.com\/tienda\/wp-json\/wp\/v2\/product_brand?post=3181"},{"taxonomy":"product_cat","embeddable":true,"href":"https:\/\/atmosferasmuebles.com\/tienda\/wp-json\/wp\/v2\/product_cat?post=3181"},{"taxonomy":"product_tag","embeddable":true,"href":"https:\/\/atmosferasmuebles.com\/tienda\/wp-json\/wp\/v2\/product_tag?post=3181"},{"taxonomy":"accesorios","embeddable":true,"href":"https:\/\/atmosferasmuebles.com\/tienda\/wp-json\/wp\/v2\/accesorios?post=3181"},{"taxonomy":"coleccion","embeddable":true,"href":"https:\/\/atmosferasmuebles.com\/tienda\/wp-json\/wp\/v2\/coleccion?post=3181"},{"taxonomy":"espacios","embeddable":true,"href":"https:\/\/atmosferasmuebles.com\/tienda\/wp-json\/wp\/v2\/espacios?post=3181"},{"taxonomy":"marca","embeddable":true,"href":"https:\/\/atmosferasmuebles.com\/tienda\/wp-json\/wp\/v2\/marca?post=3181"},{"taxonomy":"material","embeddable":true,"href":"https:\/\/atmosferasmuebles.com\/tienda\/wp-json\/wp\/v2\/material?post=3181"}],"curies":[{"name":"wp","href":"https:\/\/api.w.org\/{rel}","templated":true}]}}