{"id":3154,"date":"2021-09-11T19:01:02","date_gmt":"2021-09-11T19:01:02","guid":{"rendered":"https:\/\/atmosferasmuebles.com\/tienda\/?post_type=product&#038;p=3154"},"modified":"2026-03-09T23:12:30","modified_gmt":"2026-03-09T23:12:30","slug":"silla-alta-sofia","status":"publish","type":"product","link":"https:\/\/atmosferasmuebles.com\/tienda\/producto\/silla-alta-sofia\/","title":{"rendered":"Silla alta Sof\u00eda"},"content":{"rendered":"<p>Silla alta Sofia aportar\u00e1 m\u00e1s color, calidez y modernidad a tus espacios residenciales o corporativos.<br \/>\nFabricado en polipropileno y fibra de vidrio y disponible en 4 colores.<br \/>\nPuede ser apilable hasta: 8 piezas<\/p>\n<p>Recomendaciones de uso:<br \/>\n&#8211; Para evitar accidentes y mantener sus caracter\u00edsticas intactas, trate de no subir al asiento, tirarse sobre la silla o apoyarse solamente en las dos patas traseras.<br \/>\n&#8211; Las exposiciones prolongadas al sol pueden provocar manchas o decoloraci\u00f3n del producto.<br \/>\n&#8211; Lavar a mano con agua y jab\u00f3n suave.<br \/>\n&#8211; No utilice productos qu\u00edmicos y \/ o abrasivos.<br \/>\n&#8211; No utilice una m\u00e1quina de tipo &#8220;lavadora de chorro&#8221;.<br \/>\n&#8211; Para evitar manchas, seque con un pa\u00f1o suave y seco despu\u00e9s del lavado.<\/p>\n","protected":false},"excerpt":{"rendered":"<p>Silla alta Sofia un toque especial y lleno de estilo a tus ambientes.<\/p>\n<p>Con respaldo calado horizontal y descanza pies, la silla alta Sofia est\u00e1 fabricado en polipropileno y fibra de vidrio lo que la hace muy resistente soportando cargas de hasta 182 kilos.<\/p>\n<p>Con su dise\u00f1o dise\u00f1o distintivo y moderno encontraras est\u00e1 silla en diversos colores para que puedas crear tu decoraci\u00f3n con mucha creatividad.<\/p>\n","protected":false},"featured_media":3172,"comment_status":"open","ping_status":"closed","template":"","meta":{"_joinchat":[]},"product_brand":[],"product_cat":[61,17,59,241],"product_tag":[],"accesorios":[],"coleccion":[],"espacios":[210,212],"marca":[224],"material":[234],"class_list":{"0":"post-3154","1":"product","2":"type-product","3":"status-publish","4":"has-post-thumbnail","6":"product_cat-comedor","7":"product_cat-muebles-de-exterior","8":"product_cat-resina","9":"product_cat-tramontina","10":"espacios-comedores","11":"espacios-jardin","12":"marca-tramontina","13":"material-resina","14":"sales-flash-overlay","15":"woocommerce-text-align-center","16":"woocommerce-image-align-center","17":"wc-has-gallery","19":"first","20":"instock","21":"sale","22":"shipping-taxable","23":"purchasable","24":"product-type-variable"},"_links":{"self":[{"href":"https:\/\/atmosferasmuebles.com\/tienda\/wp-json\/wp\/v2\/product\/3154","targetHints":{"allow":["GET"]}}],"collection":[{"href":"https:\/\/atmosferasmuebles.com\/tienda\/wp-json\/wp\/v2\/product"}],"about":[{"href":"https:\/\/atmosferasmuebles.com\/tienda\/wp-json\/wp\/v2\/types\/product"}],"replies":[{"embeddable":true,"href":"https:\/\/atmosferasmuebles.com\/tienda\/wp-json\/wp\/v2\/comments?post=3154"}],"version-history":[{"count":1,"href":"https:\/\/atmosferasmuebles.com\/tienda\/wp-json\/wp\/v2\/product\/3154\/revisions"}],"predecessor-version":[{"id":3180,"href":"https:\/\/atmosferasmuebles.com\/tienda\/wp-json\/wp\/v2\/product\/3154\/revisions\/3180"}],"wp:featuredmedia":[{"embeddable":true,"href":"https:\/\/atmosferasmuebles.com\/tienda\/wp-json\/wp\/v2\/media\/3172"}],"wp:attachment":[{"href":"https:\/\/atmosferasmuebles.com\/tienda\/wp-json\/wp\/v2\/media?parent=3154"}],"wp:term":[{"taxonomy":"product_brand","embeddable":true,"href":"https:\/\/atmosferasmuebles.com\/tienda\/wp-json\/wp\/v2\/product_brand?post=3154"},{"taxonomy":"product_cat","embeddable":true,"href":"https:\/\/atmosferasmuebles.com\/tienda\/wp-json\/wp\/v2\/product_cat?post=3154"},{"taxonomy":"product_tag","embeddable":true,"href":"https:\/\/atmosferasmuebles.com\/tienda\/wp-json\/wp\/v2\/product_tag?post=3154"},{"taxonomy":"accesorios","embeddable":true,"href":"https:\/\/atmosferasmuebles.com\/tienda\/wp-json\/wp\/v2\/accesorios?post=3154"},{"taxonomy":"coleccion","embeddable":true,"href":"https:\/\/atmosferasmuebles.com\/tienda\/wp-json\/wp\/v2\/coleccion?post=3154"},{"taxonomy":"espacios","embeddable":true,"href":"https:\/\/atmosferasmuebles.com\/tienda\/wp-json\/wp\/v2\/espacios?post=3154"},{"taxonomy":"marca","embeddable":true,"href":"https:\/\/atmosferasmuebles.com\/tienda\/wp-json\/wp\/v2\/marca?post=3154"},{"taxonomy":"material","embeddable":true,"href":"https:\/\/atmosferasmuebles.com\/tienda\/wp-json\/wp\/v2\/material?post=3154"}],"curies":[{"name":"wp","href":"https:\/\/api.w.org\/{rel}","templated":true}]}}