{"id":3101,"date":"2021-09-11T18:40:33","date_gmt":"2021-09-11T18:40:33","guid":{"rendered":"https:\/\/atmosferasmuebles.com\/tienda\/?post_type=product&#038;p=3101"},"modified":"2026-02-17T03:34:01","modified_gmt":"2026-02-17T03:34:01","slug":"silla-sofia","status":"publish","type":"product","link":"https:\/\/atmosferasmuebles.com\/tienda\/producto\/silla-sofia\/","title":{"rendered":"Silla Sof\u00eda"},"content":{"rendered":"<p>Silla Sofia da belleza y refinamiento en tu casa u oficina<br \/>\nFabricado en polipropileno y fibra de vidrio y disponible en 4 colores.<br \/>\nPuede ser apilable hasta: 9 piezas<\/p>\n<p>Recomendaciones de uso:<\/p>\n<p>&#8211; Para evitar accidentes y mantener sus caracter\u00edsticas intactas, trate de no subir al asiento, tirarse sobre la silla o apoyarse solamente en las dos patas traseras.<br \/>\n&#8211; Las exposiciones prolongadas al sol pueden provocar manchas o decoloraci\u00f3n del producto.<br \/>\n&#8211; Lavar a mano con agua y jab\u00f3n suave.<br \/>\n&#8211; No utilice productos qu\u00edmicos y \/ o abrasivos.<br \/>\n&#8211; No utilice una m\u00e1quina de tipo &#8220;lavadora de chorro&#8221;.<br \/>\n&#8211; Para evitar manchas, seque con un pa\u00f1o suave y seco despu\u00e9s del lavado.<\/p>\n<p>Garant\u00eda 1 a\u00f1o<\/p>\n","protected":false},"excerpt":{"rendered":"<p>Silla Sofia hara que tus espacios sean funcionales, c\u00f3modos y elegantes.<\/p>\n<p>Sin brazos y con respaldo calado vertical la silla Sofia est\u00e1 fabricado en polipropileno y fibra de vidrio lo que la hace muy resistente soportando cargas de hasta 182 kilos.<\/p>\n<p>Con su dise\u00f1o dise\u00f1o distintivo y moderno encontraras est\u00e1 silla en diversos colores para que puedas crear tu decoraci\u00f3n con mucha creatividad.<\/p>\n","protected":false},"featured_media":3121,"comment_status":"open","ping_status":"closed","template":"","meta":{"_joinchat":[]},"product_brand":[],"product_cat":[61,17,59,60,241],"product_tag":[],"accesorios":[],"coleccion":[],"espacios":[210,212],"marca":[224],"material":[234],"class_list":{"0":"post-3101","1":"product","2":"type-product","3":"status-publish","4":"has-post-thumbnail","6":"product_cat-comedor","7":"product_cat-muebles-de-exterior","8":"product_cat-resina","9":"product_cat-sillas","10":"product_cat-tramontina","11":"espacios-comedores","12":"espacios-jardin","13":"marca-tramontina","14":"material-resina","15":"sales-flash-overlay","16":"woocommerce-text-align-center","17":"woocommerce-image-align-center","18":"wc-has-gallery","20":"first","21":"instock","22":"shipping-taxable","23":"purchasable","24":"product-type-variable"},"_links":{"self":[{"href":"https:\/\/atmosferasmuebles.com\/tienda\/wp-json\/wp\/v2\/product\/3101","targetHints":{"allow":["GET"]}}],"collection":[{"href":"https:\/\/atmosferasmuebles.com\/tienda\/wp-json\/wp\/v2\/product"}],"about":[{"href":"https:\/\/atmosferasmuebles.com\/tienda\/wp-json\/wp\/v2\/types\/product"}],"replies":[{"embeddable":true,"href":"https:\/\/atmosferasmuebles.com\/tienda\/wp-json\/wp\/v2\/comments?post=3101"}],"version-history":[{"count":1,"href":"https:\/\/atmosferasmuebles.com\/tienda\/wp-json\/wp\/v2\/product\/3101\/revisions"}],"predecessor-version":[{"id":3133,"href":"https:\/\/atmosferasmuebles.com\/tienda\/wp-json\/wp\/v2\/product\/3101\/revisions\/3133"}],"wp:featuredmedia":[{"embeddable":true,"href":"https:\/\/atmosferasmuebles.com\/tienda\/wp-json\/wp\/v2\/media\/3121"}],"wp:attachment":[{"href":"https:\/\/atmosferasmuebles.com\/tienda\/wp-json\/wp\/v2\/media?parent=3101"}],"wp:term":[{"taxonomy":"product_brand","embeddable":true,"href":"https:\/\/atmosferasmuebles.com\/tienda\/wp-json\/wp\/v2\/product_brand?post=3101"},{"taxonomy":"product_cat","embeddable":true,"href":"https:\/\/atmosferasmuebles.com\/tienda\/wp-json\/wp\/v2\/product_cat?post=3101"},{"taxonomy":"product_tag","embeddable":true,"href":"https:\/\/atmosferasmuebles.com\/tienda\/wp-json\/wp\/v2\/product_tag?post=3101"},{"taxonomy":"accesorios","embeddable":true,"href":"https:\/\/atmosferasmuebles.com\/tienda\/wp-json\/wp\/v2\/accesorios?post=3101"},{"taxonomy":"coleccion","embeddable":true,"href":"https:\/\/atmosferasmuebles.com\/tienda\/wp-json\/wp\/v2\/coleccion?post=3101"},{"taxonomy":"espacios","embeddable":true,"href":"https:\/\/atmosferasmuebles.com\/tienda\/wp-json\/wp\/v2\/espacios?post=3101"},{"taxonomy":"marca","embeddable":true,"href":"https:\/\/atmosferasmuebles.com\/tienda\/wp-json\/wp\/v2\/marca?post=3101"},{"taxonomy":"material","embeddable":true,"href":"https:\/\/atmosferasmuebles.com\/tienda\/wp-json\/wp\/v2\/material?post=3101"}],"curies":[{"name":"wp","href":"https:\/\/api.w.org\/{rel}","templated":true}]}}