{"id":3067,"date":"2021-09-11T18:04:47","date_gmt":"2021-09-11T18:04:47","guid":{"rendered":"https:\/\/atmosferasmuebles.com\/tienda\/?post_type=product&#038;p=3067"},"modified":"2026-03-09T23:12:30","modified_gmt":"2026-03-09T23:12:30","slug":"juego-de-sillas-y-mesa-potenza","status":"publish","type":"product","link":"https:\/\/atmosferasmuebles.com\/tienda\/producto\/juego-de-sillas-y-mesa-potenza\/","title":{"rendered":"Juego de sillas y mesa Potenza"},"content":{"rendered":"<p>Juego de sillas y mesa Potenza. Con 2 sillas inclu\u00eddas haz de tus espacios un lugar \u00edntimo.<br \/>\nRealizadas en madera de tauari procedente de bosques gestionados legalmente su terminado es en barniz y pl\u00e1stico polipropileno de distintos colores.<br \/>\nSu dise\u00f1o de base plegable les permite ser pr\u00e1cticos de montar y f\u00e1ciles de almacenar.<br \/>\nCombinan resistencia a bajo costo.<\/p>\n<p>Recomendaciones de uso:<br \/>\n&#8211; No utilice acetona, alcohol ni ning\u00fan otro producto abrasivo o a base de disolvente.<br \/>\n&#8211; Recomendamos la limpieza frecuente ya que la suciedad acumulada en la madera se filtra en sus poros y puede oscurecer su color, por eso los muebles siempre deben mantenerse limpios.<br \/>\n&#8211; Se recomienda lavarlos con detergente neutro, esponja suave y abundante agua.<br \/>\n&#8211; Dado que la madera es un elemento natural, cuando se expone a los elementos puede cambiar su apariencia. Para mantener su producto como nuevo por m\u00e1s tiempo, se recomienda recolectar el producto despu\u00e9s de su uso y almacenarlo en un ambiente cubierto.<\/p>\n","protected":false},"excerpt":{"rendered":"<p>Juego de sillas y mesa Potenza es perfecto para decorar el ambiente de forma divertida y colorida.<br \/>\nFabricada en madera de tauari en barniz y pl\u00e1stico polipropileno de distintos colores.<\/p>\n<p>Quedar\u00e1 linda en diversos espacios tanto en jard\u00ednes, piscinas y balcones como en hoteles, bares y rest\u00e1urantes, revelando practicidad y buen gusto.<\/p>\n<p>Son f\u00e1ciles de almacenar, caben en cualquier lugar al ser plegables y est\u00e1n disponible en 6 colores.<\/p>\n","protected":false},"featured_media":3074,"comment_status":"open","ping_status":"closed","template":"","meta":{"_joinchat":[]},"product_brand":[],"product_cat":[61,40,26,17,878,60,271,69,241],"product_tag":[],"accesorios":[],"coleccion":[],"espacios":[210,212],"marca":[224],"material":[228,233],"class_list":{"0":"post-3067","1":"product","2":"type-product","3":"status-publish","4":"has-post-thumbnail","6":"product_cat-comedor","7":"product_cat-madera","8":"product_cat-mesas","9":"product_cat-muebles-de-exterior","10":"product_cat-ofertas","11":"product_cat-sillas","12":"product_cat-sillas-interior","13":"product_cat-tela-para-exterior","14":"product_cat-tramontina","15":"espacios-comedores","16":"espacios-jardin","17":"marca-tramontina","18":"material-madera","19":"material-textil","20":"sales-flash-overlay","21":"woocommerce-text-align-center","22":"woocommerce-image-align-center","23":"wc-has-gallery","25":"first","26":"instock","27":"sale","28":"shipping-taxable","29":"purchasable","30":"product-type-variable"},"_links":{"self":[{"href":"https:\/\/atmosferasmuebles.com\/tienda\/wp-json\/wp\/v2\/product\/3067","targetHints":{"allow":["GET"]}}],"collection":[{"href":"https:\/\/atmosferasmuebles.com\/tienda\/wp-json\/wp\/v2\/product"}],"about":[{"href":"https:\/\/atmosferasmuebles.com\/tienda\/wp-json\/wp\/v2\/types\/product"}],"replies":[{"embeddable":true,"href":"https:\/\/atmosferasmuebles.com\/tienda\/wp-json\/wp\/v2\/comments?post=3067"}],"version-history":[{"count":2,"href":"https:\/\/atmosferasmuebles.com\/tienda\/wp-json\/wp\/v2\/product\/3067\/revisions"}],"predecessor-version":[{"id":3090,"href":"https:\/\/atmosferasmuebles.com\/tienda\/wp-json\/wp\/v2\/product\/3067\/revisions\/3090"}],"wp:featuredmedia":[{"embeddable":true,"href":"https:\/\/atmosferasmuebles.com\/tienda\/wp-json\/wp\/v2\/media\/3074"}],"wp:attachment":[{"href":"https:\/\/atmosferasmuebles.com\/tienda\/wp-json\/wp\/v2\/media?parent=3067"}],"wp:term":[{"taxonomy":"product_brand","embeddable":true,"href":"https:\/\/atmosferasmuebles.com\/tienda\/wp-json\/wp\/v2\/product_brand?post=3067"},{"taxonomy":"product_cat","embeddable":true,"href":"https:\/\/atmosferasmuebles.com\/tienda\/wp-json\/wp\/v2\/product_cat?post=3067"},{"taxonomy":"product_tag","embeddable":true,"href":"https:\/\/atmosferasmuebles.com\/tienda\/wp-json\/wp\/v2\/product_tag?post=3067"},{"taxonomy":"accesorios","embeddable":true,"href":"https:\/\/atmosferasmuebles.com\/tienda\/wp-json\/wp\/v2\/accesorios?post=3067"},{"taxonomy":"coleccion","embeddable":true,"href":"https:\/\/atmosferasmuebles.com\/tienda\/wp-json\/wp\/v2\/coleccion?post=3067"},{"taxonomy":"espacios","embeddable":true,"href":"https:\/\/atmosferasmuebles.com\/tienda\/wp-json\/wp\/v2\/espacios?post=3067"},{"taxonomy":"marca","embeddable":true,"href":"https:\/\/atmosferasmuebles.com\/tienda\/wp-json\/wp\/v2\/marca?post=3067"},{"taxonomy":"material","embeddable":true,"href":"https:\/\/atmosferasmuebles.com\/tienda\/wp-json\/wp\/v2\/material?post=3067"}],"curies":[{"name":"wp","href":"https:\/\/api.w.org\/{rel}","templated":true}]}}