{"id":2977,"date":"2021-09-09T23:26:13","date_gmt":"2021-09-09T23:26:13","guid":{"rendered":"https:\/\/atmosferasmuebles.com\/tienda\/?post_type=product&#038;p=2977"},"modified":"2026-03-09T23:12:29","modified_gmt":"2026-03-09T23:12:29","slug":"mesa-redonda-kyoto","status":"publish","type":"product","link":"https:\/\/atmosferasmuebles.com\/tienda\/producto\/mesa-redonda-kyoto\/","title":{"rendered":"Mesa redonda Kyoto"},"content":{"rendered":"<p>Mesa redonda Kyoto, el art\u00edculo ideal para formar parte de tu comedor o de tu rest\u00e1urante<br \/>\nElaborada en madera Tauari con un acabado natural.<br \/>\nCapacidad para 4 personas<\/p>\n<p>Recomendaciones de uso:<br \/>\n&#8211; Para limpiar la madera, use un pa\u00f1o limpio y suave con una soluci\u00f3n de agua y jab\u00f3n l\u00edquido neutro, sec\u00e1ndolo poco despu\u00e9s. No utilice productos qu\u00edmicos y \/ o materiales corrosivos como disolventes, detergentes, refrescos, cloro, \u00e1cido, ceras y cera para muebles.<br \/>\n&#8211; Mantenga la mesa en un ambiente ventilado y nunca las deje en envases de pl\u00e1stico.<br \/>\n&#8211; No utilice los muebles al aire libre, donde est\u00e1n sujetos a la humedad, la lluvia y la luz solar directa.<\/p>\n","protected":false},"excerpt":{"rendered":"<p>Mesa redonda Kyoto con ella est\u00e1r\u00e1 presente la cultura japonesa en tu espacio.<\/p>\n<p>Perfecta para componer los m\u00e1s variados estilos de ambientes, es una mesa elaborada en madera de tauar\u00ed con acabado natural y dest\u00e1ca junto a su decoraci\u00f3n, ya sea en su hogar o ambiente comercial, como bares y rest\u00e1urantes.<\/p>\n","protected":false},"featured_media":2972,"comment_status":"open","ping_status":"closed","template":"","meta":{"_joinchat":[]},"product_brand":[],"product_cat":[244,61,99,243,40,1173,272,877,241],"product_tag":[],"accesorios":[],"coleccion":[245],"espacios":[210],"marca":[224],"material":[228],"class_list":{"0":"post-2977","1":"product","2":"type-product","3":"status-publish","4":"has-post-thumbnail","6":"product_cat-coleccion-kyoto","7":"product_cat-comedor","8":"product_cat-comedores","9":"product_cat-kyoto","10":"product_cat-madera","11":"product_cat-mesa-comedor","12":"product_cat-mesas-interior","13":"product_cat-outlet","14":"product_cat-tramontina","15":"coleccion-kyoto","16":"espacios-comedores","17":"marca-tramontina","18":"material-madera","19":"sales-flash-overlay","20":"woocommerce-text-align-center","21":"woocommerce-image-align-center","22":"wc-has-gallery","24":"first","25":"instock","26":"sale","27":"shipping-taxable","28":"purchasable","29":"product-type-simple"},"_links":{"self":[{"href":"https:\/\/atmosferasmuebles.com\/tienda\/wp-json\/wp\/v2\/product\/2977","targetHints":{"allow":["GET"]}}],"collection":[{"href":"https:\/\/atmosferasmuebles.com\/tienda\/wp-json\/wp\/v2\/product"}],"about":[{"href":"https:\/\/atmosferasmuebles.com\/tienda\/wp-json\/wp\/v2\/types\/product"}],"replies":[{"embeddable":true,"href":"https:\/\/atmosferasmuebles.com\/tienda\/wp-json\/wp\/v2\/comments?post=2977"}],"version-history":[{"count":2,"href":"https:\/\/atmosferasmuebles.com\/tienda\/wp-json\/wp\/v2\/product\/2977\/revisions"}],"predecessor-version":[{"id":10628,"href":"https:\/\/atmosferasmuebles.com\/tienda\/wp-json\/wp\/v2\/product\/2977\/revisions\/10628"}],"wp:featuredmedia":[{"embeddable":true,"href":"https:\/\/atmosferasmuebles.com\/tienda\/wp-json\/wp\/v2\/media\/2972"}],"wp:attachment":[{"href":"https:\/\/atmosferasmuebles.com\/tienda\/wp-json\/wp\/v2\/media?parent=2977"}],"wp:term":[{"taxonomy":"product_brand","embeddable":true,"href":"https:\/\/atmosferasmuebles.com\/tienda\/wp-json\/wp\/v2\/product_brand?post=2977"},{"taxonomy":"product_cat","embeddable":true,"href":"https:\/\/atmosferasmuebles.com\/tienda\/wp-json\/wp\/v2\/product_cat?post=2977"},{"taxonomy":"product_tag","embeddable":true,"href":"https:\/\/atmosferasmuebles.com\/tienda\/wp-json\/wp\/v2\/product_tag?post=2977"},{"taxonomy":"accesorios","embeddable":true,"href":"https:\/\/atmosferasmuebles.com\/tienda\/wp-json\/wp\/v2\/accesorios?post=2977"},{"taxonomy":"coleccion","embeddable":true,"href":"https:\/\/atmosferasmuebles.com\/tienda\/wp-json\/wp\/v2\/coleccion?post=2977"},{"taxonomy":"espacios","embeddable":true,"href":"https:\/\/atmosferasmuebles.com\/tienda\/wp-json\/wp\/v2\/espacios?post=2977"},{"taxonomy":"marca","embeddable":true,"href":"https:\/\/atmosferasmuebles.com\/tienda\/wp-json\/wp\/v2\/marca?post=2977"},{"taxonomy":"material","embeddable":true,"href":"https:\/\/atmosferasmuebles.com\/tienda\/wp-json\/wp\/v2\/material?post=2977"}],"curies":[{"name":"wp","href":"https:\/\/api.w.org\/{rel}","templated":true}]}}