{"id":29434,"date":"2026-04-21T07:18:36","date_gmt":"2026-04-21T07:18:36","guid":{"rendered":"https:\/\/atmosferasmuebles.com\/tienda\/producto\/fundartions-mosaic-50%e2%80%b3-rectangular-ipe-coffee-table\/"},"modified":"2026-04-21T07:18:41","modified_gmt":"2026-04-21T07:18:41","slug":"fundartions-mosaic-50%e2%80%b3-rectangular-ipe-coffee-table","status":"publish","type":"product","link":"https:\/\/atmosferasmuebles.com\/tienda\/producto\/fundartions-mosaic-50%e2%80%b3-rectangular-ipe-coffee-table\/","title":{"rendered":"Fundartions Mosaic 50\u2033 Rectangular Ipe Coffee Table"},"content":{"rendered":"<p>La mesa de centro rectangular Mosaic de 127 cm de Jensen Outdoor es una pieza dise\u00f1ada para convertirse en el punto de encuentro perfecto en espacios lounge exteriores, combinando funcionalidad, dise\u00f1o sofisticado y materiales de alto nivel.<\/p>\n<p>Gracias a sus generosas dimensiones, ofrece una superficie ideal para colocar bebidas, servir aperitivos o exhibir elementos decorativos, complementando de forma natural cualquier conjunto de asientos profundos. Su dise\u00f1o destaca por un tablero cuidadosamente elaborado con listones individuales de madera maciza de Ipe, que aporta textura, calidez y un detalle visual distintivo.<\/p>\n<p>Las patas elegantemente c\u00f3nicas en madera de Ipe refuerzan su estabilidad y aportan una est\u00e9tica refinada, alineada con el lenguaje de dise\u00f1o de la colecci\u00f3n.<\/p>\n<p>Forma parte de la colecci\u00f3n Foundations, reconocida por su enfoque en la artesan\u00eda, el dise\u00f1o contempor\u00e1neo y la calidad de sus materiales. Dise\u00f1ada por John Caldwell, la l\u00ednea Mosaic incorpora detalles decorativos que elevan el nivel est\u00e9tico del mobiliario exterior.<\/p>\n<p>Fabricada en madera de Ipe 100% certificada FSC\u00ae, proveniente de bosques tropicales de Bolivia, esta mesa ofrece una resistencia excepcional frente a la intemperie, la humedad, el sol y el desgaste, garantizando durabilidad a largo plazo con un mantenimiento m\u00ednimo.<\/p>\n<p>Su tono marr\u00f3n chocolate profundo puede mantenerse con cuidados b\u00e1sicos o evolucionar con el tiempo hacia una elegante p\u00e1tina plateada, aportando car\u00e1cter y sofisticaci\u00f3n al espacio.<\/p>\n<p>Gracias a su dise\u00f1o, materiales premium y funcionalidad, la mesa de centro Mosaic es ideal para crear espacios exteriores elegantes, sociales y duraderos, tanto en terrazas residenciales como en proyectos de hospitalidad.<\/p>\n","protected":false},"excerpt":{"rendered":"<p>Mesa de centro rectangular en madera de Ipe FSC\u00ae con dise\u00f1o sofisticado y amplia superficie. Ideal para exteriores premium.<\/p>\n","protected":false},"featured_media":29433,"comment_status":"closed","ping_status":"closed","template":"","meta":{"_joinchat":[]},"product_brand":[],"product_cat":[2209,706,2062,40,1814],"product_tag":[],"accesorios":[],"coleccion":[],"espacios":[],"marca":[],"material":[],"class_list":{"0":"post-29434","1":"product","2":"type-product","3":"status-publish","4":"has-post-thumbnail","6":"product_cat-coleccion-fundations","7":"product_cat-exterior","8":"product_cat-jensen","9":"product_cat-madera","10":"product_cat-mesa","11":"sales-flash-overlay","12":"woocommerce-text-align-center","13":"woocommerce-image-align-center","14":"wc-has-gallery","16":"first","17":"instock","18":"shipping-taxable","19":"purchasable","20":"product-type-simple"},"_links":{"self":[{"href":"https:\/\/atmosferasmuebles.com\/tienda\/wp-json\/wp\/v2\/product\/29434","targetHints":{"allow":["GET"]}}],"collection":[{"href":"https:\/\/atmosferasmuebles.com\/tienda\/wp-json\/wp\/v2\/product"}],"about":[{"href":"https:\/\/atmosferasmuebles.com\/tienda\/wp-json\/wp\/v2\/types\/product"}],"replies":[{"embeddable":true,"href":"https:\/\/atmosferasmuebles.com\/tienda\/wp-json\/wp\/v2\/comments?post=29434"}],"version-history":[{"count":0,"href":"https:\/\/atmosferasmuebles.com\/tienda\/wp-json\/wp\/v2\/product\/29434\/revisions"}],"wp:featuredmedia":[{"embeddable":true,"href":"https:\/\/atmosferasmuebles.com\/tienda\/wp-json\/wp\/v2\/media\/29433"}],"wp:attachment":[{"href":"https:\/\/atmosferasmuebles.com\/tienda\/wp-json\/wp\/v2\/media?parent=29434"}],"wp:term":[{"taxonomy":"product_brand","embeddable":true,"href":"https:\/\/atmosferasmuebles.com\/tienda\/wp-json\/wp\/v2\/product_brand?post=29434"},{"taxonomy":"product_cat","embeddable":true,"href":"https:\/\/atmosferasmuebles.com\/tienda\/wp-json\/wp\/v2\/product_cat?post=29434"},{"taxonomy":"product_tag","embeddable":true,"href":"https:\/\/atmosferasmuebles.com\/tienda\/wp-json\/wp\/v2\/product_tag?post=29434"},{"taxonomy":"accesorios","embeddable":true,"href":"https:\/\/atmosferasmuebles.com\/tienda\/wp-json\/wp\/v2\/accesorios?post=29434"},{"taxonomy":"coleccion","embeddable":true,"href":"https:\/\/atmosferasmuebles.com\/tienda\/wp-json\/wp\/v2\/coleccion?post=29434"},{"taxonomy":"espacios","embeddable":true,"href":"https:\/\/atmosferasmuebles.com\/tienda\/wp-json\/wp\/v2\/espacios?post=29434"},{"taxonomy":"marca","embeddable":true,"href":"https:\/\/atmosferasmuebles.com\/tienda\/wp-json\/wp\/v2\/marca?post=29434"},{"taxonomy":"material","embeddable":true,"href":"https:\/\/atmosferasmuebles.com\/tienda\/wp-json\/wp\/v2\/material?post=29434"}],"curies":[{"name":"wp","href":"https:\/\/api.w.org\/{rel}","templated":true}]}}