{"id":29429,"date":"2026-04-21T07:18:34","date_gmt":"2026-04-21T07:18:34","guid":{"rendered":"https:\/\/atmosferasmuebles.com\/tienda\/producto\/mesa-beachworth\/"},"modified":"2026-04-29T08:38:51","modified_gmt":"2026-04-29T08:38:51","slug":"mesa-beachworth","status":"publish","type":"product","link":"https:\/\/atmosferasmuebles.com\/tienda\/producto\/mesa-beachworth\/","title":{"rendered":"Mesa Beachworth"},"content":{"rendered":"<p>La mesa de comedor cuadrada Heritage de 53\u201d de Jensen Outdoor es una pieza dise\u00f1ada para crear experiencias memorables al aire libre, combinando amplitud, funcionalidad y una est\u00e9tica atemporal.<\/p>\n<p>Gracias a sus generosas dimensiones, permite reunir c\u00f3modamente hasta ocho personas, convirti\u00e9ndose en el centro ideal para comidas, reuniones y momentos especiales. Su superficie est\u00e1 elaborada con listones individuales de madera maciza de Ipe, con un acabado suave que resalta la calidad y el detalle artesanal.<\/p>\n<p>Un elemento clave de su dise\u00f1o es la abertura central para sombrilla, que permite integrar soluciones de sombra f\u00e1cilmente, aportando comodidad adicional y haciendo el espacio m\u00e1s funcional en diferentes condiciones clim\u00e1ticas.<\/p>\n<p>Forma parte de la colecci\u00f3n Heritage (antes Classic Ipe), reconocida por su enfoque cl\u00e1sico, su alta calidad y su capacidad para integrarse en distintos estilos de exterior. Su dise\u00f1o combina perfectamente con bancos Amber o sillas de comedor en Ipe, permitiendo crear conjuntos armoniosos y elegantes.<\/p>\n<p>Fabricada en madera de Ipe 100% certificada FSC\u00ae, proveniente de bosques tropicales de Bolivia, esta mesa ofrece una resistencia excepcional frente a la intemperie, el sol, la humedad y el desgaste, asegurando una larga vida \u00fatil con mantenimiento m\u00ednimo.<\/p>\n<p>Su tono marr\u00f3n chocolate profundo puede conservarse con cuidados b\u00e1sicos o evolucionar con el tiempo hacia una elegante p\u00e1tina plateada, aportando versatilidad est\u00e9tica y car\u00e1cter natural.<\/p>\n<p>Gracias a su dise\u00f1o robusto, materiales premium y funcionalidad, la mesa Heritage es ideal para crear comedores exteriores amplios, elegantes y duraderos, tanto en entornos residenciales como en proyectos de hospitalidad.<\/p>\n","protected":false},"excerpt":{"rendered":"<p>Mesa de comedor cuadrada en madera de Ipe FSC\u00ae para hasta 8 personas, con espacio para sombrilla. Elegante, resistente y perfecta para exteriores.<\/p>\n","protected":false},"featured_media":29428,"comment_status":"closed","ping_status":"closed","template":"","meta":{"_joinchat":[]},"product_brand":[],"product_cat":[2238,2208,99,706,1724,2062,40,1814,1652],"product_tag":[],"accesorios":[],"coleccion":[],"espacios":[210,1672],"marca":[],"material":[228],"class_list":{"0":"post-29429","1":"product","2":"type-product","3":"status-publish","4":"has-post-thumbnail","6":"product_cat-bases-de-sombrilla","7":"product_cat-coleccion-beachworth","8":"product_cat-comedores","9":"product_cat-exterior","10":"product_cat-exterior-e-inteiror","11":"product_cat-jensen","12":"product_cat-madera","13":"product_cat-mesa","14":"product_cat-residencial","15":"espacios-comedores","16":"espacios-residencial","17":"material-madera","18":"sales-flash-overlay","19":"woocommerce-text-align-center","20":"woocommerce-image-align-center","21":"wc-has-gallery","23":"first","24":"instock","25":"shipping-taxable","26":"purchasable","27":"product-type-simple"},"_links":{"self":[{"href":"https:\/\/atmosferasmuebles.com\/tienda\/wp-json\/wp\/v2\/product\/29429","targetHints":{"allow":["GET"]}}],"collection":[{"href":"https:\/\/atmosferasmuebles.com\/tienda\/wp-json\/wp\/v2\/product"}],"about":[{"href":"https:\/\/atmosferasmuebles.com\/tienda\/wp-json\/wp\/v2\/types\/product"}],"replies":[{"embeddable":true,"href":"https:\/\/atmosferasmuebles.com\/tienda\/wp-json\/wp\/v2\/comments?post=29429"}],"version-history":[{"count":1,"href":"https:\/\/atmosferasmuebles.com\/tienda\/wp-json\/wp\/v2\/product\/29429\/revisions"}],"predecessor-version":[{"id":29452,"href":"https:\/\/atmosferasmuebles.com\/tienda\/wp-json\/wp\/v2\/product\/29429\/revisions\/29452"}],"wp:featuredmedia":[{"embeddable":true,"href":"https:\/\/atmosferasmuebles.com\/tienda\/wp-json\/wp\/v2\/media\/29428"}],"wp:attachment":[{"href":"https:\/\/atmosferasmuebles.com\/tienda\/wp-json\/wp\/v2\/media?parent=29429"}],"wp:term":[{"taxonomy":"product_brand","embeddable":true,"href":"https:\/\/atmosferasmuebles.com\/tienda\/wp-json\/wp\/v2\/product_brand?post=29429"},{"taxonomy":"product_cat","embeddable":true,"href":"https:\/\/atmosferasmuebles.com\/tienda\/wp-json\/wp\/v2\/product_cat?post=29429"},{"taxonomy":"product_tag","embeddable":true,"href":"https:\/\/atmosferasmuebles.com\/tienda\/wp-json\/wp\/v2\/product_tag?post=29429"},{"taxonomy":"accesorios","embeddable":true,"href":"https:\/\/atmosferasmuebles.com\/tienda\/wp-json\/wp\/v2\/accesorios?post=29429"},{"taxonomy":"coleccion","embeddable":true,"href":"https:\/\/atmosferasmuebles.com\/tienda\/wp-json\/wp\/v2\/coleccion?post=29429"},{"taxonomy":"espacios","embeddable":true,"href":"https:\/\/atmosferasmuebles.com\/tienda\/wp-json\/wp\/v2\/espacios?post=29429"},{"taxonomy":"marca","embeddable":true,"href":"https:\/\/atmosferasmuebles.com\/tienda\/wp-json\/wp\/v2\/marca?post=29429"},{"taxonomy":"material","embeddable":true,"href":"https:\/\/atmosferasmuebles.com\/tienda\/wp-json\/wp\/v2\/material?post=29429"}],"curies":[{"name":"wp","href":"https:\/\/api.w.org\/{rel}","templated":true}]}}