{"id":29243,"date":"2026-04-14T06:10:25","date_gmt":"2026-04-14T06:10:25","guid":{"rendered":"https:\/\/atmosferasmuebles.com\/tienda\/?post_type=product&#038;p=29243"},"modified":"2026-04-16T00:13:10","modified_gmt":"2026-04-16T00:13:10","slug":"sky-lounge-chair","status":"publish","type":"product","link":"https:\/\/atmosferasmuebles.com\/tienda\/producto\/sky-lounge-chair\/","title":{"rendered":"Sky Lounge Chair"},"content":{"rendered":"<p>El sill\u00f3n Sky Lounge de Jensen Outdoor es mucho m\u00e1s que un asiento: es una invitaci\u00f3n a disfrutar el exterior con comodidad, dise\u00f1o y sofisticaci\u00f3n, alineado con la propuesta de valor de Atmosferas como proveedor integral de soluciones para proyectos de alto nivel .<\/p>\n<p>Dise\u00f1ado para el descanso prolongado, cuenta con un respaldo inclinado y un asiento amplio, que brindan una experiencia ergon\u00f3mica y relajante. Sus reposabrazos lineales se integran de manera fluida con la estructura, extendi\u00e9ndose hacia las patas robustas, todas elaboradas con listones esculturales de madera maciza de Ipe, aportando una est\u00e9tica s\u00f3lida y refinada.<\/p>\n<p>La colecci\u00f3n Sky se caracteriza por su estilo de transici\u00f3n, lo que permite que este sill\u00f3n se adapte f\u00e1cilmente tanto a espacios modernos como m\u00e1s tradicionales. Sus l\u00edneas limpias y su dise\u00f1o equilibrado lo convierten en una pieza vers\u00e1til dentro de cualquier ambiente exterior.<\/p>\n<p>Fabricado en madera de Ipe 100% certificada FSC\u00ae, proveniente de bosques tropicales de Bolivia, el sill\u00f3n ofrece una resistencia excepcional frente a la intemperie, la humedad, el sol y el paso del tiempo. Su tono marr\u00f3n chocolate profundo puede mantenerse con cuidados b\u00e1sicos o evolucionar hacia una elegante p\u00e1tina plateada, aportando car\u00e1cter y sofisticaci\u00f3n.<\/p>\n<p>Para maximizar el confort, puede complementarse con cojines mullidos en telas Sunbrella\u00ae, resistentes a la decoloraci\u00f3n y dise\u00f1adas para exteriores.<br \/>\nNota: los cojines decorativos opcionales no est\u00e1n incluidos en el precio.<\/p>\n<p>Gracias a su dise\u00f1o, materiales y versatilidad, el sill\u00f3n Sky Lounge es ideal para crear espacios de descanso exteriores elegantes, funcionales y duraderos, perfectos tanto para uso residencial como para proyectos de hospitalidad.<\/p>\n","protected":false},"excerpt":{"rendered":"<p>Sill\u00f3n lounge en madera de Ipe FSC\u00ae con dise\u00f1o ergon\u00f3mico y estilo de transici\u00f3n. Elegante, resistente y perfecto para exteriores.<\/p>\n","protected":false},"featured_media":29356,"comment_status":"closed","ping_status":"closed","template":"","meta":{"_joinchat":[]},"product_brand":[],"product_cat":[396,706,2062,41,40,1773],"product_tag":[],"accesorios":[],"coleccion":[],"espacios":[],"marca":[],"material":[],"class_list":{"0":"post-29243","1":"product","2":"type-product","3":"status-publish","4":"has-post-thumbnail","6":"product_cat-coleccion-sky","7":"product_cat-exterior","8":"product_cat-jensen","9":"product_cat-jensen-leisure","10":"product_cat-madera","11":"product_cat-silla","12":"sales-flash-overlay","13":"woocommerce-text-align-center","14":"woocommerce-image-align-center","15":"wc-has-gallery","17":"first","18":"instock","19":"shipping-taxable","20":"product-type-simple"},"_links":{"self":[{"href":"https:\/\/atmosferasmuebles.com\/tienda\/wp-json\/wp\/v2\/product\/29243","targetHints":{"allow":["GET"]}}],"collection":[{"href":"https:\/\/atmosferasmuebles.com\/tienda\/wp-json\/wp\/v2\/product"}],"about":[{"href":"https:\/\/atmosferasmuebles.com\/tienda\/wp-json\/wp\/v2\/types\/product"}],"replies":[{"embeddable":true,"href":"https:\/\/atmosferasmuebles.com\/tienda\/wp-json\/wp\/v2\/comments?post=29243"}],"version-history":[{"count":1,"href":"https:\/\/atmosferasmuebles.com\/tienda\/wp-json\/wp\/v2\/product\/29243\/revisions"}],"predecessor-version":[{"id":29357,"href":"https:\/\/atmosferasmuebles.com\/tienda\/wp-json\/wp\/v2\/product\/29243\/revisions\/29357"}],"wp:featuredmedia":[{"embeddable":true,"href":"https:\/\/atmosferasmuebles.com\/tienda\/wp-json\/wp\/v2\/media\/29356"}],"wp:attachment":[{"href":"https:\/\/atmosferasmuebles.com\/tienda\/wp-json\/wp\/v2\/media?parent=29243"}],"wp:term":[{"taxonomy":"product_brand","embeddable":true,"href":"https:\/\/atmosferasmuebles.com\/tienda\/wp-json\/wp\/v2\/product_brand?post=29243"},{"taxonomy":"product_cat","embeddable":true,"href":"https:\/\/atmosferasmuebles.com\/tienda\/wp-json\/wp\/v2\/product_cat?post=29243"},{"taxonomy":"product_tag","embeddable":true,"href":"https:\/\/atmosferasmuebles.com\/tienda\/wp-json\/wp\/v2\/product_tag?post=29243"},{"taxonomy":"accesorios","embeddable":true,"href":"https:\/\/atmosferasmuebles.com\/tienda\/wp-json\/wp\/v2\/accesorios?post=29243"},{"taxonomy":"coleccion","embeddable":true,"href":"https:\/\/atmosferasmuebles.com\/tienda\/wp-json\/wp\/v2\/coleccion?post=29243"},{"taxonomy":"espacios","embeddable":true,"href":"https:\/\/atmosferasmuebles.com\/tienda\/wp-json\/wp\/v2\/espacios?post=29243"},{"taxonomy":"marca","embeddable":true,"href":"https:\/\/atmosferasmuebles.com\/tienda\/wp-json\/wp\/v2\/marca?post=29243"},{"taxonomy":"material","embeddable":true,"href":"https:\/\/atmosferasmuebles.com\/tienda\/wp-json\/wp\/v2\/material?post=29243"}],"curies":[{"name":"wp","href":"https:\/\/api.w.org\/{rel}","templated":true}]}}