{"id":2923,"date":"2021-09-08T15:45:53","date_gmt":"2021-09-08T15:45:53","guid":{"rendered":"https:\/\/atmosferasmuebles.com\/tienda\/?post_type=product&#038;p=2923"},"modified":"2026-03-09T23:12:30","modified_gmt":"2026-03-09T23:12:30","slug":"mesa-redonda-london","status":"publish","type":"product","link":"https:\/\/atmosferasmuebles.com\/tienda\/producto\/mesa-redonda-london\/","title":{"rendered":"Mesa redonda London"},"content":{"rendered":"<p>Mesa redonda London desarrollada para formar parte de los ambientes m\u00e1s variados.<br \/>\nElaborado en madera de Tauar\u00ed, acabado con barniz de almendra te\u00f1ida.<br \/>\nCapacidad para 4 personas<br \/>\nSe entrega desmontada.<\/p>\n<p>Recomendaciones de uso:<br \/>\n&#8211; Para limpiar la madera, use un pa\u00f1o limpio y suave con una soluci\u00f3n de agua y jab\u00f3n l\u00edquido neutro, sec\u00e1ndolo poco despu\u00e9s. No utilice productos qu\u00edmicos y \/ o materiales corrosivos como disolventes, detergentes, refrescos, cloro, \u00e1cido, ceras y cera para muebles.<br \/>\n&#8211; Mantenga la mesa en un ambiente ventilado y nunca las deje en envases de pl\u00e1stico.<br \/>\n&#8211; No utilice los muebles al aire libre, donde est\u00e1n sujetos a la humedad, la lluvia y la luz solar directa.<\/p>\n<p>Garant\u00eda: 1 a\u00f1o (90 d\u00edas de garant\u00eda legal m\u00e1s 9 meses de garant\u00eda contractual)<\/p>\n","protected":false},"excerpt":{"rendered":"<p>Mesa redonda London ideal para a\u00f1adir funcionalidad y belleza.<br \/>\nTiene un dise\u00f1o diferente y es altamente resistente, ya que est\u00e1 fabricada \u00edntegramente en madera de Tauar\u00ed con acabado de almendra.<\/p>\n<p>Con capacidad para 4 personas est\u00e1 mesa se puede utilizar tanto en entornos residenciales o comerciales como rest\u00e1urantes.<\/p>\n","protected":false},"featured_media":2924,"comment_status":"open","ping_status":"closed","template":"","meta":{"_joinchat":[]},"product_brand":[],"product_cat":[240,61,99,40,272,241],"product_tag":[],"accesorios":[],"coleccion":[242],"espacios":[210],"marca":[224],"material":[228],"class_list":{"0":"post-2923","1":"product","2":"type-product","3":"status-publish","4":"has-post-thumbnail","6":"product_cat-coleccion-london","7":"product_cat-comedor","8":"product_cat-comedores","9":"product_cat-madera","10":"product_cat-mesas-interior","11":"product_cat-tramontina","12":"coleccion-london","13":"espacios-comedores","14":"marca-tramontina","15":"material-madera","16":"sales-flash-overlay","17":"woocommerce-text-align-center","18":"woocommerce-image-align-center","20":"first","21":"instock","22":"sale","23":"shipping-taxable","24":"purchasable","25":"product-type-variable"},"_links":{"self":[{"href":"https:\/\/atmosferasmuebles.com\/tienda\/wp-json\/wp\/v2\/product\/2923","targetHints":{"allow":["GET"]}}],"collection":[{"href":"https:\/\/atmosferasmuebles.com\/tienda\/wp-json\/wp\/v2\/product"}],"about":[{"href":"https:\/\/atmosferasmuebles.com\/tienda\/wp-json\/wp\/v2\/types\/product"}],"replies":[{"embeddable":true,"href":"https:\/\/atmosferasmuebles.com\/tienda\/wp-json\/wp\/v2\/comments?post=2923"}],"version-history":[{"count":2,"href":"https:\/\/atmosferasmuebles.com\/tienda\/wp-json\/wp\/v2\/product\/2923\/revisions"}],"predecessor-version":[{"id":10482,"href":"https:\/\/atmosferasmuebles.com\/tienda\/wp-json\/wp\/v2\/product\/2923\/revisions\/10482"}],"wp:featuredmedia":[{"embeddable":true,"href":"https:\/\/atmosferasmuebles.com\/tienda\/wp-json\/wp\/v2\/media\/2924"}],"wp:attachment":[{"href":"https:\/\/atmosferasmuebles.com\/tienda\/wp-json\/wp\/v2\/media?parent=2923"}],"wp:term":[{"taxonomy":"product_brand","embeddable":true,"href":"https:\/\/atmosferasmuebles.com\/tienda\/wp-json\/wp\/v2\/product_brand?post=2923"},{"taxonomy":"product_cat","embeddable":true,"href":"https:\/\/atmosferasmuebles.com\/tienda\/wp-json\/wp\/v2\/product_cat?post=2923"},{"taxonomy":"product_tag","embeddable":true,"href":"https:\/\/atmosferasmuebles.com\/tienda\/wp-json\/wp\/v2\/product_tag?post=2923"},{"taxonomy":"accesorios","embeddable":true,"href":"https:\/\/atmosferasmuebles.com\/tienda\/wp-json\/wp\/v2\/accesorios?post=2923"},{"taxonomy":"coleccion","embeddable":true,"href":"https:\/\/atmosferasmuebles.com\/tienda\/wp-json\/wp\/v2\/coleccion?post=2923"},{"taxonomy":"espacios","embeddable":true,"href":"https:\/\/atmosferasmuebles.com\/tienda\/wp-json\/wp\/v2\/espacios?post=2923"},{"taxonomy":"marca","embeddable":true,"href":"https:\/\/atmosferasmuebles.com\/tienda\/wp-json\/wp\/v2\/marca?post=2923"},{"taxonomy":"material","embeddable":true,"href":"https:\/\/atmosferasmuebles.com\/tienda\/wp-json\/wp\/v2\/material?post=2923"}],"curies":[{"name":"wp","href":"https:\/\/api.w.org\/{rel}","templated":true}]}}