{"id":2914,"date":"2021-09-08T15:14:33","date_gmt":"2021-09-08T15:14:33","guid":{"rendered":"https:\/\/atmosferasmuebles.com\/tienda\/?post_type=product&#038;p=2914"},"modified":"2026-03-09T23:12:29","modified_gmt":"2026-03-09T23:12:29","slug":"mesa-rectangular-london","status":"publish","type":"product","link":"https:\/\/atmosferasmuebles.com\/tienda\/producto\/mesa-rectangular-london\/","title":{"rendered":"Mesa rectangular London"},"content":{"rendered":"<p>Mesa rectangular London ofrece un dise\u00f1o armonioso, con l\u00edneas llamativas y un acabado sofisticado.<br \/>\nElaborado en madera de Tauar\u00ed, acabado con barniz de almendra te\u00f1ida.<br \/>\nCapacidad para 4 personas<br \/>\nSe entrega desmontada.<\/p>\n<p>Recomendaciones de uso:<br \/>\n&#8211; Para limpiar la madera, use un pa\u00f1o limpio y suave con una soluci\u00f3n de agua y jab\u00f3n l\u00edquido neutro, sec\u00e1ndolo poco despu\u00e9s. No utilice productos qu\u00edmicos y \/ o materiales corrosivos como disolventes, detergentes, refrescos, cloro, \u00e1cido, ceras y cera para muebles.<br \/>\n&#8211; Mantenga la mesa en un ambiente ventilado y nunca las deje en envases de pl\u00e1stico.<br \/>\n&#8211; No utilice los muebles al aire libre, donde est\u00e1n sujetos a la humedad, la lluvia y la luz solar directa.<\/p>\n<p>Garant\u00eda: 1 a\u00f1o (90 d\u00edas de garant\u00eda legal m\u00e1s 9 meses de garant\u00eda contractual)<\/p>\n","protected":false},"excerpt":{"rendered":"<p>Mesa rectangular London una mesa perfecta para vivir los mejores momentos ya sea una reuni\u00f3n o un almuerzo en familia.<br \/>\nCon capacidad para 6 personas y fabricada con madera tauar\u00ed, terminado en almendra, le proporcionara m\u00e1s durabilidad y resistencia a su espacio.<\/p>\n","protected":false},"featured_media":2916,"comment_status":"open","ping_status":"closed","template":"","meta":{"_joinchat":[]},"product_brand":[],"product_cat":[240,61,99,40,272,877,241],"product_tag":[],"accesorios":[],"coleccion":[242],"espacios":[210],"marca":[224],"material":[228],"class_list":{"0":"post-2914","1":"product","2":"type-product","3":"status-publish","4":"has-post-thumbnail","6":"product_cat-coleccion-london","7":"product_cat-comedor","8":"product_cat-comedores","9":"product_cat-madera","10":"product_cat-mesas-interior","11":"product_cat-outlet","12":"product_cat-tramontina","13":"coleccion-london","14":"espacios-comedores","15":"marca-tramontina","16":"material-madera","17":"sales-flash-overlay","18":"woocommerce-text-align-center","19":"woocommerce-image-align-center","20":"wc-has-gallery","22":"first","23":"instock","24":"sale","25":"shipping-taxable","26":"purchasable","27":"product-type-simple"},"_links":{"self":[{"href":"https:\/\/atmosferasmuebles.com\/tienda\/wp-json\/wp\/v2\/product\/2914","targetHints":{"allow":["GET"]}}],"collection":[{"href":"https:\/\/atmosferasmuebles.com\/tienda\/wp-json\/wp\/v2\/product"}],"about":[{"href":"https:\/\/atmosferasmuebles.com\/tienda\/wp-json\/wp\/v2\/types\/product"}],"replies":[{"embeddable":true,"href":"https:\/\/atmosferasmuebles.com\/tienda\/wp-json\/wp\/v2\/comments?post=2914"}],"version-history":[{"count":1,"href":"https:\/\/atmosferasmuebles.com\/tienda\/wp-json\/wp\/v2\/product\/2914\/revisions"}],"predecessor-version":[{"id":2919,"href":"https:\/\/atmosferasmuebles.com\/tienda\/wp-json\/wp\/v2\/product\/2914\/revisions\/2919"}],"wp:featuredmedia":[{"embeddable":true,"href":"https:\/\/atmosferasmuebles.com\/tienda\/wp-json\/wp\/v2\/media\/2916"}],"wp:attachment":[{"href":"https:\/\/atmosferasmuebles.com\/tienda\/wp-json\/wp\/v2\/media?parent=2914"}],"wp:term":[{"taxonomy":"product_brand","embeddable":true,"href":"https:\/\/atmosferasmuebles.com\/tienda\/wp-json\/wp\/v2\/product_brand?post=2914"},{"taxonomy":"product_cat","embeddable":true,"href":"https:\/\/atmosferasmuebles.com\/tienda\/wp-json\/wp\/v2\/product_cat?post=2914"},{"taxonomy":"product_tag","embeddable":true,"href":"https:\/\/atmosferasmuebles.com\/tienda\/wp-json\/wp\/v2\/product_tag?post=2914"},{"taxonomy":"accesorios","embeddable":true,"href":"https:\/\/atmosferasmuebles.com\/tienda\/wp-json\/wp\/v2\/accesorios?post=2914"},{"taxonomy":"coleccion","embeddable":true,"href":"https:\/\/atmosferasmuebles.com\/tienda\/wp-json\/wp\/v2\/coleccion?post=2914"},{"taxonomy":"espacios","embeddable":true,"href":"https:\/\/atmosferasmuebles.com\/tienda\/wp-json\/wp\/v2\/espacios?post=2914"},{"taxonomy":"marca","embeddable":true,"href":"https:\/\/atmosferasmuebles.com\/tienda\/wp-json\/wp\/v2\/marca?post=2914"},{"taxonomy":"material","embeddable":true,"href":"https:\/\/atmosferasmuebles.com\/tienda\/wp-json\/wp\/v2\/material?post=2914"}],"curies":[{"name":"wp","href":"https:\/\/api.w.org\/{rel}","templated":true}]}}