{"id":29096,"date":"2026-04-14T06:09:25","date_gmt":"2026-04-14T06:09:25","guid":{"rendered":"https:\/\/atmosferasmuebles.com\/tienda\/?post_type=product&#038;p=29096"},"modified":"2026-04-16T00:13:12","modified_gmt":"2026-04-16T00:13:12","slug":"mix-rectangular-coffee-table","status":"publish","type":"product","link":"https:\/\/atmosferasmuebles.com\/tienda\/producto\/mix-rectangular-coffee-table\/","title":{"rendered":"Mix Rectangular Coffee Table"},"content":{"rendered":"<p>La mesa de centro rectangular Mix de Jensen Outdoor es una pieza clave dentro de la colecci\u00f3n, dise\u00f1ada para aportar funcionalidad, dise\u00f1o contempor\u00e1neo y versatilidad est\u00e9tica a espacios exteriores sofisticados.<\/p>\n<p>Ideal como punto central en configuraciones lounge, ofrece una amplia superficie perfecta para colocar bebidas, aperitivos o elementos decorativos, convirti\u00e9ndose en el escenario ideal para momentos de convivencia. Su dise\u00f1o robusto se complementa con patas esculpidas elaboradas a partir de listones lineales de madera maciza de Ipe, aportando estabilidad y una presencia elegante.<\/p>\n<p>Uno de sus atributos m\u00e1s distintivos es su capacidad de transformaci\u00f3n visual, ya que sus paneles superiores pueden girarse en distintas direcciones, permitiendo modificar su apariencia y adaptarla al estilo del entorno.<\/p>\n<p>Forma parte de la colecci\u00f3n Mix, reconocida por su enfoque modular, l\u00edneas limpias y una est\u00e9tica contempor\u00e1nea que facilita su integraci\u00f3n con otros elementos para crear espacios armoniosos y personalizados.<\/p>\n<p>Fabricada en madera de Ipe 100% certificada FSC\u00ae, proveniente de bosques tropicales de Bolivia, esta mesa garantiza una resistencia excepcional frente a la intemperie, la humedad y el desgaste. Su tono marr\u00f3n chocolate puede mantenerse con cuidados b\u00e1sicos o evolucionar hacia una sofisticada p\u00e1tina plateada, aportando car\u00e1cter y elegancia con el tiempo.<\/p>\n<p>Gracias a su dise\u00f1o adaptable, materiales premium y funcionalidad, la mesa de centro Mix es ideal para terrazas, jardines o \u00e1reas lounge, elevando tanto la est\u00e9tica como la experiencia del espacio exterior.<\/p>\n","protected":false},"excerpt":{"rendered":"<p>La mesa de centro rectangular Mix de Jensen Outdoor es una pieza clave dentro de la colecci\u00f3n, dise\u00f1ada para aportar funcionalidad, dise\u00f1o contempor\u00e1neo y versatilidad est\u00e9tica a espacios exteriores sofisticados.<\/p>\n<p>Ideal como punto central en configuraciones lounge, ofrece una amplia superficie perfecta para colocar bebidas, aperitivos o elementos decorativos, convirti\u00e9ndose en el escenario ideal para momentos de convivencia. Su dise\u00f1o robusto se complementa con patas esculpidas elaboradas a partir de listones lineales de madera maciza de Ipe, aportando estabilidad y una presencia elegante.<\/p>\n<p>Uno de sus atributos m\u00e1s distintivos es su capacidad de transformaci\u00f3n visual, ya que sus paneles superiores pueden girarse en distintas direcciones, permitiendo modificar su apariencia y adaptarla al estilo del entorno.<\/p>\n<p>Forma parte de la colecci\u00f3n Mix, reconocida por su enfoque modular, l\u00edneas limpias y una est\u00e9tica contempor\u00e1nea que facilita su integraci\u00f3n con otros elementos para crear espacios armoniosos y personalizados.<\/p>\n<p>Fabricada en madera de Ipe 100% certificada FSC\u00ae, proveniente de bosques tropicales de Bolivia, esta mesa garantiza una resistencia excepcional frente a la intemperie, la humedad y el desgaste. Su tono marr\u00f3n chocolate puede mantenerse con cuidados b\u00e1sicos o evolucionar hacia una sofisticada p\u00e1tina plateada, aportando car\u00e1cter y elegancia con el tiempo.<\/p>\n<p>Gracias a su dise\u00f1o adaptable, materiales premium y funcionalidad, la mesa de centro Mix es ideal para terrazas, jardines o \u00e1reas lounge, elevando tanto la est\u00e9tica como la experiencia del espacio exterior.<\/p>\n","protected":false},"featured_media":29104,"comment_status":"closed","ping_status":"closed","template":"","meta":{"_joinchat":[]},"product_brand":[],"product_cat":[2075,706,2062,41,40,1814],"product_tag":[],"accesorios":[],"coleccion":[],"espacios":[],"marca":[],"material":[],"class_list":{"0":"post-29096","1":"product","2":"type-product","3":"status-publish","4":"has-post-thumbnail","6":"product_cat-coleccion-mix","7":"product_cat-exterior","8":"product_cat-jensen","9":"product_cat-jensen-leisure","10":"product_cat-madera","11":"product_cat-mesa","12":"sales-flash-overlay","13":"woocommerce-text-align-center","14":"woocommerce-image-align-center","15":"wc-has-gallery","17":"first","18":"instock","19":"shipping-taxable","20":"product-type-simple"},"_links":{"self":[{"href":"https:\/\/atmosferasmuebles.com\/tienda\/wp-json\/wp\/v2\/product\/29096","targetHints":{"allow":["GET"]}}],"collection":[{"href":"https:\/\/atmosferasmuebles.com\/tienda\/wp-json\/wp\/v2\/product"}],"about":[{"href":"https:\/\/atmosferasmuebles.com\/tienda\/wp-json\/wp\/v2\/types\/product"}],"replies":[{"embeddable":true,"href":"https:\/\/atmosferasmuebles.com\/tienda\/wp-json\/wp\/v2\/comments?post=29096"}],"version-history":[{"count":1,"href":"https:\/\/atmosferasmuebles.com\/tienda\/wp-json\/wp\/v2\/product\/29096\/revisions"}],"predecessor-version":[{"id":29105,"href":"https:\/\/atmosferasmuebles.com\/tienda\/wp-json\/wp\/v2\/product\/29096\/revisions\/29105"}],"wp:featuredmedia":[{"embeddable":true,"href":"https:\/\/atmosferasmuebles.com\/tienda\/wp-json\/wp\/v2\/media\/29104"}],"wp:attachment":[{"href":"https:\/\/atmosferasmuebles.com\/tienda\/wp-json\/wp\/v2\/media?parent=29096"}],"wp:term":[{"taxonomy":"product_brand","embeddable":true,"href":"https:\/\/atmosferasmuebles.com\/tienda\/wp-json\/wp\/v2\/product_brand?post=29096"},{"taxonomy":"product_cat","embeddable":true,"href":"https:\/\/atmosferasmuebles.com\/tienda\/wp-json\/wp\/v2\/product_cat?post=29096"},{"taxonomy":"product_tag","embeddable":true,"href":"https:\/\/atmosferasmuebles.com\/tienda\/wp-json\/wp\/v2\/product_tag?post=29096"},{"taxonomy":"accesorios","embeddable":true,"href":"https:\/\/atmosferasmuebles.com\/tienda\/wp-json\/wp\/v2\/accesorios?post=29096"},{"taxonomy":"coleccion","embeddable":true,"href":"https:\/\/atmosferasmuebles.com\/tienda\/wp-json\/wp\/v2\/coleccion?post=29096"},{"taxonomy":"espacios","embeddable":true,"href":"https:\/\/atmosferasmuebles.com\/tienda\/wp-json\/wp\/v2\/espacios?post=29096"},{"taxonomy":"marca","embeddable":true,"href":"https:\/\/atmosferasmuebles.com\/tienda\/wp-json\/wp\/v2\/marca?post=29096"},{"taxonomy":"material","embeddable":true,"href":"https:\/\/atmosferasmuebles.com\/tienda\/wp-json\/wp\/v2\/material?post=29096"}],"curies":[{"name":"wp","href":"https:\/\/api.w.org\/{rel}","templated":true}]}}