{"id":2900,"date":"2021-09-08T14:45:01","date_gmt":"2021-09-08T14:45:01","guid":{"rendered":"https:\/\/atmosferasmuebles.com\/tienda\/?post_type=product&#038;p=2900"},"modified":"2026-01-25T03:35:10","modified_gmt":"2026-01-25T03:35:10","slug":"silla-con-brazos-london","status":"publish","type":"product","link":"https:\/\/atmosferasmuebles.com\/tienda\/producto\/silla-con-brazos-london\/","title":{"rendered":"Silla con brazos London"},"content":{"rendered":"<p>Silla con brazos London hecha en madera Tauar\u00ed en acabado con barniz de almendra te\u00f1ida.<br \/>\nSe entrega montado.<br \/>\nRecomendaciones de uso:<br \/>\n&#8211; Para limpiar la madera, use un pa\u00f1o limpio y suave con una soluci\u00f3n de agua y jab\u00f3n l\u00edquido neutro, sec\u00e1ndolo poco despu\u00e9s. No utilice productos qu\u00edmicos y \/ o materiales corrosivos como disolventes, detergentes, refrescos, cloro, \u00e1cido, ceras y cera para muebles.<br \/>\n&#8211; Mantenga la silla en un ambiente ventilado y nunca las deje en envases de pl\u00e1stico.<br \/>\n&#8211; No utilice los muebles al aire libre, donde est\u00e1n sujetos a la humedad, la lluvia y la luz solar directa.<\/p>\n<p>Garant\u00eda: 1 a\u00f1o (90 d\u00edas de garant\u00eda legal m\u00e1s 9 meses de garant\u00eda contractual)<\/p>\n","protected":false},"excerpt":{"rendered":"<p>Silla con brazos London va a renovar su ambiente con su dise\u00f1o sofisticado y sus l\u00edneas marcadas, proporcionando gran comodidad para el uso diario. Con brazos, es todav\u00eda m\u00e1s robusta e imponente.<br \/>\nPor ser fabricada con madera tauar\u00ed con acabado almendra, garantiza alta resistencia y durabilidad. Adem\u00e1s, la madera hace que el espacio sea m\u00e1s acogedor.<\/p>\n","protected":false},"featured_media":2902,"comment_status":"open","ping_status":"closed","template":"","meta":{"_joinchat":[]},"product_brand":[],"product_cat":[240,61,99,40,271,241],"product_tag":[],"accesorios":[],"coleccion":[242],"espacios":[210],"marca":[224],"material":[228],"class_list":{"0":"post-2900","1":"product","2":"type-product","3":"status-publish","4":"has-post-thumbnail","6":"product_cat-coleccion-london","7":"product_cat-comedor","8":"product_cat-comedores","9":"product_cat-madera","10":"product_cat-sillas-interior","11":"product_cat-tramontina","12":"coleccion-london","13":"espacios-comedores","14":"marca-tramontina","15":"material-madera","16":"sales-flash-overlay","17":"woocommerce-text-align-center","18":"woocommerce-image-align-center","19":"wc-has-gallery","21":"first","22":"instock","23":"shipping-taxable","24":"purchasable","25":"product-type-simple"},"_links":{"self":[{"href":"https:\/\/atmosferasmuebles.com\/tienda\/wp-json\/wp\/v2\/product\/2900","targetHints":{"allow":["GET"]}}],"collection":[{"href":"https:\/\/atmosferasmuebles.com\/tienda\/wp-json\/wp\/v2\/product"}],"about":[{"href":"https:\/\/atmosferasmuebles.com\/tienda\/wp-json\/wp\/v2\/types\/product"}],"replies":[{"embeddable":true,"href":"https:\/\/atmosferasmuebles.com\/tienda\/wp-json\/wp\/v2\/comments?post=2900"}],"version-history":[{"count":1,"href":"https:\/\/atmosferasmuebles.com\/tienda\/wp-json\/wp\/v2\/product\/2900\/revisions"}],"predecessor-version":[{"id":2905,"href":"https:\/\/atmosferasmuebles.com\/tienda\/wp-json\/wp\/v2\/product\/2900\/revisions\/2905"}],"wp:featuredmedia":[{"embeddable":true,"href":"https:\/\/atmosferasmuebles.com\/tienda\/wp-json\/wp\/v2\/media\/2902"}],"wp:attachment":[{"href":"https:\/\/atmosferasmuebles.com\/tienda\/wp-json\/wp\/v2\/media?parent=2900"}],"wp:term":[{"taxonomy":"product_brand","embeddable":true,"href":"https:\/\/atmosferasmuebles.com\/tienda\/wp-json\/wp\/v2\/product_brand?post=2900"},{"taxonomy":"product_cat","embeddable":true,"href":"https:\/\/atmosferasmuebles.com\/tienda\/wp-json\/wp\/v2\/product_cat?post=2900"},{"taxonomy":"product_tag","embeddable":true,"href":"https:\/\/atmosferasmuebles.com\/tienda\/wp-json\/wp\/v2\/product_tag?post=2900"},{"taxonomy":"accesorios","embeddable":true,"href":"https:\/\/atmosferasmuebles.com\/tienda\/wp-json\/wp\/v2\/accesorios?post=2900"},{"taxonomy":"coleccion","embeddable":true,"href":"https:\/\/atmosferasmuebles.com\/tienda\/wp-json\/wp\/v2\/coleccion?post=2900"},{"taxonomy":"espacios","embeddable":true,"href":"https:\/\/atmosferasmuebles.com\/tienda\/wp-json\/wp\/v2\/espacios?post=2900"},{"taxonomy":"marca","embeddable":true,"href":"https:\/\/atmosferasmuebles.com\/tienda\/wp-json\/wp\/v2\/marca?post=2900"},{"taxonomy":"material","embeddable":true,"href":"https:\/\/atmosferasmuebles.com\/tienda\/wp-json\/wp\/v2\/material?post=2900"}],"curies":[{"name":"wp","href":"https:\/\/api.w.org\/{rel}","templated":true}]}}