{"id":26228,"date":"2026-02-10T21:04:36","date_gmt":"2026-02-10T21:04:36","guid":{"rendered":"https:\/\/atmosferasmuebles.com\/tienda\/?post_type=product&#038;p=26228"},"modified":"2026-02-10T21:08:14","modified_gmt":"2026-02-10T21:08:14","slug":"suspension-hamacas-tree-mount","status":"publish","type":"product","link":"https:\/\/atmosferasmuebles.com\/tienda\/producto\/suspension-hamacas-tree-mount\/","title":{"rendered":"Suspensi\u00f3n Hamacas Tree Mount"},"content":{"rendered":"<p>Conjunto de suspensi\u00f3n multiprop\u00f3sito para hamacas.<\/p>\n<p>El \u00faltimo kit de suspensi\u00f3n para hamacas: CasaMount es la soluci\u00f3n universal para colgar cualquier hamaca de cualquier tipo de pared o techo, tanto en interiores como en exteriores. Sin complicaciones y f\u00e1cil de instalar, el dise\u00f1o patentado presenta una gu\u00eda de tornillo en \u00e1ngulo opcional para usar en montantes de paneles de yeso de madera, \u00a1la \u00fanica suspensi\u00f3n de hamacas de este tipo!<\/p>\n<p><iframe title=\"LA SIESTA Tree Mount 2rope- Baum- &amp; Pfosten-Befestigung f\u00fcr H\u00e4ngematten\" width=\"1200\" height=\"675\" src=\"https:\/\/www.youtube.com\/embed\/JnAdGnBjA7o?feature=oembed\" frameborder=\"0\" allow=\"accelerometer; autoplay; clipboard-write; encrypted-media; gyroscope; picture-in-picture; web-share\" referrerpolicy=\"strict-origin-when-cross-origin\" allowfullscreen><\/iframe><\/p>\n","protected":false},"excerpt":{"rendered":"<p>El \u00faltimo kit de suspensi\u00f3n para hamacas: CasaMount es la soluci\u00f3n universal para colgar cualquier hamaca de cualquier tipo de pared o techo, tanto en interiores como en exteriores.<\/p>\n","protected":false},"featured_media":26253,"comment_status":"open","ping_status":"closed","template":"","meta":{"_joinchat":[]},"product_brand":[],"product_cat":[1205,1864,1865],"product_tag":[],"accesorios":[1857],"coleccion":[],"espacios":[],"marca":[],"material":[],"class_list":{"0":"post-26228","1":"product","2":"type-product","3":"status-publish","4":"has-post-thumbnail","6":"product_cat-accesorios","7":"product_cat-accesorios-para-jardin","8":"product_cat-hamacas","9":"accesorios-hamacas","10":"sales-flash-overlay","11":"woocommerce-text-align-center","12":"woocommerce-image-align-center","13":"wc-has-gallery","15":"first","16":"instock","17":"shipping-taxable","18":"purchasable","19":"product-type-simple"},"_links":{"self":[{"href":"https:\/\/atmosferasmuebles.com\/tienda\/wp-json\/wp\/v2\/product\/26228","targetHints":{"allow":["GET"]}}],"collection":[{"href":"https:\/\/atmosferasmuebles.com\/tienda\/wp-json\/wp\/v2\/product"}],"about":[{"href":"https:\/\/atmosferasmuebles.com\/tienda\/wp-json\/wp\/v2\/types\/product"}],"replies":[{"embeddable":true,"href":"https:\/\/atmosferasmuebles.com\/tienda\/wp-json\/wp\/v2\/comments?post=26228"}],"version-history":[{"count":1,"href":"https:\/\/atmosferasmuebles.com\/tienda\/wp-json\/wp\/v2\/product\/26228\/revisions"}],"predecessor-version":[{"id":26254,"href":"https:\/\/atmosferasmuebles.com\/tienda\/wp-json\/wp\/v2\/product\/26228\/revisions\/26254"}],"wp:featuredmedia":[{"embeddable":true,"href":"https:\/\/atmosferasmuebles.com\/tienda\/wp-json\/wp\/v2\/media\/26253"}],"wp:attachment":[{"href":"https:\/\/atmosferasmuebles.com\/tienda\/wp-json\/wp\/v2\/media?parent=26228"}],"wp:term":[{"taxonomy":"product_brand","embeddable":true,"href":"https:\/\/atmosferasmuebles.com\/tienda\/wp-json\/wp\/v2\/product_brand?post=26228"},{"taxonomy":"product_cat","embeddable":true,"href":"https:\/\/atmosferasmuebles.com\/tienda\/wp-json\/wp\/v2\/product_cat?post=26228"},{"taxonomy":"product_tag","embeddable":true,"href":"https:\/\/atmosferasmuebles.com\/tienda\/wp-json\/wp\/v2\/product_tag?post=26228"},{"taxonomy":"accesorios","embeddable":true,"href":"https:\/\/atmosferasmuebles.com\/tienda\/wp-json\/wp\/v2\/accesorios?post=26228"},{"taxonomy":"coleccion","embeddable":true,"href":"https:\/\/atmosferasmuebles.com\/tienda\/wp-json\/wp\/v2\/coleccion?post=26228"},{"taxonomy":"espacios","embeddable":true,"href":"https:\/\/atmosferasmuebles.com\/tienda\/wp-json\/wp\/v2\/espacios?post=26228"},{"taxonomy":"marca","embeddable":true,"href":"https:\/\/atmosferasmuebles.com\/tienda\/wp-json\/wp\/v2\/marca?post=26228"},{"taxonomy":"material","embeddable":true,"href":"https:\/\/atmosferasmuebles.com\/tienda\/wp-json\/wp\/v2\/material?post=26228"}],"curies":[{"name":"wp","href":"https:\/\/api.w.org\/{rel}","templated":true}]}}