{"id":26225,"date":"2026-02-10T21:04:36","date_gmt":"2026-02-10T21:04:36","guid":{"rendered":"https:\/\/atmosferasmuebles.com\/tienda\/?post_type=product&#038;p=26225"},"modified":"2026-02-10T21:08:14","modified_gmt":"2026-02-10T21:08:14","slug":"hamaca-brisa-sea-salt","status":"publish","type":"product","link":"https:\/\/atmosferasmuebles.com\/tienda\/producto\/hamaca-brisa-sea-salt\/","title":{"rendered":"Hamaca Brisa Sea Salt"},"content":{"rendered":"<p>Hamaca cl\u00e1sica Kingsize resistente a la intemperie.<br \/>\nLa opci\u00f3n libre de estr\u00e9s para una relajaci\u00f3n f\u00e1cil y ventosa en el patio trasero. Desde vibrante y colorido hasta neutral y elegante, hay una Brisa perfecta para cada hogar.<\/p>\n<p><iframe title=\"LA SIESTA Brisa | Die wetterbest\u00e4ndige H\u00e4ngematte f\u00fcr deinen Garten\" width=\"1200\" height=\"675\" src=\"https:\/\/www.youtube.com\/embed\/cHt4T9p3gdQ?feature=oembed\" frameborder=\"0\" allow=\"accelerometer; autoplay; clipboard-write; encrypted-media; gyroscope; picture-in-picture; web-share\" referrerpolicy=\"strict-origin-when-cross-origin\" allowfullscreen><\/iframe><\/p>\n","protected":false},"excerpt":{"rendered":"<p>Hamaca cl\u00e1sica Kingsize resistente a la intemperie.<br \/>\nLa opci\u00f3n libre de estr\u00e9s para una relajaci\u00f3n f\u00e1cil y ventosa en el patio trasero. Desde vibrante y colorido hasta neutral y elegante, hay una Brisa perfecta para cada hogar.<\/p>\n","protected":false},"featured_media":26263,"comment_status":"open","ping_status":"closed","template":"","meta":{"_joinchat":[]},"product_brand":[],"product_cat":[1205,1864,1865],"product_tag":[],"accesorios":[1857],"coleccion":[],"espacios":[],"marca":[],"material":[],"class_list":{"0":"post-26225","1":"product","2":"type-product","3":"status-publish","4":"has-post-thumbnail","6":"product_cat-accesorios","7":"product_cat-accesorios-para-jardin","8":"product_cat-hamacas","9":"accesorios-hamacas","10":"sales-flash-overlay","11":"woocommerce-text-align-center","12":"woocommerce-image-align-center","13":"wc-has-gallery","15":"first","16":"instock","17":"shipping-taxable","18":"purchasable","19":"product-type-simple"},"_links":{"self":[{"href":"https:\/\/atmosferasmuebles.com\/tienda\/wp-json\/wp\/v2\/product\/26225","targetHints":{"allow":["GET"]}}],"collection":[{"href":"https:\/\/atmosferasmuebles.com\/tienda\/wp-json\/wp\/v2\/product"}],"about":[{"href":"https:\/\/atmosferasmuebles.com\/tienda\/wp-json\/wp\/v2\/types\/product"}],"replies":[{"embeddable":true,"href":"https:\/\/atmosferasmuebles.com\/tienda\/wp-json\/wp\/v2\/comments?post=26225"}],"version-history":[{"count":1,"href":"https:\/\/atmosferasmuebles.com\/tienda\/wp-json\/wp\/v2\/product\/26225\/revisions"}],"predecessor-version":[{"id":26264,"href":"https:\/\/atmosferasmuebles.com\/tienda\/wp-json\/wp\/v2\/product\/26225\/revisions\/26264"}],"wp:featuredmedia":[{"embeddable":true,"href":"https:\/\/atmosferasmuebles.com\/tienda\/wp-json\/wp\/v2\/media\/26263"}],"wp:attachment":[{"href":"https:\/\/atmosferasmuebles.com\/tienda\/wp-json\/wp\/v2\/media?parent=26225"}],"wp:term":[{"taxonomy":"product_brand","embeddable":true,"href":"https:\/\/atmosferasmuebles.com\/tienda\/wp-json\/wp\/v2\/product_brand?post=26225"},{"taxonomy":"product_cat","embeddable":true,"href":"https:\/\/atmosferasmuebles.com\/tienda\/wp-json\/wp\/v2\/product_cat?post=26225"},{"taxonomy":"product_tag","embeddable":true,"href":"https:\/\/atmosferasmuebles.com\/tienda\/wp-json\/wp\/v2\/product_tag?post=26225"},{"taxonomy":"accesorios","embeddable":true,"href":"https:\/\/atmosferasmuebles.com\/tienda\/wp-json\/wp\/v2\/accesorios?post=26225"},{"taxonomy":"coleccion","embeddable":true,"href":"https:\/\/atmosferasmuebles.com\/tienda\/wp-json\/wp\/v2\/coleccion?post=26225"},{"taxonomy":"espacios","embeddable":true,"href":"https:\/\/atmosferasmuebles.com\/tienda\/wp-json\/wp\/v2\/espacios?post=26225"},{"taxonomy":"marca","embeddable":true,"href":"https:\/\/atmosferasmuebles.com\/tienda\/wp-json\/wp\/v2\/marca?post=26225"},{"taxonomy":"material","embeddable":true,"href":"https:\/\/atmosferasmuebles.com\/tienda\/wp-json\/wp\/v2\/material?post=26225"}],"curies":[{"name":"wp","href":"https:\/\/api.w.org\/{rel}","templated":true}]}}