{"id":2524,"date":"2021-07-27T01:31:04","date_gmt":"2021-07-27T01:31:04","guid":{"rendered":"https:\/\/atmosferasmuebles.com\/tienda\/?post_type=product&#038;p=2524"},"modified":"2025-11-19T02:41:40","modified_gmt":"2025-11-19T02:41:40","slug":"mesa-frame","status":"publish","type":"product","link":"https:\/\/atmosferasmuebles.com\/tienda\/producto\/mesa-frame\/","title":{"rendered":"Mesa Frame"},"content":{"rendered":"<p>La colecci\u00f3n FRAME nace de generar formas serenas y atemporales utilizando el marco como geometr\u00eda elemental. Las infinitas posibilidades que ofrece el material utilizando tecnolog\u00eda avanzada, fue la motivaci\u00f3n para explorar los l\u00edmites.<br \/>\nLa secci\u00f3n FRAME se ensancha creando piezas de ligereza visual a la vez que categ\u00f3ricas y resistentes.<br \/>\nFRAME satisface un amplio abanico de necesidades en cualquier espacio exterior gracias a su variedad de piezas.<\/p>\n<p>Consulta el <span style=\"color: #ff9900\"><strong><a style=\"color: #ff9900\" href=\"https:\/\/atmosferasmuebles.com\/\/public_html\/wp-content\/uploads\/sites\/vondom\/Colors-vondom.pdf\" target=\"_blank\" rel=\"noopener\">Cat\u00e1logo de Acabados y Colores Vondom<\/a><\/strong><\/span>\u00a0<span class=\"_fadeIn_m1hgl_8\">para <\/span><span class=\"_fadeIn_m1hgl_8\">conocer <\/span><span class=\"_fadeIn_m1hgl_8\">la <\/span><span class=\"_fadeIn_m1hgl_8\">variedad <\/span><span class=\"_fadeIn_m1hgl_8\">de <\/span><span class=\"_fadeIn_m1hgl_8\">acabados <\/span><span class=\"_fadeIn_m1hgl_8\">y <\/span><span class=\"_fadeIn_m1hgl_8\">tonalidades <\/span><span class=\"_fadeIn_m1hgl_8\">disponibles.<\/span><\/p>\n<p data-start=\"721\" data-end=\"871\"><em data-start=\"721\" data-end=\"869\"><span class=\"_fadeIn_m1hgl_8\">La <\/span><span class=\"_fadeIn_m1hgl_8\">selecci\u00f3n <\/span><span class=\"_fadeIn_m1hgl_8\">de <\/span><span class=\"_fadeIn_m1hgl_8\">colores <\/span><span class=\"_fadeIn_m1hgl_8\">y <\/span><span class=\"_fadeIn_m1hgl_8\">texturas <\/span><span class=\"_fadeIn_m1hgl_8\">permite <\/span><span class=\"_fadeIn_m1hgl_8\">personalizar <\/span><span class=\"_fadeIn_m1hgl_8\">tu <\/span><span class=\"_fadeIn_m1hgl_8\">mueble <\/span><span class=\"_fadeIn_m1hgl_8\">con <\/span><span class=\"_fadeIn_m1hgl_8\">un <\/span><span class=\"_fadeIn_m1hgl_8\">estilo <\/span><span class=\"_fadeIn_m1hgl_8\">\u00fanico <\/span><span class=\"_fadeIn_m1hgl_8\">y <\/span><span class=\"_fadeIn_m1hgl_8\">adaptado <\/span><span class=\"_fadeIn_m1hgl_8\">a <\/span><span class=\"_fadeIn_m1hgl_8\">cualquier <\/span><span class=\"_fadeIn_m1hgl_8\">ambiente, <\/span><span class=\"_fadeIn_m1hgl_8\">ya <\/span><span class=\"_fadeIn_m1hgl_8\">sea <\/span><span class=\"_fadeIn_m1hgl_8\">interior <\/span><span class=\"_fadeIn_m1hgl_8\">o <\/span><span class=\"_fadeIn_m1hgl_8\">exterior.<\/span><\/em><\/p>\n<p>Todos los productos de vondom est\u00e1n disponibles para su venta sobre pedido con un tiempo de entrega de 90 a 120 d\u00edas. Algunos productos se encuentran disponibles para su entrega inmediata, favor de validar con nuestros agentes de Ventas o por WhatsApp.<\/p>\n","protected":false},"excerpt":{"rendered":"<p>Mesa Frame colecci\u00f3n que nace de utilizar formas geom\u00e9tricas serenas y atemporales.<br \/>\nFabricada en aluminio extrusionado con base de aluminio fundido lacado.<br \/>\nTablero de mesa HPL \u00f3 Tablero de mesa Dekton. Art\u00edculo apto para uso interior y exterior.<\/p>\n<p>Ancho tablero material Dekton: 12cm<br \/>\nAncho tablero material HPL: 10cm<\/p>\n","protected":false},"featured_media":2250,"comment_status":"open","ping_status":"closed","template":"","meta":{"_joinchat":[]},"product_brand":[],"product_cat":[1028,61,99,26,17,59,140],"product_tag":[],"accesorios":[],"coleccion":[237],"espacios":[210],"marca":[215],"material":[234],"class_list":{"0":"post-2524","1":"product","2":"type-product","3":"status-publish","4":"has-post-thumbnail","6":"product_cat-coleccion-frame","7":"product_cat-comedor","8":"product_cat-comedores","9":"product_cat-mesas","10":"product_cat-muebles-de-exterior","11":"product_cat-resina","12":"product_cat-vondom","13":"coleccion-frame","14":"espacios-comedores","15":"marca-vondom","16":"material-resina","17":"sales-flash-overlay","18":"woocommerce-text-align-center","19":"woocommerce-image-align-center","20":"wc-has-gallery","22":"first","23":"instock","24":"shipping-taxable","25":"purchasable","26":"product-type-variable"},"_links":{"self":[{"href":"https:\/\/atmosferasmuebles.com\/tienda\/wp-json\/wp\/v2\/product\/2524","targetHints":{"allow":["GET"]}}],"collection":[{"href":"https:\/\/atmosferasmuebles.com\/tienda\/wp-json\/wp\/v2\/product"}],"about":[{"href":"https:\/\/atmosferasmuebles.com\/tienda\/wp-json\/wp\/v2\/types\/product"}],"replies":[{"embeddable":true,"href":"https:\/\/atmosferasmuebles.com\/tienda\/wp-json\/wp\/v2\/comments?post=2524"}],"version-history":[{"count":5,"href":"https:\/\/atmosferasmuebles.com\/tienda\/wp-json\/wp\/v2\/product\/2524\/revisions"}],"predecessor-version":[{"id":13880,"href":"https:\/\/atmosferasmuebles.com\/tienda\/wp-json\/wp\/v2\/product\/2524\/revisions\/13880"}],"wp:featuredmedia":[{"embeddable":true,"href":"https:\/\/atmosferasmuebles.com\/tienda\/wp-json\/wp\/v2\/media\/2250"}],"wp:attachment":[{"href":"https:\/\/atmosferasmuebles.com\/tienda\/wp-json\/wp\/v2\/media?parent=2524"}],"wp:term":[{"taxonomy":"product_brand","embeddable":true,"href":"https:\/\/atmosferasmuebles.com\/tienda\/wp-json\/wp\/v2\/product_brand?post=2524"},{"taxonomy":"product_cat","embeddable":true,"href":"https:\/\/atmosferasmuebles.com\/tienda\/wp-json\/wp\/v2\/product_cat?post=2524"},{"taxonomy":"product_tag","embeddable":true,"href":"https:\/\/atmosferasmuebles.com\/tienda\/wp-json\/wp\/v2\/product_tag?post=2524"},{"taxonomy":"accesorios","embeddable":true,"href":"https:\/\/atmosferasmuebles.com\/tienda\/wp-json\/wp\/v2\/accesorios?post=2524"},{"taxonomy":"coleccion","embeddable":true,"href":"https:\/\/atmosferasmuebles.com\/tienda\/wp-json\/wp\/v2\/coleccion?post=2524"},{"taxonomy":"espacios","embeddable":true,"href":"https:\/\/atmosferasmuebles.com\/tienda\/wp-json\/wp\/v2\/espacios?post=2524"},{"taxonomy":"marca","embeddable":true,"href":"https:\/\/atmosferasmuebles.com\/tienda\/wp-json\/wp\/v2\/marca?post=2524"},{"taxonomy":"material","embeddable":true,"href":"https:\/\/atmosferasmuebles.com\/tienda\/wp-json\/wp\/v2\/material?post=2524"}],"curies":[{"name":"wp","href":"https:\/\/api.w.org\/{rel}","templated":true}]}}