{"id":2497,"date":"2021-07-25T02:34:19","date_gmt":"2021-07-25T02:34:19","guid":{"rendered":"https:\/\/atmosferasmuebles.com\/tienda\/?post_type=product&#038;p=2497"},"modified":"2026-02-10T19:20:11","modified_gmt":"2026-02-10T19:20:11","slug":"taburete-bar-africa","status":"publish","type":"product","link":"https:\/\/atmosferasmuebles.com\/tienda\/producto\/taburete-bar-africa\/","title":{"rendered":"Taburete Alto Africa"},"content":{"rendered":"<p>El Taburete de Bar \u00c1frica, fabricado en polipropileno inyectado moldeado por aire y gas con fibra de vidrio, combina resistencia, ligereza y dise\u00f1o contempor\u00e1neo. Su estructura apilable facilita el almacenamiento, mientras que la variedad de colores disponibles permite adaptarlo a diferentes estilos y ambientes. Apto para uso en interiores y exteriores, es ideal para barras de cocina, terrazas, bares o restaurantes. Su material y proceso de fabricaci\u00f3n garantizan durabilidad frente al uso intensivo y a las condiciones clim\u00e1ticas, ofreciendo una soluci\u00f3n est\u00e9tica y funcional para espacios residenciales y comerciales.<\/p>\n","protected":false},"excerpt":{"rendered":"<p>El Taburete de Bar \u00c1frica, fabricado en polipropileno inyectado moldeado por aire y gas con fibra de vidrio, es apilable, est\u00e1 disponible en varios colores y es apto para uso en interiores y exteriores. Una pieza resistente y vers\u00e1til para todo tipo de espacios.<\/p>\n","protected":false},"featured_media":17128,"comment_status":"open","ping_status":"closed","template":"","meta":{"_joinchat":[]},"product_brand":[],"product_cat":[62,146,61,99,17,59,1192,977],"product_tag":[],"accesorios":[],"coleccion":[238],"espacios":[210,209],"marca":[215],"material":[989,234],"class_list":{"0":"post-2497","1":"product","2":"type-product","3":"status-publish","4":"has-post-thumbnail","6":"product_cat-bancos","7":"product_cat-coleccion-africa","8":"product_cat-comedor","9":"product_cat-comedores","10":"product_cat-muebles-de-exterior","11":"product_cat-resina","12":"product_cat-taburete","13":"product_cat-taburetes","14":"coleccion-africa","15":"espacios-comedores","16":"espacios-salas","17":"marca-vondom","18":"material-fibra-de-vidrio","19":"material-resina","20":"sales-flash-overlay","21":"woocommerce-text-align-center","22":"woocommerce-image-align-center","23":"wc-has-gallery","25":"first","26":"instock","27":"shipping-taxable","28":"purchasable","29":"product-type-variable"},"_links":{"self":[{"href":"https:\/\/atmosferasmuebles.com\/tienda\/wp-json\/wp\/v2\/product\/2497","targetHints":{"allow":["GET"]}}],"collection":[{"href":"https:\/\/atmosferasmuebles.com\/tienda\/wp-json\/wp\/v2\/product"}],"about":[{"href":"https:\/\/atmosferasmuebles.com\/tienda\/wp-json\/wp\/v2\/types\/product"}],"replies":[{"embeddable":true,"href":"https:\/\/atmosferasmuebles.com\/tienda\/wp-json\/wp\/v2\/comments?post=2497"}],"version-history":[{"count":7,"href":"https:\/\/atmosferasmuebles.com\/tienda\/wp-json\/wp\/v2\/product\/2497\/revisions"}],"predecessor-version":[{"id":17131,"href":"https:\/\/atmosferasmuebles.com\/tienda\/wp-json\/wp\/v2\/product\/2497\/revisions\/17131"}],"wp:featuredmedia":[{"embeddable":true,"href":"https:\/\/atmosferasmuebles.com\/tienda\/wp-json\/wp\/v2\/media\/17128"}],"wp:attachment":[{"href":"https:\/\/atmosferasmuebles.com\/tienda\/wp-json\/wp\/v2\/media?parent=2497"}],"wp:term":[{"taxonomy":"product_brand","embeddable":true,"href":"https:\/\/atmosferasmuebles.com\/tienda\/wp-json\/wp\/v2\/product_brand?post=2497"},{"taxonomy":"product_cat","embeddable":true,"href":"https:\/\/atmosferasmuebles.com\/tienda\/wp-json\/wp\/v2\/product_cat?post=2497"},{"taxonomy":"product_tag","embeddable":true,"href":"https:\/\/atmosferasmuebles.com\/tienda\/wp-json\/wp\/v2\/product_tag?post=2497"},{"taxonomy":"accesorios","embeddable":true,"href":"https:\/\/atmosferasmuebles.com\/tienda\/wp-json\/wp\/v2\/accesorios?post=2497"},{"taxonomy":"coleccion","embeddable":true,"href":"https:\/\/atmosferasmuebles.com\/tienda\/wp-json\/wp\/v2\/coleccion?post=2497"},{"taxonomy":"espacios","embeddable":true,"href":"https:\/\/atmosferasmuebles.com\/tienda\/wp-json\/wp\/v2\/espacios?post=2497"},{"taxonomy":"marca","embeddable":true,"href":"https:\/\/atmosferasmuebles.com\/tienda\/wp-json\/wp\/v2\/marca?post=2497"},{"taxonomy":"material","embeddable":true,"href":"https:\/\/atmosferasmuebles.com\/tienda\/wp-json\/wp\/v2\/material?post=2497"}],"curies":[{"name":"wp","href":"https:\/\/api.w.org\/{rel}","templated":true}]}}