{"id":2346,"date":"2021-07-23T18:02:50","date_gmt":"2021-07-23T18:02:50","guid":{"rendered":"https:\/\/atmosferasmuebles.com\/tienda\/?post_type=product&#038;p=2346"},"modified":"2026-01-18T21:34:54","modified_gmt":"2026-01-18T21:34:54","slug":"mesa-cuadrada-faz","status":"publish","type":"product","link":"https:\/\/atmosferasmuebles.com\/tienda\/producto\/mesa-cuadrada-faz\/","title":{"rendered":"Mesa cuadrada Faz"},"content":{"rendered":"<p>Ram\u00f3n Esteve, arquitecto de la armon\u00eda, la serenidad, la atemporalidad y la universalidad ha creado formas minerales y contundentes que hacen de FAZ un dise\u00f1o que contextualiza con viviendas e instalaciones. Un ambiente envolvente como resultado de la maravillosa combinaci\u00f3n del material y la iluminaci\u00f3n, de modo que la \u00fanica sensaci\u00f3n ser\u00eda su fusi\u00f3n. Su esp\u00edritu VONDOM se experimenta exclusivamente en la calidad del material que permite un uso exterior incluso en los entornos m\u00e1s exigentes. La modularidad de FAZ permite a los consumidores adaptar los muebles y maceteros a su estilo y necesidades sin perder la armon\u00eda de este conjunto de muebles. Su tapizado est\u00e1 disponible en tela n\u00e1utica o poli\u00e9ster de excelente calidad. El resultado es un producto que transmite esencia, que contiene la complejidad y la densidad de una obra finalizada al grado extremo, cuyo prop\u00f3sito es crear lugares deseables para vivir. ca vivir.<\/p>\n<p>Consulta el <span style=\"color: #ff9900\"><strong><a style=\"color: #ff9900\" href=\"https:\/\/atmosferasmuebles.com\/\/public_html\/wp-content\/uploads\/sites\/vondom\/Colors-vondom.pdf\" target=\"_blank\" rel=\"noopener\">Cat\u00e1logo de Acabados y Colores Vondom<\/a><\/strong><\/span>\u00a0<span class=\"_fadeIn_m1hgl_8\">para <\/span><span class=\"_fadeIn_m1hgl_8\">conocer <\/span><span class=\"_fadeIn_m1hgl_8\">la <\/span><span class=\"_fadeIn_m1hgl_8\">variedad <\/span><span class=\"_fadeIn_m1hgl_8\">de <\/span><span class=\"_fadeIn_m1hgl_8\">acabados <\/span><span class=\"_fadeIn_m1hgl_8\">y <\/span><span class=\"_fadeIn_m1hgl_8\">tonalidades <\/span><span class=\"_fadeIn_m1hgl_8\">disponibles.<\/span><\/p>\n<p data-start=\"721\" data-end=\"871\"><em data-start=\"721\" data-end=\"869\"><span class=\"_fadeIn_m1hgl_8\">La <\/span><span class=\"_fadeIn_m1hgl_8\">selecci\u00f3n <\/span><span class=\"_fadeIn_m1hgl_8\">de <\/span><span class=\"_fadeIn_m1hgl_8\">colores <\/span><span class=\"_fadeIn_m1hgl_8\">y <\/span><span class=\"_fadeIn_m1hgl_8\">texturas <\/span><span class=\"_fadeIn_m1hgl_8\">permite <\/span><span class=\"_fadeIn_m1hgl_8\">personalizar <\/span><span class=\"_fadeIn_m1hgl_8\">tu <\/span><span class=\"_fadeIn_m1hgl_8\">mueble <\/span><span class=\"_fadeIn_m1hgl_8\">con <\/span><span class=\"_fadeIn_m1hgl_8\">un <\/span><span class=\"_fadeIn_m1hgl_8\">estilo <\/span><span class=\"_fadeIn_m1hgl_8\">\u00fanico <\/span><span class=\"_fadeIn_m1hgl_8\">y <\/span><span class=\"_fadeIn_m1hgl_8\">adaptado <\/span><span class=\"_fadeIn_m1hgl_8\">a <\/span><span class=\"_fadeIn_m1hgl_8\">cualquier <\/span><span class=\"_fadeIn_m1hgl_8\">ambiente, <\/span><span class=\"_fadeIn_m1hgl_8\">ya <\/span><span class=\"_fadeIn_m1hgl_8\">sea <\/span><span class=\"_fadeIn_m1hgl_8\">interior <\/span><span class=\"_fadeIn_m1hgl_8\">o <\/span><span class=\"_fadeIn_m1hgl_8\">exterior.<\/span><\/em><\/p>\n<p>Todos los productos de vondom est\u00e1n disponibles para su venta sobre pedido con un tiempo de entrega de 90 a 120 d\u00edas. Algunos productos se encuentran disponibles para su entrega inmediata, favor de validar con nuestros agentes de Ventas o por WhatsApp.<\/p>\n","protected":false},"excerpt":{"rendered":"<p>Mesa cuadrada inox Faz inspirada en las formas minerales que encontramos en la naturaleza.<br \/>\nFabricado en resina de polietileno por moldeo rotacional; 100% Reciclable.<br \/>\nArt\u00edculo apto para uso interior y exterior. Disponible en diferentes acabados.<\/p>\n","protected":false},"featured_media":2084,"comment_status":"closed","ping_status":"closed","template":"","meta":{"_joinchat":[]},"product_brand":[],"product_cat":[139,99,26,23,59,140],"product_tag":[],"accesorios":[],"coleccion":[208],"espacios":[210,209],"marca":[215],"material":[231,234],"class_list":{"0":"post-2346","1":"product","2":"type-product","3":"status-publish","4":"has-post-thumbnail","6":"product_cat-coleccion-faz","7":"product_cat-comedores","8":"product_cat-mesas","9":"product_cat-metal","10":"product_cat-resina","11":"product_cat-vondom","12":"coleccion-faz","13":"espacios-comedores","14":"espacios-salas","15":"marca-vondom","16":"material-acero","17":"material-resina","18":"sales-flash-overlay","19":"woocommerce-text-align-center","20":"woocommerce-image-align-center","21":"wc-has-gallery","23":"first","24":"instock","25":"shipping-taxable","26":"purchasable","27":"product-type-variable"},"_links":{"self":[{"href":"https:\/\/atmosferasmuebles.com\/tienda\/wp-json\/wp\/v2\/product\/2346","targetHints":{"allow":["GET"]}}],"collection":[{"href":"https:\/\/atmosferasmuebles.com\/tienda\/wp-json\/wp\/v2\/product"}],"about":[{"href":"https:\/\/atmosferasmuebles.com\/tienda\/wp-json\/wp\/v2\/types\/product"}],"replies":[{"embeddable":true,"href":"https:\/\/atmosferasmuebles.com\/tienda\/wp-json\/wp\/v2\/comments?post=2346"}],"version-history":[{"count":6,"href":"https:\/\/atmosferasmuebles.com\/tienda\/wp-json\/wp\/v2\/product\/2346\/revisions"}],"predecessor-version":[{"id":13846,"href":"https:\/\/atmosferasmuebles.com\/tienda\/wp-json\/wp\/v2\/product\/2346\/revisions\/13846"}],"wp:featuredmedia":[{"embeddable":true,"href":"https:\/\/atmosferasmuebles.com\/tienda\/wp-json\/wp\/v2\/media\/2084"}],"wp:attachment":[{"href":"https:\/\/atmosferasmuebles.com\/tienda\/wp-json\/wp\/v2\/media?parent=2346"}],"wp:term":[{"taxonomy":"product_brand","embeddable":true,"href":"https:\/\/atmosferasmuebles.com\/tienda\/wp-json\/wp\/v2\/product_brand?post=2346"},{"taxonomy":"product_cat","embeddable":true,"href":"https:\/\/atmosferasmuebles.com\/tienda\/wp-json\/wp\/v2\/product_cat?post=2346"},{"taxonomy":"product_tag","embeddable":true,"href":"https:\/\/atmosferasmuebles.com\/tienda\/wp-json\/wp\/v2\/product_tag?post=2346"},{"taxonomy":"accesorios","embeddable":true,"href":"https:\/\/atmosferasmuebles.com\/tienda\/wp-json\/wp\/v2\/accesorios?post=2346"},{"taxonomy":"coleccion","embeddable":true,"href":"https:\/\/atmosferasmuebles.com\/tienda\/wp-json\/wp\/v2\/coleccion?post=2346"},{"taxonomy":"espacios","embeddable":true,"href":"https:\/\/atmosferasmuebles.com\/tienda\/wp-json\/wp\/v2\/espacios?post=2346"},{"taxonomy":"marca","embeddable":true,"href":"https:\/\/atmosferasmuebles.com\/tienda\/wp-json\/wp\/v2\/marca?post=2346"},{"taxonomy":"material","embeddable":true,"href":"https:\/\/atmosferasmuebles.com\/tienda\/wp-json\/wp\/v2\/material?post=2346"}],"curies":[{"name":"wp","href":"https:\/\/api.w.org\/{rel}","templated":true}]}}