{"id":20285,"date":"2025-10-29T00:04:12","date_gmt":"2025-10-29T00:04:12","guid":{"rendered":"https:\/\/atmosferasmuebles.com\/tienda\/?post_type=product&#038;p=20285"},"modified":"2026-01-18T21:59:48","modified_gmt":"2026-01-18T21:59:48","slug":"silla-olimpia-2","status":"publish","type":"product","link":"https:\/\/atmosferasmuebles.com\/tienda\/producto\/silla-olimpia-2\/","title":{"rendered":"Silla Olimpia"},"content":{"rendered":"<p>Esta silla con dise\u00f1o tejido aporta textura, estilo y sofisticaci\u00f3n a cualquier espacio. Su asiento y respaldo en polipropileno presentan un patr\u00f3n entrelazado que evoca la artesan\u00eda tradicional con un enfoque moderno, mientras que su estructura de 4 patas de aluminio (25 mm de di\u00a0metro) est\u00a0 cubierta con el mismo acabado tejido, asegurando una est\u201atica uniforme y atractiva. Ligera pero robusta, es ideal para ambientes interiores y exteriores techados, como terrazas, jardines, comedores o \u00a0reas lounge. Adem\u00a0s de su presencia visual, ofrece comodidad, f\u00a0cil mantenimiento y durabilidad. Perfecta para quienes buscan mobiliario con car\u00a0cter y dise\u00f1o integral.<\/p>\n","protected":false},"excerpt":{"rendered":"<p>Silla con asiento y respaldo en polipropileno con elegante dise\u00f1o tejido. Estructura de aluminio con acabado tejido, ideal para interiores y exteriores.<\/p>\n","protected":false},"featured_media":20927,"comment_status":"closed","ping_status":"closed","template":"","meta":{"_joinchat":[]},"product_brand":[],"product_cat":[1202,1330,706,270,466,17,1332,1331],"product_tag":[],"accesorios":[],"coleccion":[495],"espacios":[213,210,1224],"marca":[463],"material":[],"class_list":{"0":"post-20285","1":"product","2":"type-product","3":"status-publish","4":"has-post-thumbnail","6":"product_cat-banca","7":"product_cat-coleccion-zelig","8":"product_cat-exterior","9":"product_cat-interior","10":"product_cat-labenze","11":"product_cat-muebles-de-exterior","12":"product_cat-sillas-2","13":"product_cat-tecnopropileno","14":"coleccion-olimpia","15":"espacios-alberca","16":"espacios-comedores","17":"espacios-terraza","18":"marca-labenze","19":"sales-flash-overlay","20":"woocommerce-text-align-center","21":"woocommerce-image-align-center","22":"wc-has-gallery","24":"first","25":"instock","26":"shipping-taxable","27":"purchasable","28":"product-type-variable"},"_links":{"self":[{"href":"https:\/\/atmosferasmuebles.com\/tienda\/wp-json\/wp\/v2\/product\/20285","targetHints":{"allow":["GET"]}}],"collection":[{"href":"https:\/\/atmosferasmuebles.com\/tienda\/wp-json\/wp\/v2\/product"}],"about":[{"href":"https:\/\/atmosferasmuebles.com\/tienda\/wp-json\/wp\/v2\/types\/product"}],"replies":[{"embeddable":true,"href":"https:\/\/atmosferasmuebles.com\/tienda\/wp-json\/wp\/v2\/comments?post=20285"}],"version-history":[{"count":2,"href":"https:\/\/atmosferasmuebles.com\/tienda\/wp-json\/wp\/v2\/product\/20285\/revisions"}],"predecessor-version":[{"id":20928,"href":"https:\/\/atmosferasmuebles.com\/tienda\/wp-json\/wp\/v2\/product\/20285\/revisions\/20928"}],"wp:featuredmedia":[{"embeddable":true,"href":"https:\/\/atmosferasmuebles.com\/tienda\/wp-json\/wp\/v2\/media\/20927"}],"wp:attachment":[{"href":"https:\/\/atmosferasmuebles.com\/tienda\/wp-json\/wp\/v2\/media?parent=20285"}],"wp:term":[{"taxonomy":"product_brand","embeddable":true,"href":"https:\/\/atmosferasmuebles.com\/tienda\/wp-json\/wp\/v2\/product_brand?post=20285"},{"taxonomy":"product_cat","embeddable":true,"href":"https:\/\/atmosferasmuebles.com\/tienda\/wp-json\/wp\/v2\/product_cat?post=20285"},{"taxonomy":"product_tag","embeddable":true,"href":"https:\/\/atmosferasmuebles.com\/tienda\/wp-json\/wp\/v2\/product_tag?post=20285"},{"taxonomy":"accesorios","embeddable":true,"href":"https:\/\/atmosferasmuebles.com\/tienda\/wp-json\/wp\/v2\/accesorios?post=20285"},{"taxonomy":"coleccion","embeddable":true,"href":"https:\/\/atmosferasmuebles.com\/tienda\/wp-json\/wp\/v2\/coleccion?post=20285"},{"taxonomy":"espacios","embeddable":true,"href":"https:\/\/atmosferasmuebles.com\/tienda\/wp-json\/wp\/v2\/espacios?post=20285"},{"taxonomy":"marca","embeddable":true,"href":"https:\/\/atmosferasmuebles.com\/tienda\/wp-json\/wp\/v2\/marca?post=20285"},{"taxonomy":"material","embeddable":true,"href":"https:\/\/atmosferasmuebles.com\/tienda\/wp-json\/wp\/v2\/material?post=20285"}],"curies":[{"name":"wp","href":"https:\/\/api.w.org\/{rel}","templated":true}]}}