{"id":19791,"date":"2025-10-29T00:02:59","date_gmt":"2025-10-29T00:02:59","guid":{"rendered":"https:\/\/atmosferasmuebles.com\/tienda\/?post_type=product&#038;p=19791"},"modified":"2026-01-26T06:07:39","modified_gmt":"2026-01-26T06:07:39","slug":"mesa-arket-h-74-d-70-circular","status":"publish","type":"product","link":"https:\/\/atmosferasmuebles.com\/tienda\/producto\/mesa-arket-h-74-d-70-circular\/","title":{"rendered":"Mesa ARKET H.74 D-70 Circular"},"content":{"rendered":"<p>La colecci\u00f3n de mesas Arket parte de geometr\u00edas elementales y secciones lineales que se entrecruzan para dar vida a formas esenciales, intuitivas y elegantes. Su dise\u00f1o sobrio y contempor\u00a0neo las convierte en piezas adaptables a los espacios m\u00a0s prestigiosos, con una est\u201atica vers\u00a0til que se integra f\u00a0cilmente en diferentes ambientes.<\/p>\n<p>Disponibles con base de aluminio de 3 o 4 puntas y en distintas alturas (H.74, H.50 y H.110), las mesas Arket permiten elegir entre cubiertas circulares o cuadradas pintadas en colores s\u00f3lidos, ofreciendo opciones de personalizaci\u00f3n para proyectos residenciales, comerciales o contract. Una colecci\u00f3n que une dise\u00f1o, practicidad y sofisticaci\u00f3n.<\/p>\n","protected":false},"excerpt":{"rendered":"<p>Colecci\u00f3n Arket: mesas de dise\u00f1o geom\u201atrico esencial, base de aluminio y cubiertas personalizables en distintas alturas.<\/p>\n","protected":false},"featured_media":20800,"comment_status":"closed","ping_status":"closed","template":"","meta":{"_joinchat":[]},"product_brand":[],"product_cat":[1202,1330,706,270,466,17,1331],"product_tag":[],"accesorios":[],"coleccion":[1483],"espacios":[210,1224],"marca":[463],"material":[232,1114],"class_list":{"0":"post-19791","1":"product","2":"type-product","3":"status-publish","4":"has-post-thumbnail","6":"product_cat-banca","7":"product_cat-coleccion-zelig","8":"product_cat-exterior","9":"product_cat-interior","10":"product_cat-labenze","11":"product_cat-muebles-de-exterior","12":"product_cat-tecnopropileno","13":"coleccion-arket","14":"espacios-comedores","15":"espacios-terraza","16":"marca-labenze","17":"material-aluminio","18":"material-metal","19":"sales-flash-overlay","20":"woocommerce-text-align-center","21":"woocommerce-image-align-center","22":"wc-has-gallery","24":"first","25":"instock","26":"shipping-taxable","27":"purchasable","28":"product-type-variable"},"_links":{"self":[{"href":"https:\/\/atmosferasmuebles.com\/tienda\/wp-json\/wp\/v2\/product\/19791","targetHints":{"allow":["GET"]}}],"collection":[{"href":"https:\/\/atmosferasmuebles.com\/tienda\/wp-json\/wp\/v2\/product"}],"about":[{"href":"https:\/\/atmosferasmuebles.com\/tienda\/wp-json\/wp\/v2\/types\/product"}],"replies":[{"embeddable":true,"href":"https:\/\/atmosferasmuebles.com\/tienda\/wp-json\/wp\/v2\/comments?post=19791"}],"version-history":[{"count":2,"href":"https:\/\/atmosferasmuebles.com\/tienda\/wp-json\/wp\/v2\/product\/19791\/revisions"}],"predecessor-version":[{"id":20801,"href":"https:\/\/atmosferasmuebles.com\/tienda\/wp-json\/wp\/v2\/product\/19791\/revisions\/20801"}],"wp:featuredmedia":[{"embeddable":true,"href":"https:\/\/atmosferasmuebles.com\/tienda\/wp-json\/wp\/v2\/media\/20800"}],"wp:attachment":[{"href":"https:\/\/atmosferasmuebles.com\/tienda\/wp-json\/wp\/v2\/media?parent=19791"}],"wp:term":[{"taxonomy":"product_brand","embeddable":true,"href":"https:\/\/atmosferasmuebles.com\/tienda\/wp-json\/wp\/v2\/product_brand?post=19791"},{"taxonomy":"product_cat","embeddable":true,"href":"https:\/\/atmosferasmuebles.com\/tienda\/wp-json\/wp\/v2\/product_cat?post=19791"},{"taxonomy":"product_tag","embeddable":true,"href":"https:\/\/atmosferasmuebles.com\/tienda\/wp-json\/wp\/v2\/product_tag?post=19791"},{"taxonomy":"accesorios","embeddable":true,"href":"https:\/\/atmosferasmuebles.com\/tienda\/wp-json\/wp\/v2\/accesorios?post=19791"},{"taxonomy":"coleccion","embeddable":true,"href":"https:\/\/atmosferasmuebles.com\/tienda\/wp-json\/wp\/v2\/coleccion?post=19791"},{"taxonomy":"espacios","embeddable":true,"href":"https:\/\/atmosferasmuebles.com\/tienda\/wp-json\/wp\/v2\/espacios?post=19791"},{"taxonomy":"marca","embeddable":true,"href":"https:\/\/atmosferasmuebles.com\/tienda\/wp-json\/wp\/v2\/marca?post=19791"},{"taxonomy":"material","embeddable":true,"href":"https:\/\/atmosferasmuebles.com\/tienda\/wp-json\/wp\/v2\/material?post=19791"}],"curies":[{"name":"wp","href":"https:\/\/api.w.org\/{rel}","templated":true}]}}