{"id":19336,"date":"2025-10-16T16:29:30","date_gmt":"2025-10-16T16:29:30","guid":{"rendered":"https:\/\/atmosferasmuebles.com\/tienda\/producto\/1730-rectangle-dining-table-l\/"},"modified":"2025-12-17T05:21:23","modified_gmt":"2025-12-17T05:21:23","slug":"1730-rectangle-dining-table-l","status":"publish","type":"product","link":"https:\/\/atmosferasmuebles.com\/tienda\/producto\/1730-rectangle-dining-table-l\/","title":{"rendered":"1730 Rectangle Dining Table L"},"content":{"rendered":"<p data-start=\"323\" data-end=\"843\"><strong data-start=\"323\" data-end=\"331\">1730<\/strong> es un homenaje a uno de los grandes \u00edconos del dise\u00f1o americano: la <strong data-start=\"400\" data-end=\"417\">silla Windsor<\/strong>. Esta colecci\u00f3n combina el <strong data-start=\"445\" data-end=\"473\">estilo cl\u00e1sico americano<\/strong> con lo mejor de la <strong data-start=\"493\" data-end=\"515\">artesan\u00eda mexicana<\/strong> y la visi\u00f3n contempor\u00e1nea del <strong data-start=\"546\" data-end=\"564\">dise\u00f1o espa\u00f1ol<\/strong>, logrando una reinterpretaci\u00f3n fresca y actual de un cl\u00e1sico hist\u00f3rico. Su nombre hace referencia a <strong data-start=\"665\" data-end=\"673\">1730<\/strong>, el a\u00f1o en que la primera silla Windsor fue producida en suelo americano, reforzando el v\u00ednculo entre historia, tradici\u00f3n y dise\u00f1o en una pieza que trasciende el tiempo.<\/p>\n","protected":false},"excerpt":{"rendered":"<p><strong data-start=\"109\" data-end=\"117\">1730<\/strong> rinde homenaje a la ic\u00f3nica <strong data-start=\"146\" data-end=\"163\">silla Windsor<\/strong>, fusionando el estilo cl\u00e1sico americano con la artesan\u00eda mexicana y el dise\u00f1o espa\u00f1ol para reinventar un cl\u00e1sico atemporal.<\/p>\n","protected":false},"featured_media":24134,"comment_status":"open","ping_status":"closed","template":"","meta":{"_joinchat":[]},"product_brand":[],"product_cat":[1312,1310,1311,98],"product_tag":[],"accesorios":[],"coleccion":[1704],"espacios":[],"marca":[1687],"material":[231,232,228,1114],"class_list":{"0":"post-19336","1":"product","2":"type-product","3":"status-publish","4":"has-post-thumbnail","6":"product_cat-acero","7":"product_cat-coleccion-mexa","8":"product_cat-mexa","9":"product_cat-salas","10":"coleccion-1704","11":"marca-mexa","12":"material-acero","13":"material-aluminio","14":"material-madera","15":"material-metal","16":"sales-flash-overlay","17":"woocommerce-text-align-center","18":"woocommerce-image-align-center","19":"wc-has-gallery","21":"first","22":"instock","23":"shipping-taxable","24":"purchasable","25":"product-type-variable"},"_links":{"self":[{"href":"https:\/\/atmosferasmuebles.com\/tienda\/wp-json\/wp\/v2\/product\/19336","targetHints":{"allow":["GET"]}}],"collection":[{"href":"https:\/\/atmosferasmuebles.com\/tienda\/wp-json\/wp\/v2\/product"}],"about":[{"href":"https:\/\/atmosferasmuebles.com\/tienda\/wp-json\/wp\/v2\/types\/product"}],"replies":[{"embeddable":true,"href":"https:\/\/atmosferasmuebles.com\/tienda\/wp-json\/wp\/v2\/comments?post=19336"}],"version-history":[{"count":4,"href":"https:\/\/atmosferasmuebles.com\/tienda\/wp-json\/wp\/v2\/product\/19336\/revisions"}],"predecessor-version":[{"id":24137,"href":"https:\/\/atmosferasmuebles.com\/tienda\/wp-json\/wp\/v2\/product\/19336\/revisions\/24137"}],"wp:featuredmedia":[{"embeddable":true,"href":"https:\/\/atmosferasmuebles.com\/tienda\/wp-json\/wp\/v2\/media\/24134"}],"wp:attachment":[{"href":"https:\/\/atmosferasmuebles.com\/tienda\/wp-json\/wp\/v2\/media?parent=19336"}],"wp:term":[{"taxonomy":"product_brand","embeddable":true,"href":"https:\/\/atmosferasmuebles.com\/tienda\/wp-json\/wp\/v2\/product_brand?post=19336"},{"taxonomy":"product_cat","embeddable":true,"href":"https:\/\/atmosferasmuebles.com\/tienda\/wp-json\/wp\/v2\/product_cat?post=19336"},{"taxonomy":"product_tag","embeddable":true,"href":"https:\/\/atmosferasmuebles.com\/tienda\/wp-json\/wp\/v2\/product_tag?post=19336"},{"taxonomy":"accesorios","embeddable":true,"href":"https:\/\/atmosferasmuebles.com\/tienda\/wp-json\/wp\/v2\/accesorios?post=19336"},{"taxonomy":"coleccion","embeddable":true,"href":"https:\/\/atmosferasmuebles.com\/tienda\/wp-json\/wp\/v2\/coleccion?post=19336"},{"taxonomy":"espacios","embeddable":true,"href":"https:\/\/atmosferasmuebles.com\/tienda\/wp-json\/wp\/v2\/espacios?post=19336"},{"taxonomy":"marca","embeddable":true,"href":"https:\/\/atmosferasmuebles.com\/tienda\/wp-json\/wp\/v2\/marca?post=19336"},{"taxonomy":"material","embeddable":true,"href":"https:\/\/atmosferasmuebles.com\/tienda\/wp-json\/wp\/v2\/material?post=19336"}],"curies":[{"name":"wp","href":"https:\/\/api.w.org\/{rel}","templated":true}]}}