{"id":18894,"date":"2025-10-16T16:28:32","date_gmt":"2025-10-16T16:28:32","guid":{"rendered":"https:\/\/atmosferasmuebles.com\/tienda\/?post_type=product&#038;p=18894"},"modified":"2025-12-21T00:17:21","modified_gmt":"2025-12-21T00:17:21","slug":"1730-counter-stool-c-cojnes","status":"publish","type":"product","link":"https:\/\/atmosferasmuebles.com\/tienda\/producto\/1730-counter-stool-c-cojnes\/","title":{"rendered":"1730 COUNTER STOOL C\/Coj\u00ednES"},"content":{"rendered":"<p>1730 es un homenaje a uno de los grandes \u00edconos del dise\u00f1o americano: la Silla Windsor. La colecci\u00f3n combina el estilo cl\u00e1sico americano con lo mejor de la artesan\u00eda mexicana y la visi\u00f3n del dise\u00f1o espa\u00f1ol, logrando una reinterpretaci\u00f3n contempor\u00e1nea de un cl\u00e1sico. Su nombre hace referencia a 1730, el a\u00f1o en que la primera de estas Sillas fue producida en suelo americano, reforzando el v\u00ednculo entre historia, tradici\u00f3n y dise\u00f1o en una pieza con car\u00e1cter y permanencia.<\/p>\n","protected":false},"excerpt":{"rendered":"<p>1730 rinde homenaje a la ic\u00f3nica Silla Windsor, fusionando el estilo cl\u00e1sico americano con la artesan\u00eda mexicana y el dise\u00f1o espa\u00f1ol para reinterpretar un cl\u00e1sico atemporal.<\/p>\n","protected":false},"featured_media":24459,"comment_status":"closed","ping_status":"closed","template":"","meta":{"_joinchat":[]},"product_brand":[],"product_cat":[1312,1310,1311,98],"product_tag":[],"accesorios":[],"coleccion":[1704],"espacios":[213,1611,1232,212,1648,1224],"marca":[1687],"material":[231,232,1114,1690],"class_list":{"0":"post-18894","1":"product","2":"type-product","3":"status-publish","4":"has-post-thumbnail","6":"product_cat-acero","7":"product_cat-coleccion-mexa","8":"product_cat-mexa","9":"product_cat-salas","10":"coleccion-1704","11":"espacios-alberca","12":"espacios-bar","13":"espacios-barra-desayunador","14":"espacios-jardin","15":"espacios-patio","16":"espacios-terraza","17":"marca-mexa","18":"material-acero","19":"material-aluminio","20":"material-metal","21":"material-palma","22":"sales-flash-overlay","23":"woocommerce-text-align-center","24":"woocommerce-image-align-center","25":"wc-has-gallery","27":"first","28":"instock","29":"shipping-taxable","30":"purchasable","31":"product-type-variable"},"_links":{"self":[{"href":"https:\/\/atmosferasmuebles.com\/tienda\/wp-json\/wp\/v2\/product\/18894","targetHints":{"allow":["GET"]}}],"collection":[{"href":"https:\/\/atmosferasmuebles.com\/tienda\/wp-json\/wp\/v2\/product"}],"about":[{"href":"https:\/\/atmosferasmuebles.com\/tienda\/wp-json\/wp\/v2\/types\/product"}],"replies":[{"embeddable":true,"href":"https:\/\/atmosferasmuebles.com\/tienda\/wp-json\/wp\/v2\/comments?post=18894"}],"version-history":[{"count":3,"href":"https:\/\/atmosferasmuebles.com\/tienda\/wp-json\/wp\/v2\/product\/18894\/revisions"}],"predecessor-version":[{"id":24119,"href":"https:\/\/atmosferasmuebles.com\/tienda\/wp-json\/wp\/v2\/product\/18894\/revisions\/24119"}],"wp:featuredmedia":[{"embeddable":true,"href":"https:\/\/atmosferasmuebles.com\/tienda\/wp-json\/wp\/v2\/media\/24459"}],"wp:attachment":[{"href":"https:\/\/atmosferasmuebles.com\/tienda\/wp-json\/wp\/v2\/media?parent=18894"}],"wp:term":[{"taxonomy":"product_brand","embeddable":true,"href":"https:\/\/atmosferasmuebles.com\/tienda\/wp-json\/wp\/v2\/product_brand?post=18894"},{"taxonomy":"product_cat","embeddable":true,"href":"https:\/\/atmosferasmuebles.com\/tienda\/wp-json\/wp\/v2\/product_cat?post=18894"},{"taxonomy":"product_tag","embeddable":true,"href":"https:\/\/atmosferasmuebles.com\/tienda\/wp-json\/wp\/v2\/product_tag?post=18894"},{"taxonomy":"accesorios","embeddable":true,"href":"https:\/\/atmosferasmuebles.com\/tienda\/wp-json\/wp\/v2\/accesorios?post=18894"},{"taxonomy":"coleccion","embeddable":true,"href":"https:\/\/atmosferasmuebles.com\/tienda\/wp-json\/wp\/v2\/coleccion?post=18894"},{"taxonomy":"espacios","embeddable":true,"href":"https:\/\/atmosferasmuebles.com\/tienda\/wp-json\/wp\/v2\/espacios?post=18894"},{"taxonomy":"marca","embeddable":true,"href":"https:\/\/atmosferasmuebles.com\/tienda\/wp-json\/wp\/v2\/marca?post=18894"},{"taxonomy":"material","embeddable":true,"href":"https:\/\/atmosferasmuebles.com\/tienda\/wp-json\/wp\/v2\/material?post=18894"}],"curies":[{"name":"wp","href":"https:\/\/api.w.org\/{rel}","templated":true}]}}