{"id":18465,"date":"2025-10-16T16:27:34","date_gmt":"2025-10-16T16:27:34","guid":{"rendered":"https:\/\/atmosferasmuebles.com\/tienda\/?post_type=product&#038;p=18465"},"modified":"2025-12-17T07:51:02","modified_gmt":"2025-12-17T07:51:02","slug":"mestiza-dining-table-92cm","status":"publish","type":"product","link":"https:\/\/atmosferasmuebles.com\/tienda\/producto\/mestiza-dining-table-92cm\/","title":{"rendered":"Mestiza Dining Table (92cm)"},"content":{"rendered":"<p>Esta colecci\u00f3n toma como referencia la Silla mexicana equipal, un objeto emblem\u00e1tico que simboliza la fusi\u00f3n entre las culturas ind\u00edgena y espa\u00f1ola en M\u00e9xico. Dise\u00f1ada por Mois\u00e9s Hern\u00e1ndez para Mexa Design, la colecci\u00f3n reinterpreta este \u00edcono desde una mirada contempor\u00e1nea, conservando su esencia cultural, su car\u00e1cter artesanal y su identidad formal, dando como resultado piezas que celebran la tradici\u00f3n a trav\u00e9s del dise\u00f1o actual.<\/p>\n","protected":false},"excerpt":{"rendered":"<p>Colecci\u00f3n inspirada en la tradicional Silla mexicana equipal, que refleja la fusi\u00f3n de las culturas ind\u00edgena y espa\u00f1ola, dise\u00f1ada por Mois\u00e9s Hern\u00e1ndez para Mexa Design.<\/p>\n","protected":false},"featured_media":24209,"comment_status":"closed","ping_status":"closed","template":"","meta":{"_joinchat":[]},"product_brand":[],"product_cat":[1312,1324,1311,98],"product_tag":[],"accesorios":[],"coleccion":[1711],"espacios":[1479,1706,210,1466,212,1648,209,1224],"marca":[1687],"material":[231,1114],"class_list":{"0":"post-18465","1":"product","2":"type-product","3":"status-publish","4":"has-post-thumbnail","6":"product_cat-acero","7":"product_cat-coleccion-mestiza","8":"product_cat-mexa","9":"product_cat-salas","10":"coleccion-mestiza","11":"espacios-biblioteca","12":"espacios-cafeteria","13":"espacios-comedores","14":"espacios-estancia","15":"espacios-jardin","16":"espacios-patio","17":"espacios-salas","18":"espacios-terraza","19":"marca-mexa","20":"material-acero","21":"material-metal","22":"sales-flash-overlay","23":"woocommerce-text-align-center","24":"woocommerce-image-align-center","25":"wc-has-gallery","27":"first","28":"instock","29":"shipping-taxable","30":"purchasable","31":"product-type-variable"},"_links":{"self":[{"href":"https:\/\/atmosferasmuebles.com\/tienda\/wp-json\/wp\/v2\/product\/18465","targetHints":{"allow":["GET"]}}],"collection":[{"href":"https:\/\/atmosferasmuebles.com\/tienda\/wp-json\/wp\/v2\/product"}],"about":[{"href":"https:\/\/atmosferasmuebles.com\/tienda\/wp-json\/wp\/v2\/types\/product"}],"replies":[{"embeddable":true,"href":"https:\/\/atmosferasmuebles.com\/tienda\/wp-json\/wp\/v2\/comments?post=18465"}],"version-history":[{"count":2,"href":"https:\/\/atmosferasmuebles.com\/tienda\/wp-json\/wp\/v2\/product\/18465\/revisions"}],"predecessor-version":[{"id":24110,"href":"https:\/\/atmosferasmuebles.com\/tienda\/wp-json\/wp\/v2\/product\/18465\/revisions\/24110"}],"wp:featuredmedia":[{"embeddable":true,"href":"https:\/\/atmosferasmuebles.com\/tienda\/wp-json\/wp\/v2\/media\/24209"}],"wp:attachment":[{"href":"https:\/\/atmosferasmuebles.com\/tienda\/wp-json\/wp\/v2\/media?parent=18465"}],"wp:term":[{"taxonomy":"product_brand","embeddable":true,"href":"https:\/\/atmosferasmuebles.com\/tienda\/wp-json\/wp\/v2\/product_brand?post=18465"},{"taxonomy":"product_cat","embeddable":true,"href":"https:\/\/atmosferasmuebles.com\/tienda\/wp-json\/wp\/v2\/product_cat?post=18465"},{"taxonomy":"product_tag","embeddable":true,"href":"https:\/\/atmosferasmuebles.com\/tienda\/wp-json\/wp\/v2\/product_tag?post=18465"},{"taxonomy":"accesorios","embeddable":true,"href":"https:\/\/atmosferasmuebles.com\/tienda\/wp-json\/wp\/v2\/accesorios?post=18465"},{"taxonomy":"coleccion","embeddable":true,"href":"https:\/\/atmosferasmuebles.com\/tienda\/wp-json\/wp\/v2\/coleccion?post=18465"},{"taxonomy":"espacios","embeddable":true,"href":"https:\/\/atmosferasmuebles.com\/tienda\/wp-json\/wp\/v2\/espacios?post=18465"},{"taxonomy":"marca","embeddable":true,"href":"https:\/\/atmosferasmuebles.com\/tienda\/wp-json\/wp\/v2\/marca?post=18465"},{"taxonomy":"material","embeddable":true,"href":"https:\/\/atmosferasmuebles.com\/tienda\/wp-json\/wp\/v2\/material?post=18465"}],"curies":[{"name":"wp","href":"https:\/\/api.w.org\/{rel}","templated":true}]}}