{"id":18396,"date":"2025-10-16T16:27:25","date_gmt":"2025-10-16T16:27:25","guid":{"rendered":"https:\/\/atmosferasmuebles.com\/tienda\/?post_type=product&#038;p=18396"},"modified":"2025-12-18T04:05:56","modified_gmt":"2025-12-18T04:05:56","slug":"porset-silln-lounge","status":"publish","type":"product","link":"https:\/\/atmosferasmuebles.com\/tienda\/producto\/porset-silln-lounge\/","title":{"rendered":"Porset Sill\u00f3n Lounge"},"content":{"rendered":"<p>Esta colecci\u00f3n surge a partir de un riguroso estudio de recuperaci\u00f3n hist\u00f3rica llevado a cabo por Mexa, con el valioso respaldo del Archivo Clara Porset de la UNAM. Con un enfoque especial en las piezas dise\u00f1adas para exterior, el proyecto parte de dibujos y fotograf\u00edas originales para reinterpretar y recrear cada objeto con fidelidad y respeto. El resultado es una colecci\u00f3n que conserva la esencia, el dise\u00f1o y la est\u00e9tica original, demostrando que su vigencia y relevancia permanecen intactas hoy, tal como en el momento de su concepci\u00f3n.<\/p>\n","protected":false},"excerpt":{"rendered":"<p>Esta colecci\u00f3n nace de un estudio de recuperaci\u00f3n hist\u00f3rica realizado por Mexa, con el respaldo del Archivo Clara Porset en la UNAM, recreando piezas para exterior de dise\u00f1o atemporal.<\/p>\n","protected":false},"featured_media":24249,"comment_status":"closed","ping_status":"closed","template":"","meta":{"_joinchat":[]},"product_brand":[],"product_cat":[1312,1310,1311,98],"product_tag":[],"accesorios":[],"coleccion":[1716],"espacios":[213,210,1466,212,1221,1224],"marca":[1687],"material":[],"class_list":{"0":"post-18396","1":"product","2":"type-product","3":"status-publish","4":"has-post-thumbnail","6":"product_cat-acero","7":"product_cat-coleccion-mexa","8":"product_cat-mexa","9":"product_cat-salas","10":"coleccion-porset","11":"espacios-alberca","12":"espacios-comedores","13":"espacios-estancia","14":"espacios-jardin","15":"espacios-playa","16":"espacios-terraza","17":"marca-mexa","18":"sales-flash-overlay","19":"woocommerce-text-align-center","20":"woocommerce-image-align-center","21":"wc-has-gallery","23":"first","24":"instock","25":"shipping-taxable","26":"purchasable","27":"product-type-variable"},"_links":{"self":[{"href":"https:\/\/atmosferasmuebles.com\/tienda\/wp-json\/wp\/v2\/product\/18396","targetHints":{"allow":["GET"]}}],"collection":[{"href":"https:\/\/atmosferasmuebles.com\/tienda\/wp-json\/wp\/v2\/product"}],"about":[{"href":"https:\/\/atmosferasmuebles.com\/tienda\/wp-json\/wp\/v2\/types\/product"}],"replies":[{"embeddable":true,"href":"https:\/\/atmosferasmuebles.com\/tienda\/wp-json\/wp\/v2\/comments?post=18396"}],"version-history":[{"count":5,"href":"https:\/\/atmosferasmuebles.com\/tienda\/wp-json\/wp\/v2\/product\/18396\/revisions"}],"predecessor-version":[{"id":24254,"href":"https:\/\/atmosferasmuebles.com\/tienda\/wp-json\/wp\/v2\/product\/18396\/revisions\/24254"}],"wp:featuredmedia":[{"embeddable":true,"href":"https:\/\/atmosferasmuebles.com\/tienda\/wp-json\/wp\/v2\/media\/24249"}],"wp:attachment":[{"href":"https:\/\/atmosferasmuebles.com\/tienda\/wp-json\/wp\/v2\/media?parent=18396"}],"wp:term":[{"taxonomy":"product_brand","embeddable":true,"href":"https:\/\/atmosferasmuebles.com\/tienda\/wp-json\/wp\/v2\/product_brand?post=18396"},{"taxonomy":"product_cat","embeddable":true,"href":"https:\/\/atmosferasmuebles.com\/tienda\/wp-json\/wp\/v2\/product_cat?post=18396"},{"taxonomy":"product_tag","embeddable":true,"href":"https:\/\/atmosferasmuebles.com\/tienda\/wp-json\/wp\/v2\/product_tag?post=18396"},{"taxonomy":"accesorios","embeddable":true,"href":"https:\/\/atmosferasmuebles.com\/tienda\/wp-json\/wp\/v2\/accesorios?post=18396"},{"taxonomy":"coleccion","embeddable":true,"href":"https:\/\/atmosferasmuebles.com\/tienda\/wp-json\/wp\/v2\/coleccion?post=18396"},{"taxonomy":"espacios","embeddable":true,"href":"https:\/\/atmosferasmuebles.com\/tienda\/wp-json\/wp\/v2\/espacios?post=18396"},{"taxonomy":"marca","embeddable":true,"href":"https:\/\/atmosferasmuebles.com\/tienda\/wp-json\/wp\/v2\/marca?post=18396"},{"taxonomy":"material","embeddable":true,"href":"https:\/\/atmosferasmuebles.com\/tienda\/wp-json\/wp\/v2\/material?post=18396"}],"curies":[{"name":"wp","href":"https:\/\/api.w.org\/{rel}","templated":true}]}}