{"id":18328,"date":"2025-10-16T16:27:13","date_gmt":"2025-10-16T16:27:13","guid":{"rendered":"https:\/\/atmosferasmuebles.com\/tienda\/producto\/barcelonette-coffee-table\/"},"modified":"2025-12-18T04:46:13","modified_gmt":"2025-12-18T04:46:13","slug":"barcelonette-coffee-table","status":"publish","type":"product","link":"https:\/\/atmosferasmuebles.com\/tienda\/producto\/barcelonette-coffee-table\/","title":{"rendered":"Barcelonette Cofee Table"},"content":{"rendered":"<p>Esta colecci\u00f3n toma su nombre de una peque\u00f1a aldea conocida como el pueblo mexicano en Francia y es un gui\u00f1o a la mezcla de influencias culturales entre ambos pa\u00edses. Se inspira en las cl\u00e1sicas Sillas francesas de exterior que habitan parques y caf\u00e9s, reinterpretadas con el color, la vitalidad y la artesan\u00eda de M\u00e9xico. El resultado es una colecci\u00f3n fresca y llena de car\u00e1cter, donde la tradici\u00f3n europea se encuentra con la expresi\u00f3n y el esp\u00edritu alegre del dise\u00f1o mexicano.<\/p>\n","protected":false},"excerpt":{"rendered":"<p>Esta colecci\u00f3n, nombrada en honor a una peque\u00f1a aldea conocida como el pueblo mexicano en Francia, celebra la fusi\u00f3n entre el dise\u00f1o franc\u00e9s y la alegre artesan\u00eda mexicana.<\/p>\n","protected":false},"featured_media":24271,"comment_status":"closed","ping_status":"closed","template":"","meta":{"_joinchat":[]},"product_brand":[],"product_cat":[1312,1316,1311,98],"product_tag":[],"accesorios":[],"coleccion":[1703],"espacios":[1706,210,212,1224],"marca":[1687],"material":[],"class_list":{"0":"post-18328","1":"product","2":"type-product","3":"status-publish","4":"has-post-thumbnail","6":"product_cat-acero","7":"product_cat-coleccion-barcelonette","8":"product_cat-mexa","9":"product_cat-salas","10":"coleccion-barcelonette","11":"espacios-cafeteria","12":"espacios-comedores","13":"espacios-jardin","14":"espacios-terraza","15":"marca-mexa","16":"sales-flash-overlay","17":"woocommerce-text-align-center","18":"woocommerce-image-align-center","19":"wc-has-gallery","21":"first","22":"instock","23":"shipping-taxable","24":"purchasable","25":"product-type-variable"},"_links":{"self":[{"href":"https:\/\/atmosferasmuebles.com\/tienda\/wp-json\/wp\/v2\/product\/18328","targetHints":{"allow":["GET"]}}],"collection":[{"href":"https:\/\/atmosferasmuebles.com\/tienda\/wp-json\/wp\/v2\/product"}],"about":[{"href":"https:\/\/atmosferasmuebles.com\/tienda\/wp-json\/wp\/v2\/types\/product"}],"replies":[{"embeddable":true,"href":"https:\/\/atmosferasmuebles.com\/tienda\/wp-json\/wp\/v2\/comments?post=18328"}],"version-history":[{"count":2,"href":"https:\/\/atmosferasmuebles.com\/tienda\/wp-json\/wp\/v2\/product\/18328\/revisions"}],"predecessor-version":[{"id":24276,"href":"https:\/\/atmosferasmuebles.com\/tienda\/wp-json\/wp\/v2\/product\/18328\/revisions\/24276"}],"wp:featuredmedia":[{"embeddable":true,"href":"https:\/\/atmosferasmuebles.com\/tienda\/wp-json\/wp\/v2\/media\/24271"}],"wp:attachment":[{"href":"https:\/\/atmosferasmuebles.com\/tienda\/wp-json\/wp\/v2\/media?parent=18328"}],"wp:term":[{"taxonomy":"product_brand","embeddable":true,"href":"https:\/\/atmosferasmuebles.com\/tienda\/wp-json\/wp\/v2\/product_brand?post=18328"},{"taxonomy":"product_cat","embeddable":true,"href":"https:\/\/atmosferasmuebles.com\/tienda\/wp-json\/wp\/v2\/product_cat?post=18328"},{"taxonomy":"product_tag","embeddable":true,"href":"https:\/\/atmosferasmuebles.com\/tienda\/wp-json\/wp\/v2\/product_tag?post=18328"},{"taxonomy":"accesorios","embeddable":true,"href":"https:\/\/atmosferasmuebles.com\/tienda\/wp-json\/wp\/v2\/accesorios?post=18328"},{"taxonomy":"coleccion","embeddable":true,"href":"https:\/\/atmosferasmuebles.com\/tienda\/wp-json\/wp\/v2\/coleccion?post=18328"},{"taxonomy":"espacios","embeddable":true,"href":"https:\/\/atmosferasmuebles.com\/tienda\/wp-json\/wp\/v2\/espacios?post=18328"},{"taxonomy":"marca","embeddable":true,"href":"https:\/\/atmosferasmuebles.com\/tienda\/wp-json\/wp\/v2\/marca?post=18328"},{"taxonomy":"material","embeddable":true,"href":"https:\/\/atmosferasmuebles.com\/tienda\/wp-json\/wp\/v2\/material?post=18328"}],"curies":[{"name":"wp","href":"https:\/\/api.w.org\/{rel}","templated":true}]}}