{"id":16456,"date":"2025-08-12T05:05:14","date_gmt":"2025-08-12T05:05:14","guid":{"rendered":"https:\/\/atmosferasmuebles.com\/tienda\/?post_type=product&#038;p=16456"},"modified":"2026-02-10T19:19:42","modified_gmt":"2026-02-10T19:19:42","slug":"modulo-lateral-izquierdo-bacalar","status":"publish","type":"product","link":"https:\/\/atmosferasmuebles.com\/tienda\/producto\/modulo-lateral-izquierdo-bacalar\/","title":{"rendered":"Modulo Lateral Izquierdo Bacalar"},"content":{"rendered":"<p>La colecci\u00f3n Bacalar est\u00e1 dise\u00f1ada para brindar soluciones pr\u00e1cticas y flexibles a espacios contempor\u00e1neos. Cada pieza combina funcionalidad, comodidad y adaptabilidad, permitiendo reorganizar los elementos seg\u00fan las necesidades de cada momento.<\/p>\n<p>Gracias a su dise\u00f1o modular, Bacalar se adapta con facilidad a diferentes configuraciones, optimizando el uso del espacio sin perder estilo. Ya sea en interiores o exteriores techados, esta colecci\u00f3n permite crear ambientes din\u00e1micos, elegantes y personalizados que acompa\u00f1an tu estilo de vida en constante evoluci\u00f3n.<\/p>\n<p>&nbsp;<\/p>\n<p data-start=\"119\" data-end=\"257\">Explora el <span style=\"color: #ff6600\"><strong><a style=\"color: #ff6600\" href=\"https:\/\/atmosferasmuebles.com\/\/public_html\/wp-content\/uploads\/sites\/ATMOSFERAS\/MATERIALES Y ACABADOS Atmos.pdf\">Cat\u00e1logo de Acabados y Colores Atmosferas<\/a> <\/strong><\/span>para descubrir la amplia gama de opciones dise\u00f1adas para complementar cada espacio. Nuestra selecci\u00f3n de materiales, texturas y tonalidades te permite personalizar cada pieza con un estilo exclusivo, creando ambientes \u00fanicos tanto en interiores como en exteriores.<\/p>\n<p data-start=\"119\" data-end=\"257\">Todos los productos de Atmosferas se comercializan sobre pedido con un tiempo estimado de entrega de 6 semanas. Algunos modelos seleccionados est\u00e1n disponibles para entrega inmediata; te invitamos a confirmar la disponibilidad con nuestro equipo de Ventas o v\u00eda WhatsApp.<\/p>\n","protected":false},"excerpt":{"rendered":"<p>Colecci\u00f3n Bacalar: muebles modulares, pr\u00e1cticos y vers\u00e1tiles para espacios contempor\u00e1neos que evolucionan contigo.<\/p>\n","protected":false},"featured_media":16461,"comment_status":"closed","ping_status":"closed","template":"","meta":{"_joinchat":[]},"product_brand":[],"product_cat":[1149,275,1193,1196,17,98,69],"product_tag":[],"accesorios":[],"coleccion":[1228],"espacios":[212,209,1224],"marca":[277],"material":[232,234],"class_list":{"0":"post-16456","1":"product","2":"type-product","3":"status-publish","4":"has-post-thumbnail","6":"product_cat-aluminio","7":"product_cat-atmosferas","8":"product_cat-coleccion-bacalar","9":"product_cat-modulo-lateral","10":"product_cat-muebles-de-exterior","11":"product_cat-salas","12":"product_cat-tela-para-exterior","13":"coleccion-bacalar","14":"espacios-jardin","15":"espacios-salas","16":"espacios-terraza","17":"marca-atmosferas","18":"material-aluminio","19":"material-resina","20":"sales-flash-overlay","21":"woocommerce-text-align-center","22":"woocommerce-image-align-center","23":"wc-has-gallery","25":"first","26":"instock","27":"shipping-taxable","28":"purchasable","29":"product-type-variable"},"_links":{"self":[{"href":"https:\/\/atmosferasmuebles.com\/tienda\/wp-json\/wp\/v2\/product\/16456","targetHints":{"allow":["GET"]}}],"collection":[{"href":"https:\/\/atmosferasmuebles.com\/tienda\/wp-json\/wp\/v2\/product"}],"about":[{"href":"https:\/\/atmosferasmuebles.com\/tienda\/wp-json\/wp\/v2\/types\/product"}],"replies":[{"embeddable":true,"href":"https:\/\/atmosferasmuebles.com\/tienda\/wp-json\/wp\/v2\/comments?post=16456"}],"version-history":[{"count":2,"href":"https:\/\/atmosferasmuebles.com\/tienda\/wp-json\/wp\/v2\/product\/16456\/revisions"}],"predecessor-version":[{"id":17852,"href":"https:\/\/atmosferasmuebles.com\/tienda\/wp-json\/wp\/v2\/product\/16456\/revisions\/17852"}],"wp:featuredmedia":[{"embeddable":true,"href":"https:\/\/atmosferasmuebles.com\/tienda\/wp-json\/wp\/v2\/media\/16461"}],"wp:attachment":[{"href":"https:\/\/atmosferasmuebles.com\/tienda\/wp-json\/wp\/v2\/media?parent=16456"}],"wp:term":[{"taxonomy":"product_brand","embeddable":true,"href":"https:\/\/atmosferasmuebles.com\/tienda\/wp-json\/wp\/v2\/product_brand?post=16456"},{"taxonomy":"product_cat","embeddable":true,"href":"https:\/\/atmosferasmuebles.com\/tienda\/wp-json\/wp\/v2\/product_cat?post=16456"},{"taxonomy":"product_tag","embeddable":true,"href":"https:\/\/atmosferasmuebles.com\/tienda\/wp-json\/wp\/v2\/product_tag?post=16456"},{"taxonomy":"accesorios","embeddable":true,"href":"https:\/\/atmosferasmuebles.com\/tienda\/wp-json\/wp\/v2\/accesorios?post=16456"},{"taxonomy":"coleccion","embeddable":true,"href":"https:\/\/atmosferasmuebles.com\/tienda\/wp-json\/wp\/v2\/coleccion?post=16456"},{"taxonomy":"espacios","embeddable":true,"href":"https:\/\/atmosferasmuebles.com\/tienda\/wp-json\/wp\/v2\/espacios?post=16456"},{"taxonomy":"marca","embeddable":true,"href":"https:\/\/atmosferasmuebles.com\/tienda\/wp-json\/wp\/v2\/marca?post=16456"},{"taxonomy":"material","embeddable":true,"href":"https:\/\/atmosferasmuebles.com\/tienda\/wp-json\/wp\/v2\/material?post=16456"}],"curies":[{"name":"wp","href":"https:\/\/api.w.org\/{rel}","templated":true}]}}