{"id":16113,"date":"2025-08-12T05:03:55","date_gmt":"2025-08-12T05:03:55","guid":{"rendered":"https:\/\/atmosferasmuebles.com\/tienda\/?post_type=product&#038;p=16113"},"modified":"2026-04-29T08:47:35","modified_gmt":"2026-04-29T08:47:35","slug":"silla-playa-bahia","status":"publish","type":"product","link":"https:\/\/atmosferasmuebles.com\/tienda\/producto\/silla-playa-bahia\/","title":{"rendered":"Silla Playa Bah\u00eda"},"content":{"rendered":"<p>Colecci\u00f3n resistente, ergon\u00f3mica y elegante. Ideal para hogares con familias o mascotas, y espacios hoteleros que exigen dise\u00f1o y durabilidad.<\/p>\n<p>&nbsp;<\/p>\n<p data-start=\"119\" data-end=\"257\">Explora el <span style=\"color: #ff6600\"><strong><a style=\"color: #ff6600\" href=\"https:\/\/atmosferasmuebles.com\/\/public_html\/wp-content\/uploads\/sites\/ATMOSFERAS\/MATERIALES Y ACABADOS Atmos.pdf\">Cat\u00e1logo de Acabados y Colores Atmosferas<\/a> <\/strong><\/span>para descubrir la amplia gama de opciones dise\u00f1adas para complementar cada espacio. Nuestra selecci\u00f3n de materiales, texturas y tonalidades te permite personalizar cada pieza con un estilo exclusivo, creando ambientes \u00fanicos tanto en interiores como en exteriores.<\/p>\n<p data-start=\"119\" data-end=\"257\">Todos los productos de Atmosferas se comercializan sobre pedido con un tiempo estimado de entrega de 6 semanas. Algunos modelos seleccionados est\u00e1n disponibles para entrega inmediata; te invitamos a confirmar la disponibilidad con nuestro equipo de Ventas o v\u00eda WhatsApp.<\/p>\n","protected":false},"excerpt":{"rendered":"<p>Colecci\u00f3n resistente, ergon\u00f3mica y elegante. Ideal para hogares con familias o mascotas, y espacios hoteleros que exigen dise\u00f1o y durabilidad.<\/p>\n","protected":false},"featured_media":16121,"comment_status":"closed","ping_status":"closed","template":"","meta":{"_joinchat":[]},"product_brand":[],"product_cat":[1149,275,1188,706,270,40,17,2245,60,69],"product_tag":[],"accesorios":[],"coleccion":[774],"espacios":[213,212,1221,1224],"marca":[277],"material":[232],"class_list":{"0":"post-16113","1":"product","2":"type-product","3":"status-publish","4":"has-post-thumbnail","6":"product_cat-aluminio","7":"product_cat-atmosferas","8":"product_cat-coleccion-playa-bahia","9":"product_cat-exterior","10":"product_cat-interior","11":"product_cat-madera","12":"product_cat-muebles-de-exterior","13":"product_cat-playa","14":"product_cat-sillas","15":"product_cat-tela-para-exterior","16":"coleccion-bahia","17":"espacios-alberca","18":"espacios-jardin","19":"espacios-playa","20":"espacios-terraza","21":"marca-atmosferas","22":"material-aluminio","23":"sales-flash-overlay","24":"woocommerce-text-align-center","25":"woocommerce-image-align-center","26":"wc-has-gallery","28":"first","29":"instock","30":"shipping-taxable","31":"purchasable","32":"product-type-variable"},"_links":{"self":[{"href":"https:\/\/atmosferasmuebles.com\/tienda\/wp-json\/wp\/v2\/product\/16113","targetHints":{"allow":["GET"]}}],"collection":[{"href":"https:\/\/atmosferasmuebles.com\/tienda\/wp-json\/wp\/v2\/product"}],"about":[{"href":"https:\/\/atmosferasmuebles.com\/tienda\/wp-json\/wp\/v2\/types\/product"}],"replies":[{"embeddable":true,"href":"https:\/\/atmosferasmuebles.com\/tienda\/wp-json\/wp\/v2\/comments?post=16113"}],"version-history":[{"count":2,"href":"https:\/\/atmosferasmuebles.com\/tienda\/wp-json\/wp\/v2\/product\/16113\/revisions"}],"predecessor-version":[{"id":17868,"href":"https:\/\/atmosferasmuebles.com\/tienda\/wp-json\/wp\/v2\/product\/16113\/revisions\/17868"}],"wp:featuredmedia":[{"embeddable":true,"href":"https:\/\/atmosferasmuebles.com\/tienda\/wp-json\/wp\/v2\/media\/16121"}],"wp:attachment":[{"href":"https:\/\/atmosferasmuebles.com\/tienda\/wp-json\/wp\/v2\/media?parent=16113"}],"wp:term":[{"taxonomy":"product_brand","embeddable":true,"href":"https:\/\/atmosferasmuebles.com\/tienda\/wp-json\/wp\/v2\/product_brand?post=16113"},{"taxonomy":"product_cat","embeddable":true,"href":"https:\/\/atmosferasmuebles.com\/tienda\/wp-json\/wp\/v2\/product_cat?post=16113"},{"taxonomy":"product_tag","embeddable":true,"href":"https:\/\/atmosferasmuebles.com\/tienda\/wp-json\/wp\/v2\/product_tag?post=16113"},{"taxonomy":"accesorios","embeddable":true,"href":"https:\/\/atmosferasmuebles.com\/tienda\/wp-json\/wp\/v2\/accesorios?post=16113"},{"taxonomy":"coleccion","embeddable":true,"href":"https:\/\/atmosferasmuebles.com\/tienda\/wp-json\/wp\/v2\/coleccion?post=16113"},{"taxonomy":"espacios","embeddable":true,"href":"https:\/\/atmosferasmuebles.com\/tienda\/wp-json\/wp\/v2\/espacios?post=16113"},{"taxonomy":"marca","embeddable":true,"href":"https:\/\/atmosferasmuebles.com\/tienda\/wp-json\/wp\/v2\/marca?post=16113"},{"taxonomy":"material","embeddable":true,"href":"https:\/\/atmosferasmuebles.com\/tienda\/wp-json\/wp\/v2\/material?post=16113"}],"curies":[{"name":"wp","href":"https:\/\/api.w.org\/{rel}","templated":true}]}}