{"id":1542,"date":"2021-04-12T13:35:40","date_gmt":"2021-04-12T13:35:40","guid":{"rendered":"http:\/\/atmosferasmuebles.com\/tienda\/?post_type=product&#038;p=1542"},"modified":"2025-08-20T21:16:41","modified_gmt":"2025-08-20T21:16:41","slug":"sofa-coral","status":"publish","type":"product","link":"https:\/\/atmosferasmuebles.com\/tienda\/producto\/sofa-coral\/","title":{"rendered":"Sof\u00e1 Coral"},"content":{"rendered":"<p>Sof\u00e1 Coral para exteriores hecho de fibra Viro\u00ae tejido jacinto retorcido de color gris o crema se combina maravillosamente con el marr\u00f3n oscuro de Ipe en esta fina colecci\u00f3n de muebles respetuoso con el medio ambiente y resistente al tener un marco de aluminio de alta calidad.<\/p>\n<p>Los cojines son personalizados al poder escogerse entre una variedad de telas y colores.<\/p>\n","protected":false},"excerpt":{"rendered":"<p>Sof\u00e1 Coral para exteriores es una fina colecci\u00f3n de muebles que realzar\u00e1 una habitaci\u00f3n en interior o exterior.<\/p>\n<p>Tejido a mano con material de fibra Viro\u00ae sobre un marco de aluminio con patas de madera de Ipe.<\/p>\n<p><strong>El tejido est\u00e1 disponible en 2 colores gris y crema y los cojines incluidos pueden seleccionarse entre una variedad de telas de la marca Sunbrella\u00ae l\u00edder en telas de exterior.<\/strong><\/p>\n","protected":false},"featured_media":1548,"comment_status":"closed","ping_status":"closed","template":"","meta":{"_joinchat":[]},"product_brand":[],"product_cat":[19,91,41,63,17,98,22],"product_tag":[],"accesorios":[],"coleccion":[205],"espacios":[209],"marca":[216],"material":[230,233],"class_list":{"0":"post-1542","1":"product","2":"type-product","3":"status-publish","4":"has-post-thumbnail","6":"product_cat-cinta-o-tela-para-exterior","7":"product_cat-coleccion-coral","8":"product_cat-jensen-leisure","9":"product_cat-mimbre-intemperie","10":"product_cat-muebles-de-exterior","11":"product_cat-salas","12":"product_cat-sillones","13":"coleccion-coral","14":"espacios-salas","15":"marca-jensen","16":"material-mimbre","17":"material-textil","18":"sales-flash-overlay","19":"woocommerce-text-align-center","20":"woocommerce-image-align-center","21":"wc-has-gallery","23":"first","24":"instock","25":"shipping-taxable","26":"purchasable","27":"product-type-variable"},"_links":{"self":[{"href":"https:\/\/atmosferasmuebles.com\/tienda\/wp-json\/wp\/v2\/product\/1542","targetHints":{"allow":["GET"]}}],"collection":[{"href":"https:\/\/atmosferasmuebles.com\/tienda\/wp-json\/wp\/v2\/product"}],"about":[{"href":"https:\/\/atmosferasmuebles.com\/tienda\/wp-json\/wp\/v2\/types\/product"}],"replies":[{"embeddable":true,"href":"https:\/\/atmosferasmuebles.com\/tienda\/wp-json\/wp\/v2\/comments?post=1542"}],"version-history":[{"count":0,"href":"https:\/\/atmosferasmuebles.com\/tienda\/wp-json\/wp\/v2\/product\/1542\/revisions"}],"wp:featuredmedia":[{"embeddable":true,"href":"https:\/\/atmosferasmuebles.com\/tienda\/wp-json\/wp\/v2\/media\/1548"}],"wp:attachment":[{"href":"https:\/\/atmosferasmuebles.com\/tienda\/wp-json\/wp\/v2\/media?parent=1542"}],"wp:term":[{"taxonomy":"product_brand","embeddable":true,"href":"https:\/\/atmosferasmuebles.com\/tienda\/wp-json\/wp\/v2\/product_brand?post=1542"},{"taxonomy":"product_cat","embeddable":true,"href":"https:\/\/atmosferasmuebles.com\/tienda\/wp-json\/wp\/v2\/product_cat?post=1542"},{"taxonomy":"product_tag","embeddable":true,"href":"https:\/\/atmosferasmuebles.com\/tienda\/wp-json\/wp\/v2\/product_tag?post=1542"},{"taxonomy":"accesorios","embeddable":true,"href":"https:\/\/atmosferasmuebles.com\/tienda\/wp-json\/wp\/v2\/accesorios?post=1542"},{"taxonomy":"coleccion","embeddable":true,"href":"https:\/\/atmosferasmuebles.com\/tienda\/wp-json\/wp\/v2\/coleccion?post=1542"},{"taxonomy":"espacios","embeddable":true,"href":"https:\/\/atmosferasmuebles.com\/tienda\/wp-json\/wp\/v2\/espacios?post=1542"},{"taxonomy":"marca","embeddable":true,"href":"https:\/\/atmosferasmuebles.com\/tienda\/wp-json\/wp\/v2\/marca?post=1542"},{"taxonomy":"material","embeddable":true,"href":"https:\/\/atmosferasmuebles.com\/tienda\/wp-json\/wp\/v2\/material?post=1542"}],"curies":[{"name":"wp","href":"https:\/\/api.w.org\/{rel}","templated":true}]}}