{"id":1413,"date":"2021-04-07T19:33:20","date_gmt":"2021-04-07T19:33:20","guid":{"rendered":"http:\/\/atmosferasmuebles.com\/tienda\/?post_type=product&#038;p=1413"},"modified":"2026-04-29T08:41:36","modified_gmt":"2026-04-29T08:41:36","slug":"mesa-rectangular-tiburon","status":"publish","type":"product","link":"https:\/\/atmosferasmuebles.com\/tienda\/producto\/mesa-rectangular-tiburon\/","title":{"rendered":"Mesa rectangular Tibur\u00f3n"},"content":{"rendered":"<p>Mesa rectangular Tibur\u00f3n para exteriores de nuestra elegante colecci\u00f3n Tibur\u00f3n ejemplifica el estilo de vida moderno del \u00c1rea de la Bah\u00eda de California. Aunque est\u00e1 dise\u00f1ado para uso en exteriores, Tibur\u00f3n tambi\u00e9n se puede utilizar en interiores, tanto en aplicaciones residenciales como comerciales.<\/p>\n<p>Hecha de acero inoxidable de grado 304 y teca de alta resistencia, de f\u00e1cil mantenimiento incluso para el acero inoxidable que con la aplicaci\u00f3n ocasional de un limpiador de acero inoxidable no abrasivo ser\u00e1 suficiente para mantenerlo limpio.<\/p>\n","protected":false},"excerpt":{"rendered":"<p>Mesa rectangular Tibur\u00f3n para exteriores con capacidad de hasta 8 personas, es el compa\u00f1ero perfecto para nuestras sillas Tibur\u00f3n y tiene capacidad para 8 personas. Las patas y el marco de la mesa est\u00e1n fabricados con acero inoxidable 304 de alta calidad. La tapa de teca tiene un agujero de paraguas de 2 \u201cy un tap\u00f3n de acero inoxidable para acomodar el paraguas.<\/p>\n<p><strong>Complementa tu espacio con la l\u00ednea Tibur\u00f3n.<\/strong><\/p>\n","protected":false},"featured_media":1430,"comment_status":"closed","ping_status":"closed","template":"","meta":{"_joinchat":[]},"product_brand":[],"product_cat":[1312,90,61,117,40,26,23,17,1652],"product_tag":[],"accesorios":[],"coleccion":[206],"espacios":[210,1672],"marca":[217],"material":[231,228],"class_list":{"0":"post-1413","1":"product","2":"type-product","3":"status-publish","4":"has-post-thumbnail","6":"product_cat-acero","7":"product_cat-coleccion-tiburon","8":"product_cat-comedor","9":"product_cat-kingsley-bate","10":"product_cat-madera","11":"product_cat-mesas","12":"product_cat-metal","13":"product_cat-muebles-de-exterior","14":"product_cat-residencial","15":"coleccion-tiburon","16":"espacios-comedores","17":"espacios-residencial","18":"marca-kingsley-bate","19":"material-acero","20":"material-madera","21":"sales-flash-overlay","22":"woocommerce-text-align-center","23":"woocommerce-image-align-center","24":"wc-has-gallery","26":"first","27":"instock","28":"shipping-taxable","29":"purchasable","30":"product-type-simple"},"_links":{"self":[{"href":"https:\/\/atmosferasmuebles.com\/tienda\/wp-json\/wp\/v2\/product\/1413","targetHints":{"allow":["GET"]}}],"collection":[{"href":"https:\/\/atmosferasmuebles.com\/tienda\/wp-json\/wp\/v2\/product"}],"about":[{"href":"https:\/\/atmosferasmuebles.com\/tienda\/wp-json\/wp\/v2\/types\/product"}],"replies":[{"embeddable":true,"href":"https:\/\/atmosferasmuebles.com\/tienda\/wp-json\/wp\/v2\/comments?post=1413"}],"version-history":[{"count":1,"href":"https:\/\/atmosferasmuebles.com\/tienda\/wp-json\/wp\/v2\/product\/1413\/revisions"}],"predecessor-version":[{"id":25209,"href":"https:\/\/atmosferasmuebles.com\/tienda\/wp-json\/wp\/v2\/product\/1413\/revisions\/25209"}],"wp:featuredmedia":[{"embeddable":true,"href":"https:\/\/atmosferasmuebles.com\/tienda\/wp-json\/wp\/v2\/media\/1430"}],"wp:attachment":[{"href":"https:\/\/atmosferasmuebles.com\/tienda\/wp-json\/wp\/v2\/media?parent=1413"}],"wp:term":[{"taxonomy":"product_brand","embeddable":true,"href":"https:\/\/atmosferasmuebles.com\/tienda\/wp-json\/wp\/v2\/product_brand?post=1413"},{"taxonomy":"product_cat","embeddable":true,"href":"https:\/\/atmosferasmuebles.com\/tienda\/wp-json\/wp\/v2\/product_cat?post=1413"},{"taxonomy":"product_tag","embeddable":true,"href":"https:\/\/atmosferasmuebles.com\/tienda\/wp-json\/wp\/v2\/product_tag?post=1413"},{"taxonomy":"accesorios","embeddable":true,"href":"https:\/\/atmosferasmuebles.com\/tienda\/wp-json\/wp\/v2\/accesorios?post=1413"},{"taxonomy":"coleccion","embeddable":true,"href":"https:\/\/atmosferasmuebles.com\/tienda\/wp-json\/wp\/v2\/coleccion?post=1413"},{"taxonomy":"espacios","embeddable":true,"href":"https:\/\/atmosferasmuebles.com\/tienda\/wp-json\/wp\/v2\/espacios?post=1413"},{"taxonomy":"marca","embeddable":true,"href":"https:\/\/atmosferasmuebles.com\/tienda\/wp-json\/wp\/v2\/marca?post=1413"},{"taxonomy":"material","embeddable":true,"href":"https:\/\/atmosferasmuebles.com\/tienda\/wp-json\/wp\/v2\/material?post=1413"}],"curies":[{"name":"wp","href":"https:\/\/api.w.org\/{rel}","templated":true}]}}