{"id":1390,"date":"2021-04-07T19:11:13","date_gmt":"2021-04-07T19:11:13","guid":{"rendered":"http:\/\/atmosferasmuebles.com\/tienda\/?post_type=product&#038;p=1390"},"modified":"2025-08-20T21:16:38","modified_gmt":"2025-08-20T21:16:38","slug":"sillon-giratorio-coral","status":"publish","type":"product","link":"https:\/\/atmosferasmuebles.com\/tienda\/producto\/sillon-giratorio-coral\/","title":{"rendered":"Sill\u00f3n Giratorio Coral"},"content":{"rendered":"<p>Sill\u00f3n giratorio Coral para exteriores hecho de fibra Viro\u00ae tejido jacinto retorcido de color gris o crema se combina maravillosamente con el marr\u00f3n oscuro de Ipe en esta fina colecci\u00f3n de muebles respetuoso con el medio ambiente y resistente al tener un marco de aluminio de alta calidad.<\/p>\n<p>Los cojines son personalizados al poder escogerse entre una variedad de telas y colores.<\/p>\n","protected":false},"excerpt":{"rendered":"<p>Sill\u00f3n giratorio Coral para exteriores es una fina colecci\u00f3n de muebles que realzar\u00e1 una habitaci\u00f3n en interior o exterior. Tejido a mano con material de fibra Viro\u00ae sobre un marco de aluminio con patas de madera de Ipe.<\/p>\n<p><strong>El tejido est\u00e1 disponible en 2 colores gris y crema y los cojines incluidos pueden seleccionarse entre una variedad de telas de la marca Sunbrella\u00ae l\u00edder en telas de exterior.<\/strong><\/p>\n","protected":false},"featured_media":1403,"comment_status":"closed","ping_status":"closed","template":"","meta":{"_joinchat":[]},"product_brand":[],"product_cat":[41,63,17,98],"product_tag":[],"accesorios":[],"coleccion":[205],"espacios":[209],"marca":[216],"material":[230,233],"class_list":{"0":"post-1390","1":"product","2":"type-product","3":"status-publish","4":"has-post-thumbnail","6":"product_cat-jensen-leisure","7":"product_cat-mimbre-intemperie","8":"product_cat-muebles-de-exterior","9":"product_cat-salas","10":"coleccion-coral","11":"espacios-salas","12":"marca-jensen","13":"material-mimbre","14":"material-textil","15":"sales-flash-overlay","16":"woocommerce-text-align-center","17":"woocommerce-image-align-center","18":"wc-has-gallery","20":"first","21":"instock","22":"shipping-taxable","23":"purchasable","24":"product-type-variable"},"_links":{"self":[{"href":"https:\/\/atmosferasmuebles.com\/tienda\/wp-json\/wp\/v2\/product\/1390","targetHints":{"allow":["GET"]}}],"collection":[{"href":"https:\/\/atmosferasmuebles.com\/tienda\/wp-json\/wp\/v2\/product"}],"about":[{"href":"https:\/\/atmosferasmuebles.com\/tienda\/wp-json\/wp\/v2\/types\/product"}],"replies":[{"embeddable":true,"href":"https:\/\/atmosferasmuebles.com\/tienda\/wp-json\/wp\/v2\/comments?post=1390"}],"version-history":[{"count":0,"href":"https:\/\/atmosferasmuebles.com\/tienda\/wp-json\/wp\/v2\/product\/1390\/revisions"}],"wp:featuredmedia":[{"embeddable":true,"href":"https:\/\/atmosferasmuebles.com\/tienda\/wp-json\/wp\/v2\/media\/1403"}],"wp:attachment":[{"href":"https:\/\/atmosferasmuebles.com\/tienda\/wp-json\/wp\/v2\/media?parent=1390"}],"wp:term":[{"taxonomy":"product_brand","embeddable":true,"href":"https:\/\/atmosferasmuebles.com\/tienda\/wp-json\/wp\/v2\/product_brand?post=1390"},{"taxonomy":"product_cat","embeddable":true,"href":"https:\/\/atmosferasmuebles.com\/tienda\/wp-json\/wp\/v2\/product_cat?post=1390"},{"taxonomy":"product_tag","embeddable":true,"href":"https:\/\/atmosferasmuebles.com\/tienda\/wp-json\/wp\/v2\/product_tag?post=1390"},{"taxonomy":"accesorios","embeddable":true,"href":"https:\/\/atmosferasmuebles.com\/tienda\/wp-json\/wp\/v2\/accesorios?post=1390"},{"taxonomy":"coleccion","embeddable":true,"href":"https:\/\/atmosferasmuebles.com\/tienda\/wp-json\/wp\/v2\/coleccion?post=1390"},{"taxonomy":"espacios","embeddable":true,"href":"https:\/\/atmosferasmuebles.com\/tienda\/wp-json\/wp\/v2\/espacios?post=1390"},{"taxonomy":"marca","embeddable":true,"href":"https:\/\/atmosferasmuebles.com\/tienda\/wp-json\/wp\/v2\/marca?post=1390"},{"taxonomy":"material","embeddable":true,"href":"https:\/\/atmosferasmuebles.com\/tienda\/wp-json\/wp\/v2\/material?post=1390"}],"curies":[{"name":"wp","href":"https:\/\/api.w.org\/{rel}","templated":true}]}}