{"id":1368,"date":"2021-04-07T19:00:33","date_gmt":"2021-04-07T19:00:33","guid":{"rendered":"http:\/\/atmosferasmuebles.com\/tienda\/?post_type=product&#038;p=1368"},"modified":"2026-01-26T06:07:43","modified_gmt":"2026-01-26T06:07:43","slug":"sillon-eflex","status":"publish","type":"product","link":"https:\/\/atmosferasmuebles.com\/tienda\/producto\/sillon-eflex\/","title":{"rendered":"Sill\u00f3n Eflex"},"content":{"rendered":"<p>Sill\u00f3n Eflex para exterior evocar\u00e1 una est\u00e9tica de dise\u00f1o moderno cuando se combine con cualquier mesa de comedor de madera dura Ipe de Jensen Leisure.<\/p>\n<p>Fabricado con un marco de madera Ipe, material apreciado por su belleza y durabilidad en cualquier entorno y forrado con correa de la marca Sunbrella\u00ae l\u00edder a nivel mundial y pioneros en la creaci\u00f3n de telas resistentes al agua, sol y lluvia.<\/p>\n<p>Busca la mesa de madera Ipe que te guste m\u00e1s para complementar tu comedor<\/p>\n","protected":false},"excerpt":{"rendered":"<p>Sill\u00f3n Eflex para exterior c\u00f3modo y elegante.<\/p>\n<p>Est\u00e1 compuesto de un marco de robusta madera Ipe y cubierta con correa duradera de Sunbrella\u00ae haci\u00e9ndolo un bello mueble de madera noble que iluminar\u00e1 tu exterior en los pr\u00f3ximos a\u00f1os.<\/p>\n<p>La puedes encontrar en 2 colores gris y bronce y al combinarla con una mesa de madera Ipe obtendr\u00e1s un comedor de dise\u00f1o moderno y elegante.<\/p>\n","protected":false},"featured_media":1386,"comment_status":"closed","ping_status":"closed","template":"","meta":{"_joinchat":[]},"product_brand":[],"product_cat":[41,63,17,22],"product_tag":[],"accesorios":[],"coleccion":[],"espacios":[210],"marca":[216],"material":[233],"class_list":{"0":"post-1368","1":"product","2":"type-product","3":"status-publish","4":"has-post-thumbnail","6":"product_cat-jensen-leisure","7":"product_cat-mimbre-intemperie","8":"product_cat-muebles-de-exterior","9":"product_cat-sillones","10":"espacios-comedores","11":"marca-jensen","12":"material-textil","13":"sales-flash-overlay","14":"woocommerce-text-align-center","15":"woocommerce-image-align-center","16":"wc-has-gallery","18":"first","19":"instock","20":"shipping-taxable","21":"purchasable","22":"product-type-variable"},"_links":{"self":[{"href":"https:\/\/atmosferasmuebles.com\/tienda\/wp-json\/wp\/v2\/product\/1368","targetHints":{"allow":["GET"]}}],"collection":[{"href":"https:\/\/atmosferasmuebles.com\/tienda\/wp-json\/wp\/v2\/product"}],"about":[{"href":"https:\/\/atmosferasmuebles.com\/tienda\/wp-json\/wp\/v2\/types\/product"}],"replies":[{"embeddable":true,"href":"https:\/\/atmosferasmuebles.com\/tienda\/wp-json\/wp\/v2\/comments?post=1368"}],"version-history":[{"count":1,"href":"https:\/\/atmosferasmuebles.com\/tienda\/wp-json\/wp\/v2\/product\/1368\/revisions"}],"predecessor-version":[{"id":11065,"href":"https:\/\/atmosferasmuebles.com\/tienda\/wp-json\/wp\/v2\/product\/1368\/revisions\/11065"}],"wp:featuredmedia":[{"embeddable":true,"href":"https:\/\/atmosferasmuebles.com\/tienda\/wp-json\/wp\/v2\/media\/1386"}],"wp:attachment":[{"href":"https:\/\/atmosferasmuebles.com\/tienda\/wp-json\/wp\/v2\/media?parent=1368"}],"wp:term":[{"taxonomy":"product_brand","embeddable":true,"href":"https:\/\/atmosferasmuebles.com\/tienda\/wp-json\/wp\/v2\/product_brand?post=1368"},{"taxonomy":"product_cat","embeddable":true,"href":"https:\/\/atmosferasmuebles.com\/tienda\/wp-json\/wp\/v2\/product_cat?post=1368"},{"taxonomy":"product_tag","embeddable":true,"href":"https:\/\/atmosferasmuebles.com\/tienda\/wp-json\/wp\/v2\/product_tag?post=1368"},{"taxonomy":"accesorios","embeddable":true,"href":"https:\/\/atmosferasmuebles.com\/tienda\/wp-json\/wp\/v2\/accesorios?post=1368"},{"taxonomy":"coleccion","embeddable":true,"href":"https:\/\/atmosferasmuebles.com\/tienda\/wp-json\/wp\/v2\/coleccion?post=1368"},{"taxonomy":"espacios","embeddable":true,"href":"https:\/\/atmosferasmuebles.com\/tienda\/wp-json\/wp\/v2\/espacios?post=1368"},{"taxonomy":"marca","embeddable":true,"href":"https:\/\/atmosferasmuebles.com\/tienda\/wp-json\/wp\/v2\/marca?post=1368"},{"taxonomy":"material","embeddable":true,"href":"https:\/\/atmosferasmuebles.com\/tienda\/wp-json\/wp\/v2\/material?post=1368"}],"curies":[{"name":"wp","href":"https:\/\/api.w.org\/{rel}","templated":true}]}}