{"id":12925,"date":"2025-05-12T14:52:32","date_gmt":"2025-05-12T14:52:32","guid":{"rendered":"https:\/\/atmosferasmuebles.com\/tienda\/?post_type=product&#038;p=12925"},"modified":"2026-01-30T03:27:10","modified_gmt":"2026-01-30T03:27:10","slug":"sofa-esquinero-marine-2","status":"publish","type":"product","link":"https:\/\/atmosferasmuebles.com\/tienda\/producto\/sofa-esquinero-marine-2\/","title":{"rendered":"Sof\u00e1 Esquinero Marine"},"content":{"rendered":"<p>Este sof\u00e1 esquinero con estructura de aluminio lacado blanco est\u00e1 dise\u00f1ado para brindar est\u00e9tica contempor\u00e1nea, funcionalidad y resistencia en todo tipo de espacios exteriores. Es perfecto para crear ambientes tipo chill-out en terrazas residenciales, hoteles, clubs de playa o zonas lounge.<br \/>La estructura de aluminio lacado lo hace ligero, resistente a la oxidaci\u00f3n y de f\u00e1cil mantenimiento, mientras que el tapizado en tejido Nautic ofrece alta resistencia al uso intensivo al aire libre, conservando su aspecto y propiedades incluso en condiciones exigentes.<br \/>El tejido Nautic es f\u00e1cil de lavar y desinfectar, ideal para proyectos que requieren altos est\u00e1ndares de higiene, tanto en uso p\u00fablico como dom\u00e9stico.<br \/>Gracias a su sistema de anclajes, se puede combinar con otros m\u00f3dulos de la misma colecci\u00f3n para crear configuraciones personalizadas, adapt\u00e1ndose a distintos espacios y estilos.<\/p>\n<p>Una soluci\u00f3n modular, elegante y duradera para el exterior.<\/p>\n","protected":false},"excerpt":{"rendered":"<p>Sof\u00e1 esquinero de aluminio blanco con tapizado en tejido Nautic. Ideal para exteriores. Modular, resistente, f\u00e1cil de limpiar y combinar. Uso p\u00fablico y dom\u00e9stico.<\/p>\n","protected":false},"featured_media":12930,"comment_status":"open","ping_status":"closed","template":"","meta":{"_joinchat":[]},"product_brand":[],"product_cat":[884,706,16,270,1194,22,310],"product_tag":[],"accesorios":[],"coleccion":[980],"espacios":[210,212,209],"marca":[214],"material":[232],"class_list":{"0":"post-12925","1":"product","2":"type-product","3":"status-publish","4":"has-post-thumbnail","6":"product_cat-interior-2","7":"product_cat-exterior","8":"product_cat-ezpeleta","9":"product_cat-interior","10":"product_cat-modulo-esquinero","11":"product_cat-sillones","12":"product_cat-sillones-interior","13":"coleccion-ezpeleta","14":"espacios-comedores","15":"espacios-jardin","16":"espacios-salas","17":"marca-ezpeleta","18":"material-aluminio","19":"sales-flash-overlay","20":"woocommerce-text-align-center","21":"woocommerce-image-align-center","22":"wc-has-gallery","24":"first","25":"instock","26":"shipping-taxable","27":"purchasable","28":"product-type-variable"},"_links":{"self":[{"href":"https:\/\/atmosferasmuebles.com\/tienda\/wp-json\/wp\/v2\/product\/12925","targetHints":{"allow":["GET"]}}],"collection":[{"href":"https:\/\/atmosferasmuebles.com\/tienda\/wp-json\/wp\/v2\/product"}],"about":[{"href":"https:\/\/atmosferasmuebles.com\/tienda\/wp-json\/wp\/v2\/types\/product"}],"replies":[{"embeddable":true,"href":"https:\/\/atmosferasmuebles.com\/tienda\/wp-json\/wp\/v2\/comments?post=12925"}],"version-history":[{"count":4,"href":"https:\/\/atmosferasmuebles.com\/tienda\/wp-json\/wp\/v2\/product\/12925\/revisions"}],"predecessor-version":[{"id":18196,"href":"https:\/\/atmosferasmuebles.com\/tienda\/wp-json\/wp\/v2\/product\/12925\/revisions\/18196"}],"wp:featuredmedia":[{"embeddable":true,"href":"https:\/\/atmosferasmuebles.com\/tienda\/wp-json\/wp\/v2\/media\/12930"}],"wp:attachment":[{"href":"https:\/\/atmosferasmuebles.com\/tienda\/wp-json\/wp\/v2\/media?parent=12925"}],"wp:term":[{"taxonomy":"product_brand","embeddable":true,"href":"https:\/\/atmosferasmuebles.com\/tienda\/wp-json\/wp\/v2\/product_brand?post=12925"},{"taxonomy":"product_cat","embeddable":true,"href":"https:\/\/atmosferasmuebles.com\/tienda\/wp-json\/wp\/v2\/product_cat?post=12925"},{"taxonomy":"product_tag","embeddable":true,"href":"https:\/\/atmosferasmuebles.com\/tienda\/wp-json\/wp\/v2\/product_tag?post=12925"},{"taxonomy":"accesorios","embeddable":true,"href":"https:\/\/atmosferasmuebles.com\/tienda\/wp-json\/wp\/v2\/accesorios?post=12925"},{"taxonomy":"coleccion","embeddable":true,"href":"https:\/\/atmosferasmuebles.com\/tienda\/wp-json\/wp\/v2\/coleccion?post=12925"},{"taxonomy":"espacios","embeddable":true,"href":"https:\/\/atmosferasmuebles.com\/tienda\/wp-json\/wp\/v2\/espacios?post=12925"},{"taxonomy":"marca","embeddable":true,"href":"https:\/\/atmosferasmuebles.com\/tienda\/wp-json\/wp\/v2\/marca?post=12925"},{"taxonomy":"material","embeddable":true,"href":"https:\/\/atmosferasmuebles.com\/tienda\/wp-json\/wp\/v2\/material?post=12925"}],"curies":[{"name":"wp","href":"https:\/\/api.w.org\/{rel}","templated":true}]}}