{"id":12621,"date":"2025-04-28T20:08:19","date_gmt":"2025-04-28T20:08:19","guid":{"rendered":"https:\/\/atmosferasmuebles.com\/tienda\/?post_type=product&#038;p=12621"},"modified":"2026-04-29T08:25:44","modified_gmt":"2026-04-29T08:25:44","slug":"sombrilla-parasol-eolo-sunbrella","status":"publish","type":"product","link":"https:\/\/atmosferasmuebles.com\/tienda\/producto\/sombrilla-parasol-eolo-sunbrella\/","title":{"rendered":"Sombrilla parasol Eolo Sunbrella\u00ae"},"content":{"rendered":"<p>La Sombrilla Parasol EOLO est\u00e1 fabricada en aluminio lacado con 4 varillas (20\u00d714 mm), dise\u00f1ada para ofrecer sombra eficiente y elegante en terrazas y jardines. Cuenta con brazo lateral, rotaci\u00f3n de 360\u00b0, sistema push-up con abre-cierra y pulsador de bloqueo, as\u00ed como fugavientos que refuerzan su estabilidad.<br \/>Su cubierta est\u00e1 confeccionada en tela Olef\u00edn, elaborada con hilo de polipropileno tintado en masa, lo que le otorga alta resistencia a la luz solar, gran solidez del color y durabilidad prolongada. Es repelente al agua, resistente a manchas y 100\u202f% reciclable.<br \/>Certificada con el est\u00e1ndar UV 801 UPF 80, esta sombrilla garantiza la protecci\u00f3n contra los efectos nocivos de los rayos UV, siendo ideal para uso p\u00fablico o dom\u00e9stico.<\/p>\n<p>Muy f\u00e1cil de lavar y desinfectar.<\/p>\n<p>\u26a0\ufe0f Base no incluida.<\/p>\n","protected":false},"excerpt":{"rendered":"<p>Sombrilla EOLO con brazo lateral, estructura de aluminio, tela Olef\u00edn y rotaci\u00f3n 360\u00b0. Con sistema anti-viento, protecci\u00f3n UV UPF 80. Base no incluida.<\/p>\n","protected":false},"featured_media":6719,"comment_status":"open","ping_status":"closed","template":"","meta":{"_joinchat":[]},"product_brand":[],"product_cat":[1149,2238,19,417,16,2237,17,27,2236],"product_tag":[],"accesorios":[],"coleccion":[416],"espacios":[213,212,1224],"marca":[214],"material":[232,234,233],"class_list":{"0":"post-12621","1":"product","2":"type-product","3":"status-publish","4":"has-post-thumbnail","6":"product_cat-aluminio","7":"product_cat-bases-de-sombrilla","8":"product_cat-cinta-o-tela-para-exterior","9":"product_cat-coleccion-eolo","10":"product_cat-ezpeleta","11":"product_cat-jardin","12":"product_cat-muebles-de-exterior","13":"product_cat-sombrillas","14":"product_cat-terraza","15":"coleccion-eolo","16":"espacios-alberca","17":"espacios-jardin","18":"espacios-terraza","19":"marca-ezpeleta","20":"material-aluminio","21":"material-resina","22":"material-textil","23":"sales-flash-overlay","24":"woocommerce-text-align-center","25":"woocommerce-image-align-center","26":"wc-has-gallery","28":"first","29":"instock","30":"shipping-taxable","31":"purchasable","32":"product-type-variable"},"_links":{"self":[{"href":"https:\/\/atmosferasmuebles.com\/tienda\/wp-json\/wp\/v2\/product\/12621","targetHints":{"allow":["GET"]}}],"collection":[{"href":"https:\/\/atmosferasmuebles.com\/tienda\/wp-json\/wp\/v2\/product"}],"about":[{"href":"https:\/\/atmosferasmuebles.com\/tienda\/wp-json\/wp\/v2\/types\/product"}],"replies":[{"embeddable":true,"href":"https:\/\/atmosferasmuebles.com\/tienda\/wp-json\/wp\/v2\/comments?post=12621"}],"version-history":[{"count":2,"href":"https:\/\/atmosferasmuebles.com\/tienda\/wp-json\/wp\/v2\/product\/12621\/revisions"}],"predecessor-version":[{"id":18195,"href":"https:\/\/atmosferasmuebles.com\/tienda\/wp-json\/wp\/v2\/product\/12621\/revisions\/18195"}],"wp:featuredmedia":[{"embeddable":true,"href":"https:\/\/atmosferasmuebles.com\/tienda\/wp-json\/wp\/v2\/media\/6719"}],"wp:attachment":[{"href":"https:\/\/atmosferasmuebles.com\/tienda\/wp-json\/wp\/v2\/media?parent=12621"}],"wp:term":[{"taxonomy":"product_brand","embeddable":true,"href":"https:\/\/atmosferasmuebles.com\/tienda\/wp-json\/wp\/v2\/product_brand?post=12621"},{"taxonomy":"product_cat","embeddable":true,"href":"https:\/\/atmosferasmuebles.com\/tienda\/wp-json\/wp\/v2\/product_cat?post=12621"},{"taxonomy":"product_tag","embeddable":true,"href":"https:\/\/atmosferasmuebles.com\/tienda\/wp-json\/wp\/v2\/product_tag?post=12621"},{"taxonomy":"accesorios","embeddable":true,"href":"https:\/\/atmosferasmuebles.com\/tienda\/wp-json\/wp\/v2\/accesorios?post=12621"},{"taxonomy":"coleccion","embeddable":true,"href":"https:\/\/atmosferasmuebles.com\/tienda\/wp-json\/wp\/v2\/coleccion?post=12621"},{"taxonomy":"espacios","embeddable":true,"href":"https:\/\/atmosferasmuebles.com\/tienda\/wp-json\/wp\/v2\/espacios?post=12621"},{"taxonomy":"marca","embeddable":true,"href":"https:\/\/atmosferasmuebles.com\/tienda\/wp-json\/wp\/v2\/marca?post=12621"},{"taxonomy":"material","embeddable":true,"href":"https:\/\/atmosferasmuebles.com\/tienda\/wp-json\/wp\/v2\/material?post=12621"}],"curies":[{"name":"wp","href":"https:\/\/api.w.org\/{rel}","templated":true}]}}