{"id":1211,"date":"2021-04-07T15:55:12","date_gmt":"2021-04-07T15:55:12","guid":{"rendered":"http:\/\/atmosferasmuebles.com\/tienda\/?post_type=product&#038;p=1211"},"modified":"2026-01-25T03:35:15","modified_gmt":"2026-01-25T03:35:15","slug":"sillon-derecho-sala-modular-coral","status":"publish","type":"product","link":"https:\/\/atmosferasmuebles.com\/tienda\/producto\/sillon-derecho-sala-modular-coral\/","title":{"rendered":"Sill\u00f3n derecho sala modular Coral"},"content":{"rendered":"<p>Sill\u00f3n derecho sala modular Coral para exteriores es uno de los m\u00f3dulos que podr\u00e1s encontrar para armar tu sala.<\/p>\n<p>Hecho de fibra Viro\u00ae tejido jacinto retorcido de color gris o crema se combina maravillosamente con el marr\u00f3n oscuro de Ipe d\u00e1ndole un estilo fino adem\u00e1s de resistente al tener un marco de aluminio de alta calidad.<\/p>\n<p>Los cojines son personalizados al poder escogerse entre una variedad de telas de la marca Sunbrella\u00ae tela reconocida por su gran resistencia a los ambientes exteriores.<\/p>\n","protected":false},"excerpt":{"rendered":"<p>Sill\u00f3n derecho sala modular Coral para exteriores con este m\u00f3dulo podr\u00e1s tener una c\u00f3moda esquina para tu sala modular. Selecciona los dem\u00e1s m\u00f3dulos para armar tu espacio.<\/p>\n<p>Tejido a mano con material de fibra Viro\u00ae sobre un marco de aluminio con patas de madera de Ipe.<\/p>\n<p><strong>El tejido est\u00e1 disponible en 2 colores gris y crema y los cojines incluidos pueden seleccionarse entre una variedad de telas y colores Sunbrella\u00ae.<\/strong><\/p>\n<p><a href=\"http:\/\/www.berechan.mx\/producto\/banca-amber\/\"><img decoding=\"async\" class=\"alignnone wp-image-1229\" src=\"http:\/\/atmosferasmuebles.com\/tienda\/wp-content\/uploads\/sites\/4\/2021\/04\/mesa-de-centro-42-coral.jpg\" alt=\"\" width=\"135\" height=\"90\" \/><img decoding=\"async\" class=\"alignnone wp-image-1251\" src=\"http:\/\/atmosferasmuebles.com\/tienda\/wp-content\/uploads\/sites\/4\/2021\/04\/mesa-de-centro-24-coral.jpg\" alt=\"\" width=\"97\" height=\"91\" \/><img decoding=\"async\" class=\"alignnone wp-image-1259\" src=\"http:\/\/atmosferasmuebles.com\/tienda\/wp-content\/uploads\/sites\/4\/2021\/04\/esquinero-sala-modular-coral.jpg\" alt=\"\" width=\"123\" height=\"97\" \/><img loading=\"lazy\" decoding=\"async\" class=\"alignnone wp-image-1260\" src=\"http:\/\/atmosferasmuebles.com\/tienda\/wp-content\/uploads\/sites\/4\/2021\/04\/sillon-izquierdo-sala-modular-coral.jpg\" alt=\"\" width=\"140\" height=\"98\" \/><img loading=\"lazy\" decoding=\"async\" class=\"wp-image-1261 alignnone\" src=\"http:\/\/atmosferasmuebles.com\/tienda\/wp-content\/uploads\/sites\/4\/2021\/04\/sillon-central-sala-modular-coral.jpg\" alt=\"\" width=\"104\" height=\"94\" \/><\/a><\/p>\n","protected":false},"featured_media":1214,"comment_status":"closed","ping_status":"closed","template":"","meta":{"_joinchat":[]},"product_brand":[],"product_cat":[19,91,41,40,63,1194,17,98,22],"product_tag":[],"accesorios":[],"coleccion":[205],"espacios":[209],"marca":[216],"material":[228,230,233],"class_list":{"0":"post-1211","1":"product","2":"type-product","3":"status-publish","4":"has-post-thumbnail","6":"product_cat-cinta-o-tela-para-exterior","7":"product_cat-coleccion-coral","8":"product_cat-jensen-leisure","9":"product_cat-madera","10":"product_cat-mimbre-intemperie","11":"product_cat-modulo-esquinero","12":"product_cat-muebles-de-exterior","13":"product_cat-salas","14":"product_cat-sillones","15":"coleccion-coral","16":"espacios-salas","17":"marca-jensen","18":"material-madera","19":"material-mimbre","20":"material-textil","21":"sales-flash-overlay","22":"woocommerce-text-align-center","23":"woocommerce-image-align-center","24":"wc-has-gallery","26":"first","27":"instock","28":"shipping-taxable","29":"purchasable","30":"product-type-variable"},"_links":{"self":[{"href":"https:\/\/atmosferasmuebles.com\/tienda\/wp-json\/wp\/v2\/product\/1211","targetHints":{"allow":["GET"]}}],"collection":[{"href":"https:\/\/atmosferasmuebles.com\/tienda\/wp-json\/wp\/v2\/product"}],"about":[{"href":"https:\/\/atmosferasmuebles.com\/tienda\/wp-json\/wp\/v2\/types\/product"}],"replies":[{"embeddable":true,"href":"https:\/\/atmosferasmuebles.com\/tienda\/wp-json\/wp\/v2\/comments?post=1211"}],"version-history":[{"count":1,"href":"https:\/\/atmosferasmuebles.com\/tienda\/wp-json\/wp\/v2\/product\/1211\/revisions"}],"predecessor-version":[{"id":25001,"href":"https:\/\/atmosferasmuebles.com\/tienda\/wp-json\/wp\/v2\/product\/1211\/revisions\/25001"}],"wp:featuredmedia":[{"embeddable":true,"href":"https:\/\/atmosferasmuebles.com\/tienda\/wp-json\/wp\/v2\/media\/1214"}],"wp:attachment":[{"href":"https:\/\/atmosferasmuebles.com\/tienda\/wp-json\/wp\/v2\/media?parent=1211"}],"wp:term":[{"taxonomy":"product_brand","embeddable":true,"href":"https:\/\/atmosferasmuebles.com\/tienda\/wp-json\/wp\/v2\/product_brand?post=1211"},{"taxonomy":"product_cat","embeddable":true,"href":"https:\/\/atmosferasmuebles.com\/tienda\/wp-json\/wp\/v2\/product_cat?post=1211"},{"taxonomy":"product_tag","embeddable":true,"href":"https:\/\/atmosferasmuebles.com\/tienda\/wp-json\/wp\/v2\/product_tag?post=1211"},{"taxonomy":"accesorios","embeddable":true,"href":"https:\/\/atmosferasmuebles.com\/tienda\/wp-json\/wp\/v2\/accesorios?post=1211"},{"taxonomy":"coleccion","embeddable":true,"href":"https:\/\/atmosferasmuebles.com\/tienda\/wp-json\/wp\/v2\/coleccion?post=1211"},{"taxonomy":"espacios","embeddable":true,"href":"https:\/\/atmosferasmuebles.com\/tienda\/wp-json\/wp\/v2\/espacios?post=1211"},{"taxonomy":"marca","embeddable":true,"href":"https:\/\/atmosferasmuebles.com\/tienda\/wp-json\/wp\/v2\/marca?post=1211"},{"taxonomy":"material","embeddable":true,"href":"https:\/\/atmosferasmuebles.com\/tienda\/wp-json\/wp\/v2\/material?post=1211"}],"curies":[{"name":"wp","href":"https:\/\/api.w.org\/{rel}","templated":true}]}}