{"id":1203,"date":"2021-04-07T15:41:30","date_gmt":"2021-04-07T15:41:30","guid":{"rendered":"http:\/\/atmosferasmuebles.com\/tienda\/?post_type=product&#038;p=1203"},"modified":"2026-04-29T08:32:26","modified_gmt":"2026-04-29T08:32:26","slug":"silla-plegable-topaz","status":"publish","type":"product","link":"https:\/\/atmosferasmuebles.com\/tienda\/producto\/silla-plegable-topaz\/","title":{"rendered":"Silla plegable Topaz"},"content":{"rendered":"<p>Silla plegable Topaz para exteriores es perfecta para ser utilizada c\u00f3modamente para despu\u00e9s poder ser almacenada de forma eficiente.<\/p>\n<p>La silla est\u00e1 compuesta con un marco de robusta madera y listones finos de Ipe en el asiento y respaldo haci\u00e9ndolo un bello mueble que iluminar\u00e1 su exterior en los pr\u00f3ximos a\u00f1os.<\/p>\n<p><strong>Comb\u00ednala con cualquier mesa de comedor Ipe.<\/strong><\/p>\n","protected":false},"excerpt":{"rendered":"<p>Silla plegable Topaz para exteriores es perfecta para ser utilizada c\u00f3modamente para despu\u00e9s poder ser almacenada de forma eficiente. La silla est\u00e1 compuesta con un marco de robusta madera y listones finos de Ipe en el asiento y respaldo haci\u00e9ndolo un bello mueble que iluminar\u00e1 su exterior en los pr\u00f3ximos a\u00f1os. Comb\u00ednala con cualquier mesa &#8230; <a title=\"Silla plegable Topaz\" class=\"read-more\" href=\"https:\/\/atmosferasmuebles.com\/tienda\/producto\/silla-plegable-topaz\/\" aria-label=\"Leer m\u00e1s sobre Silla plegable Topaz\">Leer m\u00e1s<\/a><\/p>\n","protected":false},"featured_media":1188,"comment_status":"closed","ping_status":"closed","template":"","meta":{"_joinchat":[]},"product_brand":[],"product_cat":[97,61,99,41,40,17,60],"product_tag":[],"accesorios":[],"coleccion":[204],"espacios":[213,210,212],"marca":[216],"material":[228],"class_list":{"0":"post-1203","1":"product","2":"type-product","3":"status-publish","4":"has-post-thumbnail","6":"product_cat-coleccion-topaz","7":"product_cat-comedor","8":"product_cat-comedores","9":"product_cat-jensen-leisure","10":"product_cat-madera","11":"product_cat-muebles-de-exterior","12":"product_cat-sillas","13":"coleccion-topaz","14":"espacios-alberca","15":"espacios-comedores","16":"espacios-jardin","17":"marca-jensen","18":"material-madera","19":"sales-flash-overlay","20":"woocommerce-text-align-center","21":"woocommerce-image-align-center","22":"wc-has-gallery","24":"first","25":"instock","26":"shipping-taxable","27":"purchasable","28":"product-type-simple"},"_links":{"self":[{"href":"https:\/\/atmosferasmuebles.com\/tienda\/wp-json\/wp\/v2\/product\/1203","targetHints":{"allow":["GET"]}}],"collection":[{"href":"https:\/\/atmosferasmuebles.com\/tienda\/wp-json\/wp\/v2\/product"}],"about":[{"href":"https:\/\/atmosferasmuebles.com\/tienda\/wp-json\/wp\/v2\/types\/product"}],"replies":[{"embeddable":true,"href":"https:\/\/atmosferasmuebles.com\/tienda\/wp-json\/wp\/v2\/comments?post=1203"}],"version-history":[{"count":1,"href":"https:\/\/atmosferasmuebles.com\/tienda\/wp-json\/wp\/v2\/product\/1203\/revisions"}],"predecessor-version":[{"id":25220,"href":"https:\/\/atmosferasmuebles.com\/tienda\/wp-json\/wp\/v2\/product\/1203\/revisions\/25220"}],"wp:featuredmedia":[{"embeddable":true,"href":"https:\/\/atmosferasmuebles.com\/tienda\/wp-json\/wp\/v2\/media\/1188"}],"wp:attachment":[{"href":"https:\/\/atmosferasmuebles.com\/tienda\/wp-json\/wp\/v2\/media?parent=1203"}],"wp:term":[{"taxonomy":"product_brand","embeddable":true,"href":"https:\/\/atmosferasmuebles.com\/tienda\/wp-json\/wp\/v2\/product_brand?post=1203"},{"taxonomy":"product_cat","embeddable":true,"href":"https:\/\/atmosferasmuebles.com\/tienda\/wp-json\/wp\/v2\/product_cat?post=1203"},{"taxonomy":"product_tag","embeddable":true,"href":"https:\/\/atmosferasmuebles.com\/tienda\/wp-json\/wp\/v2\/product_tag?post=1203"},{"taxonomy":"accesorios","embeddable":true,"href":"https:\/\/atmosferasmuebles.com\/tienda\/wp-json\/wp\/v2\/accesorios?post=1203"},{"taxonomy":"coleccion","embeddable":true,"href":"https:\/\/atmosferasmuebles.com\/tienda\/wp-json\/wp\/v2\/coleccion?post=1203"},{"taxonomy":"espacios","embeddable":true,"href":"https:\/\/atmosferasmuebles.com\/tienda\/wp-json\/wp\/v2\/espacios?post=1203"},{"taxonomy":"marca","embeddable":true,"href":"https:\/\/atmosferasmuebles.com\/tienda\/wp-json\/wp\/v2\/marca?post=1203"},{"taxonomy":"material","embeddable":true,"href":"https:\/\/atmosferasmuebles.com\/tienda\/wp-json\/wp\/v2\/material?post=1203"}],"curies":[{"name":"wp","href":"https:\/\/api.w.org\/{rel}","templated":true}]}}