{"id":1197,"date":"2021-04-07T15:39:08","date_gmt":"2021-04-07T15:39:08","guid":{"rendered":"http:\/\/atmosferasmuebles.com\/tienda\/?post_type=product&#038;p=1197"},"modified":"2026-01-25T03:35:15","modified_gmt":"2026-01-25T03:35:15","slug":"silla-plegable-en-tela-topaz","status":"publish","type":"product","link":"https:\/\/atmosferasmuebles.com\/tienda\/producto\/silla-plegable-en-tela-topaz\/","title":{"rendered":"Silla plegable en tela Topaz"},"content":{"rendered":"<p>Silla plegable en tela Topaz para exteriores es perfecta para ser utilizada c\u00f3modamente para despu\u00e9s poder ser almacenada de forma eficiente.<\/p>\n<p>La silla est\u00e1 compuesta con un marco hecho a mano de robusta madera, asientos y respaldo de tela haci\u00e9ndola una bella y c\u00f3moda silla que iluminara su exterior en los pr\u00f3ximos a\u00f1os.<\/p>\n<p><strong>Comb\u00ednala con cualquier mesa de comedor Ipe.<\/strong><\/p>\n","protected":false},"excerpt":{"rendered":"<p>Silla plegable en tela Topaz para exteriores est\u00e1 hecha a mano con marco de madera Ipe y tela resistente al exterior.<\/p>\n<p>La silla proporciona la comodidad de un sill\u00f3n con la flexibilidad de una silla plegable haci\u00e9ndola perfecta para tu pr\u00f3xima reuni\u00f3n al aire libre.<\/p>\n<p><strong>Comb\u00ednala con cualquier mesa de comedor Ipe.<\/strong><\/p>\n","protected":false},"featured_media":1186,"comment_status":"closed","ping_status":"closed","template":"","meta":{"_joinchat":[]},"product_brand":[],"product_cat":[19,97,41,40,17,60],"product_tag":[],"accesorios":[],"coleccion":[204],"espacios":[210],"marca":[216],"material":[228,233],"class_list":{"0":"post-1197","1":"product","2":"type-product","3":"status-publish","4":"has-post-thumbnail","6":"product_cat-cinta-o-tela-para-exterior","7":"product_cat-coleccion-topaz","8":"product_cat-jensen-leisure","9":"product_cat-madera","10":"product_cat-muebles-de-exterior","11":"product_cat-sillas","12":"coleccion-topaz","13":"espacios-comedores","14":"marca-jensen","15":"material-madera","16":"material-textil","17":"sales-flash-overlay","18":"woocommerce-text-align-center","19":"woocommerce-image-align-center","20":"wc-has-gallery","22":"first","23":"instock","24":"shipping-taxable","25":"purchasable","26":"product-type-variable"},"_links":{"self":[{"href":"https:\/\/atmosferasmuebles.com\/tienda\/wp-json\/wp\/v2\/product\/1197","targetHints":{"allow":["GET"]}}],"collection":[{"href":"https:\/\/atmosferasmuebles.com\/tienda\/wp-json\/wp\/v2\/product"}],"about":[{"href":"https:\/\/atmosferasmuebles.com\/tienda\/wp-json\/wp\/v2\/types\/product"}],"replies":[{"embeddable":true,"href":"https:\/\/atmosferasmuebles.com\/tienda\/wp-json\/wp\/v2\/comments?post=1197"}],"version-history":[{"count":1,"href":"https:\/\/atmosferasmuebles.com\/tienda\/wp-json\/wp\/v2\/product\/1197\/revisions"}],"predecessor-version":[{"id":25221,"href":"https:\/\/atmosferasmuebles.com\/tienda\/wp-json\/wp\/v2\/product\/1197\/revisions\/25221"}],"wp:featuredmedia":[{"embeddable":true,"href":"https:\/\/atmosferasmuebles.com\/tienda\/wp-json\/wp\/v2\/media\/1186"}],"wp:attachment":[{"href":"https:\/\/atmosferasmuebles.com\/tienda\/wp-json\/wp\/v2\/media?parent=1197"}],"wp:term":[{"taxonomy":"product_brand","embeddable":true,"href":"https:\/\/atmosferasmuebles.com\/tienda\/wp-json\/wp\/v2\/product_brand?post=1197"},{"taxonomy":"product_cat","embeddable":true,"href":"https:\/\/atmosferasmuebles.com\/tienda\/wp-json\/wp\/v2\/product_cat?post=1197"},{"taxonomy":"product_tag","embeddable":true,"href":"https:\/\/atmosferasmuebles.com\/tienda\/wp-json\/wp\/v2\/product_tag?post=1197"},{"taxonomy":"accesorios","embeddable":true,"href":"https:\/\/atmosferasmuebles.com\/tienda\/wp-json\/wp\/v2\/accesorios?post=1197"},{"taxonomy":"coleccion","embeddable":true,"href":"https:\/\/atmosferasmuebles.com\/tienda\/wp-json\/wp\/v2\/coleccion?post=1197"},{"taxonomy":"espacios","embeddable":true,"href":"https:\/\/atmosferasmuebles.com\/tienda\/wp-json\/wp\/v2\/espacios?post=1197"},{"taxonomy":"marca","embeddable":true,"href":"https:\/\/atmosferasmuebles.com\/tienda\/wp-json\/wp\/v2\/marca?post=1197"},{"taxonomy":"material","embeddable":true,"href":"https:\/\/atmosferasmuebles.com\/tienda\/wp-json\/wp\/v2\/material?post=1197"}],"curies":[{"name":"wp","href":"https:\/\/api.w.org\/{rel}","templated":true}]}}