{"id":116,"date":"2021-04-03T06:55:37","date_gmt":"2021-04-03T06:55:37","guid":{"rendered":"http:\/\/atmosferasmuebles.com\/tienda\/?post_type=product&#038;p=116"},"modified":"2026-01-25T03:35:22","modified_gmt":"2026-01-25T03:35:22","slug":"sillon-giratorio-opal","status":"publish","type":"product","link":"https:\/\/atmosferasmuebles.com\/tienda\/producto\/sillon-giratorio-opal\/","title":{"rendered":"Sill\u00f3n giratorio Opal"},"content":{"rendered":"<p>Sill\u00f3n Giratorio Opal para exteriores est\u00e1 inspirado en el famoso edificio Hancock de Chicago.<\/p>\n<p>Fabricado en madera de IPE, la joya de la corona de las maderas es apreciada por su belleza y durabilidad en cualquier entorno. El coj\u00edn confeccionado en tela Sunbrella\u00ae l\u00edder a nivel mundial en telas de exterior y pioneros en la creaci\u00f3n de telas resistentes al agua, sol y lluvia. Su composici\u00f3n es 100% acr\u00edlica resistente al cambio de color y manchas.<\/p>\n<p><strong>Encuentra los dem\u00e1s m\u00f3dulos de la colecci\u00f3n para completar el dise\u00f1o de tu espacio.<\/strong><\/p>\n","protected":false},"excerpt":{"rendered":"<p>Sill\u00f3n Giratorio Opal para exteriores esta hecho de madera Ipe una madera apreciada por su belleza y durabilidad en cualquier entorno.<\/p>\n<p>El sill\u00f3n gira sobre su propio eje y se entrega con coj\u00ednes de respaldo altos perfectos para combinar con su estatura, el coj\u00edn esta confeccionado en tela Sunbrella\u00ae l\u00edder a nivel mundial en telas de exterior y pioneros en la creaci\u00f3n de telas resistentes al agua, sol y lluvia. Su composici\u00f3n es 100% acr\u00edlica resistente al cambio de color y manchas.<\/p>\n<p>Incluye los coj\u00ednes y contamos con opciones de color.<\/p>\n<p><a href=\"http:\/\/atmosferasmuebles.com\/tienda\/producto\/loveseat-opal-2\/\"><img decoding=\"async\" class=\"alignnone wp-image-1282\" src=\"http:\/\/atmosferasmuebles.com\/tienda\/wp-content\/uploads\/sites\/4\/2021\/04\/sillon-individual-opal-1.jpg\" alt=\"\" width=\"97\" height=\"100\" \/><img decoding=\"async\" class=\"alignnone wp-image-1285\" src=\"http:\/\/atmosferasmuebles.com\/tienda\/wp-content\/uploads\/sites\/4\/2021\/04\/loveseat-opal-1.jpg\" alt=\"\" width=\"147\" height=\"100\" \/><\/a><a href=\"http:\/\/atmosferasmuebles.com\/tienda\/producto\/sofa-opal\/\"><img decoding=\"async\" class=\"alignnone wp-image-1293\" src=\"http:\/\/atmosferasmuebles.com\/tienda\/wp-content\/uploads\/sites\/4\/2021\/04\/sofa-opal-1.jpg\" alt=\"\" width=\"194\" height=\"100\" \/><\/a><a href=\"http:\/\/atmosferasmuebles.com\/tienda\/producto\/ottoman-opal\/\"><img loading=\"lazy\" decoding=\"async\" class=\"alignnone wp-image-1294\" src=\"http:\/\/atmosferasmuebles.com\/tienda\/wp-content\/uploads\/sites\/4\/2021\/04\/ottoman-opal.jpg\" alt=\"\" width=\"150\" height=\"100\" \/><\/a><a href=\"http:\/\/atmosferasmuebles.com\/tienda\/producto\/mesa-de-centro-redonda-43%e2%80%b3-opal\/\"><img loading=\"lazy\" decoding=\"async\" class=\"alignnone wp-image-1298\" src=\"http:\/\/atmosferasmuebles.com\/tienda\/wp-content\/uploads\/sites\/4\/2021\/04\/mesa-de-cafe-cuadrada-24-opal.jpg\" alt=\"\" width=\"120\" height=\"100\" \/><img loading=\"lazy\" decoding=\"async\" class=\"alignnone wp-image-1299\" src=\"http:\/\/atmosferasmuebles.com\/tienda\/wp-content\/uploads\/sites\/4\/2021\/04\/mesa-de-centro-redonda-43-opal.jpg\" alt=\"\" width=\"138\" height=\"100\" \/><\/a><a href=\"http:\/\/atmosferasmuebles.com\/tienda\/producto\/mesa-de-centro-rectangular-47%e2%80%b3-opal\/\"><img loading=\"lazy\" decoding=\"async\" class=\"alignnone wp-image-1300\" src=\"http:\/\/atmosferasmuebles.com\/tienda\/wp-content\/uploads\/sites\/4\/2021\/04\/mesa-de-centro-rectangular-47-opal.jpg\" alt=\"\" width=\"154\" height=\"100\" \/><\/a><\/p>\n","protected":false},"featured_media":117,"comment_status":"closed","ping_status":"closed","template":"","meta":{"_joinchat":[]},"product_brand":[],"product_cat":[19,88,41,40,17,22],"product_tag":[],"accesorios":[],"coleccion":[197],"espacios":[209],"marca":[216],"material":[228,233],"class_list":{"0":"post-116","1":"product","2":"type-product","3":"status-publish","4":"has-post-thumbnail","6":"product_cat-cinta-o-tela-para-exterior","7":"product_cat-coleccion-opal","8":"product_cat-jensen-leisure","9":"product_cat-madera","10":"product_cat-muebles-de-exterior","11":"product_cat-sillones","12":"coleccion-opal","13":"espacios-salas","14":"marca-jensen","15":"material-madera","16":"material-textil","17":"sales-flash-overlay","18":"woocommerce-text-align-center","19":"woocommerce-image-align-center","20":"wc-has-gallery","22":"first","23":"instock","24":"shipping-taxable","25":"purchasable","26":"product-type-simple"},"_links":{"self":[{"href":"https:\/\/atmosferasmuebles.com\/tienda\/wp-json\/wp\/v2\/product\/116","targetHints":{"allow":["GET"]}}],"collection":[{"href":"https:\/\/atmosferasmuebles.com\/tienda\/wp-json\/wp\/v2\/product"}],"about":[{"href":"https:\/\/atmosferasmuebles.com\/tienda\/wp-json\/wp\/v2\/types\/product"}],"replies":[{"embeddable":true,"href":"https:\/\/atmosferasmuebles.com\/tienda\/wp-json\/wp\/v2\/comments?post=116"}],"version-history":[{"count":1,"href":"https:\/\/atmosferasmuebles.com\/tienda\/wp-json\/wp\/v2\/product\/116\/revisions"}],"predecessor-version":[{"id":2877,"href":"https:\/\/atmosferasmuebles.com\/tienda\/wp-json\/wp\/v2\/product\/116\/revisions\/2877"}],"wp:featuredmedia":[{"embeddable":true,"href":"https:\/\/atmosferasmuebles.com\/tienda\/wp-json\/wp\/v2\/media\/117"}],"wp:attachment":[{"href":"https:\/\/atmosferasmuebles.com\/tienda\/wp-json\/wp\/v2\/media?parent=116"}],"wp:term":[{"taxonomy":"product_brand","embeddable":true,"href":"https:\/\/atmosferasmuebles.com\/tienda\/wp-json\/wp\/v2\/product_brand?post=116"},{"taxonomy":"product_cat","embeddable":true,"href":"https:\/\/atmosferasmuebles.com\/tienda\/wp-json\/wp\/v2\/product_cat?post=116"},{"taxonomy":"product_tag","embeddable":true,"href":"https:\/\/atmosferasmuebles.com\/tienda\/wp-json\/wp\/v2\/product_tag?post=116"},{"taxonomy":"accesorios","embeddable":true,"href":"https:\/\/atmosferasmuebles.com\/tienda\/wp-json\/wp\/v2\/accesorios?post=116"},{"taxonomy":"coleccion","embeddable":true,"href":"https:\/\/atmosferasmuebles.com\/tienda\/wp-json\/wp\/v2\/coleccion?post=116"},{"taxonomy":"espacios","embeddable":true,"href":"https:\/\/atmosferasmuebles.com\/tienda\/wp-json\/wp\/v2\/espacios?post=116"},{"taxonomy":"marca","embeddable":true,"href":"https:\/\/atmosferasmuebles.com\/tienda\/wp-json\/wp\/v2\/marca?post=116"},{"taxonomy":"material","embeddable":true,"href":"https:\/\/atmosferasmuebles.com\/tienda\/wp-json\/wp\/v2\/material?post=116"}],"curies":[{"name":"wp","href":"https:\/\/api.w.org\/{rel}","templated":true}]}}